{"id":759,"date":"2016-05-12T17:09:22","date_gmt":"2016-05-12T17:09:22","guid":{"rendered":"http:\/\/powerfit.ee\/?page_id=759"},"modified":"2021-03-04T11:18:56","modified_gmt":"2021-03-04T11:18:56","slug":"ostutingimused","status":"publish","type":"page","link":"https:\/\/powerfit.ee\/et\/ostutingimused\/","title":{"rendered":"Ostutingimused"},"content":{"rendered":"\n<style type=\"text\/css\" data-created_by=\"avia_inline_auto\" id=\"style-css-av-zn4pr-f548ec68987b91a05271ae25fcb7b004\">\n.flex_column.av-zn4pr-f548ec68987b91a05271ae25fcb7b004{\nborder-radius:0px 0px 0px 0px;\npadding:0px 0px 0px 0px;\n}\n<\/style>\n<div  class='flex_column av-zn4pr-f548ec68987b91a05271ae25fcb7b004 av_two_third  avia-builder-el-0  avia-builder-el-no-sibling  first flex_column_div av-zero-column-padding  '     ><p><article  class='iconbox iconbox_left_content av-rt8kf-ef53ecd8d6b90c2818091f27b4adba09  avia-builder-el-1  el_before_av_icon_box  avia-builder-el-first '  itemscope=\"itemscope\" itemtype=\"https:\/\/schema.org\/CreativeWork\" ><div class='iconbox_icon heading-color avia-iconfont avia-font-entypo-fontello' data-av_icon='\ue82a' data-av_iconfont='entypo-fontello'  ><\/div><div class=\"iconbox_content\"><header class=\"entry-content-header\" aria-label=\"Icon: TELLIMISTINGIMUSED\"><h3 class='iconbox_content_title '  itemprop=\"headline\" >TELLIMISTINGIMUSED<\/h3><\/header><div class='iconbox_content_container '  itemprop=\"text\" ><p><strong>ISIKUANDMETE T\u00d6\u00d6TLEMINE<\/strong><\/p>\n<p>E-poe www.powerfit.ee isikuandmete vastutav t\u00f6\u00f6tleja on BESTBODY O\u00dc, registrikood 14755564, telefon +372 58142253 ja e-post bestbodyestonia@gmail.com (edaspidi &#8220;kaupmees&#8221;).<\/p>\n<p><strong>MILLISEID ISIKUANDMEID T\u00d6\u00d6DELDAKSE<\/strong><\/p>\n<p>\u2022 nimi;<br \/>\n\u2022 kontaktinfo, nagu telefoninumber ja e-posti aadress;<br \/>\n\u2022 maksja ja kohaletoimetamise aadress;<br \/>\n\u2022 pangakonto number;<br \/>\n\u2022 kaupade ja teenuste maksumus ja maksetega seotud andmed (ostuajalugu);<br \/>\n\u2022 klienditoe andmed;<br \/>\n\u2022 muu kliendiuuringute ja\/v\u00f5i pakkumistega seotud teave.<\/p>\n<p><strong>MIS EESM\u00c4RGIL ISIKUANDMEID T\u00d6\u00d6DELDAKSE<\/strong><\/p>\n<p>Isikuandmete t\u00f6\u00f6tlemine toimub kliendiga s\u00f5lmitud lepingu t\u00e4itmise eesm\u00e4rgil. Isikuandmete t\u00f6\u00f6tlemine toimub juriidilise kohustuse t\u00e4itmiseks (nt raamatupidamine ja tarbijavaidluste lahendamine).<br \/>\nIsikuandmeid kasutatakse kliendi tellimuste haldamiseks ja kauba kohaletoimetamiseks.<br \/>\nOstuajaloo andmeid (ostukuup\u00e4ev, kaup, kogus, kliendi andmed) kasutatakse ostetud kaupade ja teenuste \u00fclevaate koostamiseks ning kliendieelistuste anal\u00fc\u00fcsimiseks.<br \/>\nPangakonto numbrit kasutatakse kliendile maksete tagastamiseks.<br \/>\nIsikuandmeid nagu e-posti aadress, telefoninumber, kliendi nimi, t\u00f6\u00f6deldakse selleks, et lahendada kaupade ja teenuste osutamise seonduvaid k\u00fcsimusi (klienditugi).<br \/>\nE-poe kasutaja IP-aadressi v\u00f5i teisi v\u00f5rguidentifikaatoreid t\u00f6\u00f6deldakse e-poe kui info\u00fchiskonna teenuse osutamiseks ning veebikasutusstatistika tegemiseks.<br \/>\nISIKUANDMED EDASTAMINE VOLITATUD T\u00d6\u00d6TLEJATELE<br \/>\nKaupmees hoiab kliendi isikuandmeid, mis on talle teatavaks saanud kasutajakonto registreerimise ja kasutamise k\u00e4igus, saladuses ning avaldab neid kolmandatele osapooltele \u00fcksnes kliendi n\u00f5usolekul, v.a. kui andmete avaldamise kohustus v\u00f5i \u00f5igus tuleneb \u00f5igusaktidest. E-poe kasutaja n\u00f5ustub sellega, et kaupmehel on \u00f5igus kliendile sobivate teenuste osutamiseks t\u00f6\u00f6delda tema andmeid, sh edastada kliendi andmeid isikutele, kes on seotud kaupmehe poolt kliendile teenuse osutamisega. Nimekiri volitatud t\u00f6\u00f6tlejatest:<br \/>\nTarnijad &#8211; tellimuste edastamiseks kliendini:<br \/>\n\u2022 DPD<br \/>\n\u2022 Itella<br \/>\n\u2022 Omniva<\/p>\n<p>Maksevahendajad &#8211; tellimuste eest tasumiseks:<br \/>\n\u2022 Paysera<\/p>\n<p>Statistika kogumine &#8211; info kogumine e-poe kasutajakogemuse paremaks muutmise eesm\u00e4rgil:<br \/>\n\u2022 Google Analytics<\/p>\n<p><strong>TURVALISUS JA ANDMETELE LIGIP\u00c4\u00c4S<\/strong><\/p>\n<p>Isikuandmeid hoitakse Zone serverites, mis asuvad Euroopa Liidu liikmesriigi v\u00f5i Euroopa Liidu majanduspiirkonnaga liitunud riikide territooriumil. Andmeid v\u00f5idakse edastada riikidesse, mille andmekaitse taset on Euroopa Komisjon hinnanud piisavaks ning USA ettev\u00f5tetele, kes on liitunud andmekaitse kilbi (Privacy Shield) raamistikuga.<br \/>\nE-pood rakendab asjakohaseid f\u00fc\u00fcsilisi, organisatsioonilisi ja infotehnilisi turvameetmeid, et kaitsta isikuandmeid juhusliku v\u00f5i ebaseadusliku h\u00e4vitamise, kaotsimineku, muutmise v\u00f5i loata juurdep\u00e4\u00e4su ja avalikustamise eest.<br \/>\nIsikuandmete edastamine e-poe volitatud t\u00f6\u00f6tlejatele &#8211; isikuandmete t\u00f6\u00f6tlemine toimub e-poe ja volitatud t\u00f6\u00f6tlejatega s\u00f5lmitud lepingute alusel. Volitatud t\u00f6\u00f6tlejad on kohustatud tagama isikuandmete t\u00f6\u00f6tlemisel asjakohased kaitsemeetmed.<\/p>\n<p><strong>ISIKUANDMETEGA TUTVUMINE JA PARANDAMINE<\/strong><\/p>\n<p>Isikuandmete taotluse saate saata, saates meili aadressile bestbodyestonia@gmail.com<\/p>\n<p><strong>S\u00c4ILITAMINE<\/strong><\/p>\n<p>E-poe kliendikonto sulgemisel kustutatakse isikuandmed, va juhul kui selliseid andmeid on vaja s\u00e4ilitada raamatupidamise jaoks v\u00f5i tarbijavaidluste lahendamiseks.<br \/>\nKui e-poes on ost sooritatud k\u00fclalisena (ilma kasutajakontota), siis s\u00e4ilitatakse isikustatud ostuajalugu 1-aasta.<br \/>\nMaksetega ja tarbijavaidlustega seotud vaidluste korral s\u00e4ilitatakse isikuandmed kuni n\u00f5ude t\u00e4itmiseni v\u00f5i aegumist\u00e4htaja l\u00f5puni (kolm aastat).<br \/>\nRaamatupidamise jaoks vajalikud isikuandmed s\u00e4ilitatakse seitse aastat.<\/p>\n<p><strong>KUSTUTAMINE<\/strong><\/p>\n<p>E-poodi salvestatud isikuandmed koos kasutajakontoga saab kustutada kirjutades oma soovist meilile bestbodyestonia@gmail.com. Muude isikuandmete kustutamise kohta saate p\u00e4ringu esitada e-posti teel.<\/p>\n<p><strong>OTSETURUSTUSTEATED<\/strong><\/p>\n<p>E-posti aadressi ja telefoninumbrit kasutatakse otseturundusteadete saatmiseks, kui klient on andnud vastava n\u00f5usoleku. Kui klient ei soovi saada otseturustusteateid, siis tuleb valida e-kirja p\u00e4ises vastav viide v\u00f5i v\u00f5tta \u00fchendust klienditoega.<br \/>\nKui isikuandmeid t\u00f6\u00f6deldakse otseturunduse eesm\u00e4rgil (profileerimine), on kliendil \u00f5igus oma isikuandmete nii algse kui ka edasise t\u00f6\u00f6tlemise kohta, sealhulgas otseturundusega seotud profiilianal\u00fc\u00fcsi tegemise suhtes, igal ajal vastuv\u00e4iteid esitada teavitades sellest kliendituge e-posti teel.<\/p>\n<p><strong>VAIDLUSTE LAHENDAMINE<\/strong><\/p>\n<p>Isikuandmete t\u00f6\u00f6tlemisega seotud vaidluste lahendamine toimub klienditoe vahendusel. J\u00e4relevalveasutus on Eesti Andmekaitse Inspektsioon (info@aki.ee). Tarbijakaitse komisjon ja ODR platvorm.<\/p>\n<\/div><\/div><footer class=\"entry-footer\"><\/footer><\/article><br \/>\n<article  class='iconbox iconbox_left_content av-lbrh3-bfd591ac463b5be396096ecdc4be977f  avia-builder-el-2  el_after_av_icon_box  el_before_av_icon_box '  itemscope=\"itemscope\" itemtype=\"https:\/\/schema.org\/CreativeWork\" ><div class='iconbox_icon heading-color avia-iconfont avia-font-entypo-fontello' data-av_icon='\ue831' data-av_iconfont='entypo-fontello'  ><\/div><div class=\"iconbox_content\"><header class=\"entry-content-header\" aria-label=\"Icon: Tagastamise Garantii\"><h3 class='iconbox_content_title '  itemprop=\"headline\" >Tagastamise Garantii<\/h3><\/header><div class='iconbox_content_container '  itemprop=\"text\" ><p>Bestbody O\u00dc pakub k\u00f5rge standardi teenuseid, seega toodete tagastamine meile on v\u00e4ga lihtne<\/p>\n<p>\u2022 Toote tagastamisel maksame postikulud Teie eest \u00e4ra<\/p>\n<p>\u2022 Makstud raha Teie tagastatud toote eest saadame Teile tagasi 3 t\u00f6\u00f6p\u00e4eva jooksul, alates p\u00e4evast, mil saime toote k\u00e4tte<\/p>\n<p>\u2022 Toode ei tohi olla avatud ja peab olema oma originaalses pakendis<\/p>\n<\/div><\/div><footer class=\"entry-footer\"><\/footer><\/article><br \/>\n<article  class='iconbox iconbox_left_content av-g4v2v-928a44ce2814cf2c14698c28e1b43fa3  avia-builder-el-3  el_after_av_icon_box  el_before_av_icon_box '  itemscope=\"itemscope\" itemtype=\"https:\/\/schema.org\/CreativeWork\" ><div class='iconbox_icon heading-color avia-iconfont avia-font-entypo-fontello' data-av_icon='\ue8dd' data-av_iconfont='entypo-fontello'  ><\/div><div class=\"iconbox_content\"><header class=\"entry-content-header\" aria-label=\"Icon: Tellimine\"><h3 class='iconbox_content_title '  itemprop=\"headline\" >Tellimine<\/h3><\/header><div class='iconbox_content_container '  itemprop=\"text\" ><p>Tellimuse kinnitamisel v\u00f5ite valida Teile k\u00f5ige sobilikuma maksuviisi<\/p>\n<p>\u2022 Tellimuse k\u00e4ttesaamine igas Omniva, Itella ja DPD postiterminaalis<\/p>\n<\/div><\/div><footer class=\"entry-footer\"><\/footer><\/article><br \/>\n<article  class='iconbox iconbox_left_content av-avipz-f35f81691d1536d9d35a4f606b3532f1  avia-builder-el-4  el_after_av_icon_box  avia-builder-el-last '  itemscope=\"itemscope\" itemtype=\"https:\/\/schema.org\/CreativeWork\" ><div class='iconbox_icon heading-color avia-iconfont avia-font-entypo-fontello' data-av_icon='\ue8cf' data-av_iconfont='entypo-fontello'  ><\/div><div class=\"iconbox_content\"><header class=\"entry-content-header\" aria-label=\"Icon: Maksmine\"><h3 class='iconbox_content_title '  itemprop=\"headline\" >Maksmine<\/h3><\/header><div class='iconbox_content_container '  itemprop=\"text\" ><p>Pakume Teile j\u00e4rgmisi maksmise voimalusi:<\/p>\n<p>\u2022 Paysera makselahendusega<\/p>\n<\/div><\/div><footer class=\"entry-footer\"><\/footer><\/article><\/p><\/div>\n","protected":false},"excerpt":{"rendered":"","protected":false},"author":1,"featured_media":0,"parent":0,"menu_order":0,"comment_status":"closed","ping_status":"closed","template":"","meta":{"footnotes":""},"class_list":["post-759","page","type-page","status-publish","hentry"],"yoast_head":"<!-- This site is optimized with the Yoast SEO plugin v27.4 - https:\/\/yoast.com\/product\/yoast-seo-wordpress\/ -->\n<title>Powerfit.ee e-poe ostutingimused | PowerFit Toidulisandite Pood<\/title>\n<meta name=\"description\" content=\"Ostutingimused. Ostmine Powerfit e-poest on kiire, mugav ja kinde protsessl. V\u00f5ite tutvuda ostutingimustega antud lehel. Head ostud!\" \/>\n<meta name=\"robots\" content=\"index, follow, max-snippet:-1, max-image-preview:large, max-video-preview:-1\" \/>\n<link rel=\"canonical\" href=\"https:\/\/powerfit.ee\/et\/ostutingimused\/\" \/>\n<meta property=\"og:locale\" content=\"et_EE\" \/>\n<meta property=\"og:type\" content=\"article\" \/>\n<meta property=\"og:title\" content=\"Powerfit.ee e-poe ostutingimused | PowerFit Toidulisandite Pood\" \/>\n<meta property=\"og:description\" content=\"Ostutingimused. Ostmine Powerfit e-poest on kiire, mugav ja kinde protsessl. V\u00f5ite tutvuda ostutingimustega antud lehel. Head ostud!\" \/>\n<meta property=\"og:url\" content=\"https:\/\/powerfit.ee\/et\/ostutingimused\/\" \/>\n<meta property=\"og:site_name\" content=\"POWERFIT \u041c\u0430\u0433\u0430\u0437\u0438\u043d \u0421\u043f\u043e\u0440\u0442\u0438\u0432\u043d\u043e\u0433\u043e \u041f\u0438\u0442\u0430\u043d\u0438\u044f\" \/>\n<meta property=\"article:publisher\" content=\"https:\/\/www.facebook.com\/powerfit.ee\/\" \/>\n<meta property=\"article:modified_time\" content=\"2021-03-04T11:18:56+00:00\" \/>\n<meta name=\"twitter:card\" content=\"summary_large_image\" \/>\n<meta name=\"twitter:label1\" content=\"Est. reading time\" \/>\n\t<meta name=\"twitter:data1\" content=\"4 minutit\" \/>\n<script type=\"application\/ld+json\" class=\"yoast-schema-graph\">{\"@context\":\"https:\\\/\\\/schema.org\",\"@graph\":[{\"@type\":\"WebPage\",\"@id\":\"https:\\\/\\\/powerfit.ee\\\/et\\\/ostutingimused\\\/\",\"url\":\"https:\\\/\\\/powerfit.ee\\\/et\\\/ostutingimused\\\/\",\"name\":\"Powerfit.ee e-poe ostutingimused | PowerFit Toidulisandite Pood\",\"isPartOf\":{\"@id\":\"https:\\\/\\\/powerfit.ee\\\/#website\"},\"datePublished\":\"2016-05-12T17:09:22+00:00\",\"dateModified\":\"2021-03-04T11:18:56+00:00\",\"description\":\"Ostutingimused. Ostmine Powerfit e-poest on kiire, mugav ja kinde protsessl. V\u00f5ite tutvuda ostutingimustega antud lehel. Head ostud!\",\"breadcrumb\":{\"@id\":\"https:\\\/\\\/powerfit.ee\\\/et\\\/ostutingimused\\\/#breadcrumb\"},\"inLanguage\":\"et\",\"potentialAction\":[{\"@type\":\"ReadAction\",\"target\":[\"https:\\\/\\\/powerfit.ee\\\/et\\\/ostutingimused\\\/\"]}]},{\"@type\":\"BreadcrumbList\",\"@id\":\"https:\\\/\\\/powerfit.ee\\\/et\\\/ostutingimused\\\/#breadcrumb\",\"itemListElement\":[{\"@type\":\"ListItem\",\"position\":1,\"name\":\"Home\",\"item\":\"https:\\\/\\\/powerfit.ee\\\/et\\\/\"},{\"@type\":\"ListItem\",\"position\":2,\"name\":\"Ostutingimused\"}]},{\"@type\":\"WebSite\",\"@id\":\"https:\\\/\\\/powerfit.ee\\\/#website\",\"url\":\"https:\\\/\\\/powerfit.ee\\\/\",\"name\":\"POWERFIT\",\"description\":\"\u041c\u0430\u0433\u0430\u0437\u0438\u043d \u0441\u043f\u043e\u0440\u0442\u0438\u0432\u043d\u043e\u0433\u043e \u043f\u0438\u0442\u0430\u043d\u0438\u044f \u0432 \u042d\u0441\u0442\u043e\u043d\u0438\u0438.\",\"publisher\":{\"@id\":\"https:\\\/\\\/powerfit.ee\\\/#organization\"},\"potentialAction\":[{\"@type\":\"SearchAction\",\"target\":{\"@type\":\"EntryPoint\",\"urlTemplate\":\"https:\\\/\\\/powerfit.ee\\\/?s={search_term_string}\"},\"query-input\":{\"@type\":\"PropertyValueSpecification\",\"valueRequired\":true,\"valueName\":\"search_term_string\"}}],\"inLanguage\":\"et\"},{\"@type\":\"Organization\",\"@id\":\"https:\\\/\\\/powerfit.ee\\\/#organization\",\"name\":\"BESTBODY O\u00dc\",\"url\":\"https:\\\/\\\/powerfit.ee\\\/\",\"logo\":{\"@type\":\"ImageObject\",\"inLanguage\":\"et\",\"@id\":\"https:\\\/\\\/powerfit.ee\\\/#\\\/schema\\\/logo\\\/image\\\/\",\"url\":\"https:\\\/\\\/powerfit.ee\\\/wp-content\\\/uploads\\\/2021\\\/03\\\/\u0421\u043d\u0438\u043c\u043e\u043a-\u044d\u043a\u0440\u0430\u043d\u0430-2021-03-06-\u0432-15.13.50.png\",\"contentUrl\":\"https:\\\/\\\/powerfit.ee\\\/wp-content\\\/uploads\\\/2021\\\/03\\\/\u0421\u043d\u0438\u043c\u043e\u043a-\u044d\u043a\u0440\u0430\u043d\u0430-2021-03-06-\u0432-15.13.50.png\",\"width\":450,\"height\":188,\"caption\":\"BESTBODY O\u00dc\"},\"image\":{\"@id\":\"https:\\\/\\\/powerfit.ee\\\/#\\\/schema\\\/logo\\\/image\\\/\"},\"sameAs\":[\"https:\\\/\\\/www.facebook.com\\\/powerfit.ee\\\/\",\"https:\\\/\\\/www.instagram.com\\\/powerfit.ee\\\/\"]}]}<\/script>\n<!-- \/ Yoast SEO plugin. -->","yoast_head_json":{"title":"Powerfit.ee e-poe ostutingimused | PowerFit Toidulisandite Pood","description":"Ostutingimused. Ostmine Powerfit e-poest on kiire, mugav ja kinde protsessl. V\u00f5ite tutvuda ostutingimustega antud lehel. Head ostud!","robots":{"index":"index","follow":"follow","max-snippet":"max-snippet:-1","max-image-preview":"max-image-preview:large","max-video-preview":"max-video-preview:-1"},"canonical":"https:\/\/powerfit.ee\/et\/ostutingimused\/","og_locale":"et_EE","og_type":"article","og_title":"Powerfit.ee e-poe ostutingimused | PowerFit Toidulisandite Pood","og_description":"Ostutingimused. Ostmine Powerfit e-poest on kiire, mugav ja kinde protsessl. V\u00f5ite tutvuda ostutingimustega antud lehel. Head ostud!","og_url":"https:\/\/powerfit.ee\/et\/ostutingimused\/","og_site_name":"POWERFIT \u041c\u0430\u0433\u0430\u0437\u0438\u043d \u0421\u043f\u043e\u0440\u0442\u0438\u0432\u043d\u043e\u0433\u043e \u041f\u0438\u0442\u0430\u043d\u0438\u044f","article_publisher":"https:\/\/www.facebook.com\/powerfit.ee\/","article_modified_time":"2021-03-04T11:18:56+00:00","twitter_card":"summary_large_image","twitter_misc":{"Est. reading time":"4 minutit"},"schema":{"@context":"https:\/\/schema.org","@graph":[{"@type":"WebPage","@id":"https:\/\/powerfit.ee\/et\/ostutingimused\/","url":"https:\/\/powerfit.ee\/et\/ostutingimused\/","name":"Powerfit.ee e-poe ostutingimused | PowerFit Toidulisandite Pood","isPartOf":{"@id":"https:\/\/powerfit.ee\/#website"},"datePublished":"2016-05-12T17:09:22+00:00","dateModified":"2021-03-04T11:18:56+00:00","description":"Ostutingimused. Ostmine Powerfit e-poest on kiire, mugav ja kinde protsessl. V\u00f5ite tutvuda ostutingimustega antud lehel. Head ostud!","breadcrumb":{"@id":"https:\/\/powerfit.ee\/et\/ostutingimused\/#breadcrumb"},"inLanguage":"et","potentialAction":[{"@type":"ReadAction","target":["https:\/\/powerfit.ee\/et\/ostutingimused\/"]}]},{"@type":"BreadcrumbList","@id":"https:\/\/powerfit.ee\/et\/ostutingimused\/#breadcrumb","itemListElement":[{"@type":"ListItem","position":1,"name":"Home","item":"https:\/\/powerfit.ee\/et\/"},{"@type":"ListItem","position":2,"name":"Ostutingimused"}]},{"@type":"WebSite","@id":"https:\/\/powerfit.ee\/#website","url":"https:\/\/powerfit.ee\/","name":"POWERFIT","description":"\u041c\u0430\u0433\u0430\u0437\u0438\u043d \u0441\u043f\u043e\u0440\u0442\u0438\u0432\u043d\u043e\u0433\u043e \u043f\u0438\u0442\u0430\u043d\u0438\u044f \u0432 \u042d\u0441\u0442\u043e\u043d\u0438\u0438.","publisher":{"@id":"https:\/\/powerfit.ee\/#organization"},"potentialAction":[{"@type":"SearchAction","target":{"@type":"EntryPoint","urlTemplate":"https:\/\/powerfit.ee\/?s={search_term_string}"},"query-input":{"@type":"PropertyValueSpecification","valueRequired":true,"valueName":"search_term_string"}}],"inLanguage":"et"},{"@type":"Organization","@id":"https:\/\/powerfit.ee\/#organization","name":"BESTBODY O\u00dc","url":"https:\/\/powerfit.ee\/","logo":{"@type":"ImageObject","inLanguage":"et","@id":"https:\/\/powerfit.ee\/#\/schema\/logo\/image\/","url":"https:\/\/powerfit.ee\/wp-content\/uploads\/2021\/03\/\u0421\u043d\u0438\u043c\u043e\u043a-\u044d\u043a\u0440\u0430\u043d\u0430-2021-03-06-\u0432-15.13.50.png","contentUrl":"https:\/\/powerfit.ee\/wp-content\/uploads\/2021\/03\/\u0421\u043d\u0438\u043c\u043e\u043a-\u044d\u043a\u0440\u0430\u043d\u0430-2021-03-06-\u0432-15.13.50.png","width":450,"height":188,"caption":"BESTBODY O\u00dc"},"image":{"@id":"https:\/\/powerfit.ee\/#\/schema\/logo\/image\/"},"sameAs":["https:\/\/www.facebook.com\/powerfit.ee\/","https:\/\/www.instagram.com\/powerfit.ee\/"]}]}},"_links":{"self":[{"href":"https:\/\/powerfit.ee\/et\/wp-json\/wp\/v2\/pages\/759","targetHints":{"allow":["GET"]}}],"collection":[{"href":"https:\/\/powerfit.ee\/et\/wp-json\/wp\/v2\/pages"}],"about":[{"href":"https:\/\/powerfit.ee\/et\/wp-json\/wp\/v2\/types\/page"}],"author":[{"embeddable":true,"href":"https:\/\/powerfit.ee\/et\/wp-json\/wp\/v2\/users\/1"}],"replies":[{"embeddable":true,"href":"https:\/\/powerfit.ee\/et\/wp-json\/wp\/v2\/comments?post=759"}],"version-history":[{"count":40,"href":"https:\/\/powerfit.ee\/et\/wp-json\/wp\/v2\/pages\/759\/revisions"}],"predecessor-version":[{"id":2650,"href":"https:\/\/powerfit.ee\/et\/wp-json\/wp\/v2\/pages\/759\/revisions\/2650"}],"wp:attachment":[{"href":"https:\/\/powerfit.ee\/et\/wp-json\/wp\/v2\/media?parent=759"}],"curies":[{"name":"wp","href":"https:\/\/api.w.org\/{rel}","templated":true}]}}