{"id":76,"date":"2015-03-03T02:10:42","date_gmt":"2015-03-03T02:10:42","guid":{"rendered":"http:\/\/wp\/enfold-shop\/?page_id=76"},"modified":"2021-03-04T11:55:30","modified_gmt":"2021-03-04T11:55:30","slug":"kontaktileht","status":"publish","type":"page","link":"https:\/\/powerfit.ee\/et\/kontaktileht\/","title":{"rendered":"Kontaktileht"},"content":{"rendered":"<div id='av-layout-grid-1'  class='av-layout-grid-container av-51meo-4af2f3c2e7cbcb0b1fec04ad2c720895 entry-content-wrapper main_color av-flex-cells  avia-builder-el-0  avia-builder-el-no-sibling   container_wrap sidebar_right'  >\n\n<style type=\"text\/css\" data-created_by=\"avia_inline_auto\" id=\"style-css-av-4huzk-a8cb90a768daac4b87d0d8d1da2b7f11\">\n.flex_cell.av-4huzk-a8cb90a768daac4b87d0d8d1da2b7f11{\nvertical-align:top;\n}\n.responsive #top #wrap_all .flex_cell.av-4huzk-a8cb90a768daac4b87d0d8d1da2b7f11{\npadding:30px 60px 30px 60px !important;\n}\n<\/style>\n<div class='flex_cell av-4huzk-a8cb90a768daac4b87d0d8d1da2b7f11 av-gridrow-cell av_two_third no_margin  avia-builder-el-1  el_before_av_cell_one_third  avia-builder-el-first  content-align-top'  ><div class='flex_cell_inner'><form action=\"https:\/\/powerfit.ee\/et\/kontaktileht\/\" method=\"post\" data-fields-with-error=\"Found errors in the following field(s):\" class=\"avia_ajax_form av-form-labels-visible   avia-builder-el-2  avia-builder-el-no-sibling   \" data-avia-form-id=\"1\" data-avia-redirect='' ><h3 class=''>POWERFIT Contact Form<\/h3><fieldset><p class='  first_form  form_element form_element_third' id='element_avia_1_1'><label for=\"avia_1_1\">Nimi <abbr class=\"required\" title=\"required\">*<\/abbr><\/label> <input name=\"avia_1_1\" class=\"text_input is_empty\" type=\"text\" id=\"avia_1_1\" value=\"\" \/><\/p><p class='  form_element form_element_third' id='element_avia_2_1'><label for=\"avia_2_1\">E-Mail <abbr class=\"required\" title=\"required\">*<\/abbr><\/label> <input name=\"avia_2_1\" class=\"text_input is_email\" type=\"text\" id=\"avia_2_1\" value=\"\" \/><\/p><p class='  first_form  form_element form_fullwidth av-last-visible-form-element' id='element_avia_3_1'><label for=\"avia_3_1\" class=\"textare_label hidden textare_label_avia_3_1\">S\u00f5num <abbr class=\"required\" title=\"required\">*<\/abbr><\/label><textarea  name=\"avia_3_1\" class=\"text_area is_empty\" cols=\"40\" rows=\"7\" id=\"avia_3_1\" ><\/textarea><\/p><p class=\"hidden\"><input type=\"text\" name=\"avia_4_1\" class=\"hidden \" id=\"avia_4_1\" value=\"\" \/><\/p><p class=\"form_element \"><input type=\"hidden\" value=\"1\" name=\"avia_generated_form1\" \/><input type=\"submit\" value=\"Saada\" class=\"button\"  data-sending-label=\"Sending\"\/><\/p><\/fieldset><\/form><div id=\"ajaxresponse_1\" class=\"ajaxresponse ajaxresponse_1 hidden\"><\/div>\n<\/div><\/div>\n<style type=\"text\/css\" data-created_by=\"avia_inline_auto\" id=\"style-css-av-1bazo-a743fbe6ce00bc080645bb6aa940a794\">\n.flex_cell.av-1bazo-a743fbe6ce00bc080645bb6aa940a794{\nvertical-align:middle;\nbackground-color:#d68cff;\n}\n.responsive #top #wrap_all .flex_cell.av-1bazo-a743fbe6ce00bc080645bb6aa940a794{\npadding:50px 50px 50px 50px !important;\n}\n<\/style>\n<div class='flex_cell av-1bazo-a743fbe6ce00bc080645bb6aa940a794 av-gridrow-cell av_one_third no_margin  avia-builder-el-3  el_after_av_cell_two_third  avia-builder-el-last  content-align-middle'  ><div class='flex_cell_inner'>\n<style type=\"text\/css\" data-created_by=\"avia_inline_auto\" id=\"style-css-av-165f4-aa896a19c945a1148bb50ae26dea0d78\">\n#top .av_textblock_section.av-165f4-aa896a19c945a1148bb50ae26dea0d78 .avia_textblock{\ncolor:#ffffff;\n}\n<\/style>\n<section  class='av_textblock_section av-165f4-aa896a19c945a1148bb50ae26dea0d78 '   itemscope=\"itemscope\" itemtype=\"https:\/\/schema.org\/CreativeWork\" ><div class='avia_textblock av_inherit_color'  itemprop=\"text\" ><p style=\"text-align: left;\"><span class=\"comment-text \">POWERFIT e-pood pakub ostjatele tasuta konsultatsioone spordi toidulisandite valimises. V\u00f5tke meiega \u00fchendust t\u00e4ites kodulehel olev vorm ja saate vastuse teie k\u00fcsimusele kolme t\u00f6\u00f6p\u00e4eva jooksul. <\/span><\/p>\n<p style=\"text-align: left;\"><span class=\"comment-text \">Vaatame l\u00e4bi ka igasugused koost\u00f6\u00f6 pakkumised ja oleme avatud dialoogile.<\/span><\/p>\n<\/div><\/section>\n<\/div><\/div><\/div>\n","protected":false},"excerpt":{"rendered":"","protected":false},"author":1,"featured_media":0,"parent":0,"menu_order":0,"comment_status":"open","ping_status":"open","template":"","meta":{"footnotes":""},"class_list":["post-76","page","type-page","status-publish","hentry"],"yoast_head":"<!-- This site is optimized with the Yoast SEO plugin v27.4 - https:\/\/yoast.com\/product\/yoast-seo-wordpress\/ -->\n<title>Spordi toidulisandite e-poe Powerfit.ee kontaktileht<\/title>\n<meta name=\"description\" content=\"Kontaktileht, kus te voite kergesti votta meiega uhendust ja konsulteerida sobiliku spordi toitumise valikus. Seal leiate ka meie muud andmed.\" \/>\n<meta name=\"robots\" content=\"index, follow, max-snippet:-1, max-image-preview:large, max-video-preview:-1\" \/>\n<link rel=\"canonical\" href=\"https:\/\/powerfit.ee\/et\/kontaktileht\/\" \/>\n<meta property=\"og:locale\" content=\"et_EE\" \/>\n<meta property=\"og:type\" content=\"article\" \/>\n<meta property=\"og:title\" content=\"Spordi toidulisandite e-poe Powerfit.ee kontaktileht\" \/>\n<meta property=\"og:description\" content=\"Kontaktileht, kus te voite kergesti votta meiega uhendust ja konsulteerida sobiliku spordi toitumise valikus. Seal leiate ka meie muud andmed.\" \/>\n<meta property=\"og:url\" content=\"https:\/\/powerfit.ee\/et\/kontaktileht\/\" \/>\n<meta property=\"og:site_name\" content=\"POWERFIT \u041c\u0430\u0433\u0430\u0437\u0438\u043d \u0421\u043f\u043e\u0440\u0442\u0438\u0432\u043d\u043e\u0433\u043e \u041f\u0438\u0442\u0430\u043d\u0438\u044f\" \/>\n<meta property=\"article:publisher\" content=\"https:\/\/www.facebook.com\/powerfit.ee\/\" \/>\n<meta property=\"article:modified_time\" content=\"2021-03-04T11:55:30+00:00\" \/>\n<meta name=\"twitter:card\" content=\"summary_large_image\" \/>\n<meta name=\"twitter:label1\" content=\"Est. reading time\" \/>\n\t<meta name=\"twitter:data1\" content=\"1 minut\" \/>\n<script type=\"application\/ld+json\" class=\"yoast-schema-graph\">{\"@context\":\"https:\\\/\\\/schema.org\",\"@graph\":[{\"@type\":\"WebPage\",\"@id\":\"https:\\\/\\\/powerfit.ee\\\/et\\\/kontaktileht\\\/\",\"url\":\"https:\\\/\\\/powerfit.ee\\\/et\\\/kontaktileht\\\/\",\"name\":\"Spordi toidulisandite e-poe Powerfit.ee kontaktileht\",\"isPartOf\":{\"@id\":\"https:\\\/\\\/powerfit.ee\\\/#website\"},\"datePublished\":\"2015-03-03T02:10:42+00:00\",\"dateModified\":\"2021-03-04T11:55:30+00:00\",\"description\":\"Kontaktileht, kus te voite kergesti votta meiega uhendust ja konsulteerida sobiliku spordi toitumise valikus. Seal leiate ka meie muud andmed.\",\"breadcrumb\":{\"@id\":\"https:\\\/\\\/powerfit.ee\\\/et\\\/kontaktileht\\\/#breadcrumb\"},\"inLanguage\":\"et\",\"potentialAction\":[{\"@type\":\"ReadAction\",\"target\":[\"https:\\\/\\\/powerfit.ee\\\/et\\\/kontaktileht\\\/\"]}]},{\"@type\":\"BreadcrumbList\",\"@id\":\"https:\\\/\\\/powerfit.ee\\\/et\\\/kontaktileht\\\/#breadcrumb\",\"itemListElement\":[{\"@type\":\"ListItem\",\"position\":1,\"name\":\"Home\",\"item\":\"https:\\\/\\\/powerfit.ee\\\/et\\\/\"},{\"@type\":\"ListItem\",\"position\":2,\"name\":\"Kontaktileht\"}]},{\"@type\":\"WebSite\",\"@id\":\"https:\\\/\\\/powerfit.ee\\\/#website\",\"url\":\"https:\\\/\\\/powerfit.ee\\\/\",\"name\":\"POWERFIT\",\"description\":\"\u041c\u0430\u0433\u0430\u0437\u0438\u043d \u0441\u043f\u043e\u0440\u0442\u0438\u0432\u043d\u043e\u0433\u043e \u043f\u0438\u0442\u0430\u043d\u0438\u044f \u0432 \u042d\u0441\u0442\u043e\u043d\u0438\u0438.\",\"publisher\":{\"@id\":\"https:\\\/\\\/powerfit.ee\\\/#organization\"},\"potentialAction\":[{\"@type\":\"SearchAction\",\"target\":{\"@type\":\"EntryPoint\",\"urlTemplate\":\"https:\\\/\\\/powerfit.ee\\\/?s={search_term_string}\"},\"query-input\":{\"@type\":\"PropertyValueSpecification\",\"valueRequired\":true,\"valueName\":\"search_term_string\"}}],\"inLanguage\":\"et\"},{\"@type\":\"Organization\",\"@id\":\"https:\\\/\\\/powerfit.ee\\\/#organization\",\"name\":\"BESTBODY O\u00dc\",\"url\":\"https:\\\/\\\/powerfit.ee\\\/\",\"logo\":{\"@type\":\"ImageObject\",\"inLanguage\":\"et\",\"@id\":\"https:\\\/\\\/powerfit.ee\\\/#\\\/schema\\\/logo\\\/image\\\/\",\"url\":\"https:\\\/\\\/powerfit.ee\\\/wp-content\\\/uploads\\\/2021\\\/03\\\/\u0421\u043d\u0438\u043c\u043e\u043a-\u044d\u043a\u0440\u0430\u043d\u0430-2021-03-06-\u0432-15.13.50.png\",\"contentUrl\":\"https:\\\/\\\/powerfit.ee\\\/wp-content\\\/uploads\\\/2021\\\/03\\\/\u0421\u043d\u0438\u043c\u043e\u043a-\u044d\u043a\u0440\u0430\u043d\u0430-2021-03-06-\u0432-15.13.50.png\",\"width\":450,\"height\":188,\"caption\":\"BESTBODY O\u00dc\"},\"image\":{\"@id\":\"https:\\\/\\\/powerfit.ee\\\/#\\\/schema\\\/logo\\\/image\\\/\"},\"sameAs\":[\"https:\\\/\\\/www.facebook.com\\\/powerfit.ee\\\/\",\"https:\\\/\\\/www.instagram.com\\\/powerfit.ee\\\/\"]}]}<\/script>\n<!-- \/ Yoast SEO plugin. -->","yoast_head_json":{"title":"Spordi toidulisandite e-poe Powerfit.ee kontaktileht","description":"Kontaktileht, kus te voite kergesti votta meiega uhendust ja konsulteerida sobiliku spordi toitumise valikus. Seal leiate ka meie muud andmed.","robots":{"index":"index","follow":"follow","max-snippet":"max-snippet:-1","max-image-preview":"max-image-preview:large","max-video-preview":"max-video-preview:-1"},"canonical":"https:\/\/powerfit.ee\/et\/kontaktileht\/","og_locale":"et_EE","og_type":"article","og_title":"Spordi toidulisandite e-poe Powerfit.ee kontaktileht","og_description":"Kontaktileht, kus te voite kergesti votta meiega uhendust ja konsulteerida sobiliku spordi toitumise valikus. Seal leiate ka meie muud andmed.","og_url":"https:\/\/powerfit.ee\/et\/kontaktileht\/","og_site_name":"POWERFIT \u041c\u0430\u0433\u0430\u0437\u0438\u043d \u0421\u043f\u043e\u0440\u0442\u0438\u0432\u043d\u043e\u0433\u043e \u041f\u0438\u0442\u0430\u043d\u0438\u044f","article_publisher":"https:\/\/www.facebook.com\/powerfit.ee\/","article_modified_time":"2021-03-04T11:55:30+00:00","twitter_card":"summary_large_image","twitter_misc":{"Est. reading time":"1 minut"},"schema":{"@context":"https:\/\/schema.org","@graph":[{"@type":"WebPage","@id":"https:\/\/powerfit.ee\/et\/kontaktileht\/","url":"https:\/\/powerfit.ee\/et\/kontaktileht\/","name":"Spordi toidulisandite e-poe Powerfit.ee kontaktileht","isPartOf":{"@id":"https:\/\/powerfit.ee\/#website"},"datePublished":"2015-03-03T02:10:42+00:00","dateModified":"2021-03-04T11:55:30+00:00","description":"Kontaktileht, kus te voite kergesti votta meiega uhendust ja konsulteerida sobiliku spordi toitumise valikus. Seal leiate ka meie muud andmed.","breadcrumb":{"@id":"https:\/\/powerfit.ee\/et\/kontaktileht\/#breadcrumb"},"inLanguage":"et","potentialAction":[{"@type":"ReadAction","target":["https:\/\/powerfit.ee\/et\/kontaktileht\/"]}]},{"@type":"BreadcrumbList","@id":"https:\/\/powerfit.ee\/et\/kontaktileht\/#breadcrumb","itemListElement":[{"@type":"ListItem","position":1,"name":"Home","item":"https:\/\/powerfit.ee\/et\/"},{"@type":"ListItem","position":2,"name":"Kontaktileht"}]},{"@type":"WebSite","@id":"https:\/\/powerfit.ee\/#website","url":"https:\/\/powerfit.ee\/","name":"POWERFIT","description":"\u041c\u0430\u0433\u0430\u0437\u0438\u043d \u0441\u043f\u043e\u0440\u0442\u0438\u0432\u043d\u043e\u0433\u043e \u043f\u0438\u0442\u0430\u043d\u0438\u044f \u0432 \u042d\u0441\u0442\u043e\u043d\u0438\u0438.","publisher":{"@id":"https:\/\/powerfit.ee\/#organization"},"potentialAction":[{"@type":"SearchAction","target":{"@type":"EntryPoint","urlTemplate":"https:\/\/powerfit.ee\/?s={search_term_string}"},"query-input":{"@type":"PropertyValueSpecification","valueRequired":true,"valueName":"search_term_string"}}],"inLanguage":"et"},{"@type":"Organization","@id":"https:\/\/powerfit.ee\/#organization","name":"BESTBODY O\u00dc","url":"https:\/\/powerfit.ee\/","logo":{"@type":"ImageObject","inLanguage":"et","@id":"https:\/\/powerfit.ee\/#\/schema\/logo\/image\/","url":"https:\/\/powerfit.ee\/wp-content\/uploads\/2021\/03\/\u0421\u043d\u0438\u043c\u043e\u043a-\u044d\u043a\u0440\u0430\u043d\u0430-2021-03-06-\u0432-15.13.50.png","contentUrl":"https:\/\/powerfit.ee\/wp-content\/uploads\/2021\/03\/\u0421\u043d\u0438\u043c\u043e\u043a-\u044d\u043a\u0440\u0430\u043d\u0430-2021-03-06-\u0432-15.13.50.png","width":450,"height":188,"caption":"BESTBODY O\u00dc"},"image":{"@id":"https:\/\/powerfit.ee\/#\/schema\/logo\/image\/"},"sameAs":["https:\/\/www.facebook.com\/powerfit.ee\/","https:\/\/www.instagram.com\/powerfit.ee\/"]}]}},"_links":{"self":[{"href":"https:\/\/powerfit.ee\/et\/wp-json\/wp\/v2\/pages\/76","targetHints":{"allow":["GET"]}}],"collection":[{"href":"https:\/\/powerfit.ee\/et\/wp-json\/wp\/v2\/pages"}],"about":[{"href":"https:\/\/powerfit.ee\/et\/wp-json\/wp\/v2\/types\/page"}],"author":[{"embeddable":true,"href":"https:\/\/powerfit.ee\/et\/wp-json\/wp\/v2\/users\/1"}],"replies":[{"embeddable":true,"href":"https:\/\/powerfit.ee\/et\/wp-json\/wp\/v2\/comments?post=76"}],"version-history":[{"count":34,"href":"https:\/\/powerfit.ee\/et\/wp-json\/wp\/v2\/pages\/76\/revisions"}],"predecessor-version":[{"id":2684,"href":"https:\/\/powerfit.ee\/et\/wp-json\/wp\/v2\/pages\/76\/revisions\/2684"}],"wp:attachment":[{"href":"https:\/\/powerfit.ee\/et\/wp-json\/wp\/v2\/media?parent=76"}],"curies":[{"name":"wp","href":"https:\/\/api.w.org\/{rel}","templated":true}]}}