{"id":2419,"date":"2021-03-03T12:16:10","date_gmt":"2021-03-03T12:16:10","guid":{"rendered":"https:\/\/powerfit.ee\/?post_type=product&#038;p=2419"},"modified":"2025-03-01T13:33:09","modified_gmt":"2025-03-01T13:33:09","slug":"l-glutamine-500","status":"publish","type":"product","link":"https:\/\/powerfit.ee\/et\/toode\/l-glutamine-500\/","title":{"rendered":"L-Glutamine 500g"},"content":{"rendered":"","protected":false},"excerpt":{"rendered":"<h2><\/h2>\n<h2>MIKRONISEERITUD<\/h2>\n<div id=\"product_blocks_description_contents\" class=\"product-blocks-content\">\n<div class=\"box-collateral\">\n<div class=\"std\">\n<h2>500g | 100 portsjonit<\/h2>\n<\/div>\n<div>Glutamiin on lihaskiudude taastamiseks \u00fcks olulisemaid aminohappeid. Treeningu ajal h\u00e4vib lihaskoe ja glutamiin on see, mis teid kiiresti taastab. Parim taastumine t\u00e4hendab parimaid treeninguid, mis t\u00e4hendab parimaid tulemusi.<\/div>\n<\/div>\n<\/div>\n<h2><\/h2>\n<h1><\/h1>\n<p>&nbsp;<\/p>\n<div id=\"product_blocks_description_contents\" class=\"product-blocks-content\">\n<div class=\"box-collateral\">\n<div class=\"std\">\n<h3>FUNKTSIOONID<\/h3>\n<ul>\n<li>1. Puhas pulbriline glutamiin<br \/>\n2. Maailma parim lihaste taastaja<br \/>\n3. Asendamatu aminohape<br \/>\n4. Sertifitseeritud rakendatud toitumise poolt<\/li>\n<\/ul>\n<h2><\/h2>\n<h3>KUIDAS KASUTADA?<\/h3>\n<\/div>\n<div>Sega 1 tl v\u00f5i k\u00fchvel (5g) vee v\u00f5i mahlaga. Joo soovitatavalt p\u00e4rast treeningut ja enne magamaminekut.<\/div>\n<\/div>\n<\/div>\n<h2><\/h2>\n<div id=\"product_blocks_nutrition_contents\" class=\"product-blocks-content\">\n<div class=\"box-collateral\">\n<div class=\"std\">\n<h3>LISAINFORMATSIOON<\/h3>\n<p><strong>Portsjoni suurus:<\/strong> 1 teelusikat\u00e4is (5 g)<br \/>\n<strong>Portsjonid konteineri kohta:<\/strong> 100<\/p>\n<h2><\/h2>\n<div class=\"std\">\n<h3>T\u00c4HELEPANU<\/h3>\n<\/div>\n<p>P\u00f6\u00f6rduge spetsialisti poole, kui olete alla 18-aastane, rase v\u00f5i olete hiljuti s\u00fcnnitanud v\u00f5i kui teil on mitmesuguseid allergiaid. Hoidke seda jahedas, kuivas ja lastele k\u00e4ttesaamatus kohas.<\/p>\n<h2><\/h2>\n<div class=\"std\">\n<h3>KONTROLLITUD SPORTLASED<\/h3>\n<\/div>\n<p>See toode on testitud ja sertifitseeritud ning on l\u00e4binud k\u00f5ik kvaliteedikontrolli etapid, et tagada sportimiseks k\u00f5rgeim j\u00f5udlus ja ohutus.<\/p>\n<\/div>\n<\/div>\n<\/div>\n","protected":false},"featured_media":2470,"template":"","meta":[],"product_brand":[],"product_cat":[161],"product_tag":[],"class_list":{"0":"post-2419","1":"product","2":"type-product","3":"status-publish","4":"has-post-thumbnail","6":"product_cat-taastumine","8":"first","9":"outofstock","10":"shipping-taxable","11":"purchasable","12":"product-type-simple"},"yoast_head":"<!-- This site is optimized with the Yoast SEO plugin v27.4 - https:\/\/yoast.com\/product\/yoast-seo-wordpress\/ -->\n<title>L-Glutamine 500g - POWERFIT \u041c\u0430\u0433\u0430\u0437\u0438\u043d \u0421\u043f\u043e\u0440\u0442\u0438\u0432\u043d\u043e\u0433\u043e \u041f\u0438\u0442\u0430\u043d\u0438\u044f<\/title>\n<meta name=\"robots\" content=\"index, follow, max-snippet:-1, max-image-preview:large, max-video-preview:-1\" \/>\n<link rel=\"canonical\" href=\"https:\/\/powerfit.ee\/toode\/l-glutamine-500\/\" \/>\n<meta property=\"og:locale\" content=\"et_EE\" \/>\n<meta property=\"og:type\" content=\"article\" \/>\n<meta property=\"og:title\" content=\"L-Glutamine 500g - POWERFIT \u041c\u0430\u0433\u0430\u0437\u0438\u043d \u0421\u043f\u043e\u0440\u0442\u0438\u0432\u043d\u043e\u0433\u043e \u041f\u0438\u0442\u0430\u043d\u0438\u044f\" \/>\n<meta property=\"og:description\" content=\"MIKRONISEERITUD    500g | 100 portsjonit  Glutamiin on lihaskiudude taastamiseks \u00fcks olulisemaid aminohappeid. Treeningu ajal h\u00e4vib lihaskoe ja glutamiin on see, mis teid kiiresti taastab. Parim taastumine t\u00e4hendab parimaid treeninguid, mis t\u00e4hendab parimaid tulemusi.     &nbsp;    FUNKTSIOONID   1. Puhas pulbriline glutamiin 2. Maailma parim lihaste taastaja 3. Asendamatu aminohape 4. Sertifitseeritud rakendatud toitumise poolt   KUIDAS KASUTADA?  Sega 1 tl v\u00f5i k\u00fchvel (5g) vee v\u00f5i mahlaga. Joo soovitatavalt p\u00e4rast treeningut ja enne magamaminekut.       LISAINFORMATSIOON Portsjoni suurus: 1 teelusikat\u00e4is (5 g) Portsjonid konteineri kohta: 100   T\u00c4HELEPANU  P\u00f6\u00f6rduge spetsialisti poole, kui olete alla 18-aastane, rase v\u00f5i olete hiljuti s\u00fcnnitanud v\u00f5i kui teil on mitmesuguseid allergiaid. Hoidke seda jahedas, kuivas ja lastele k\u00e4ttesaamatus kohas.   KONTROLLITUD SPORTLASED  See toode on testitud ja sertifitseeritud ning on l\u00e4binud k\u00f5ik kvaliteedikontrolli etapid, et tagada sportimiseks k\u00f5rgeim j\u00f5udlus ja ohutus.\" \/>\n<meta property=\"og:url\" content=\"https:\/\/powerfit.ee\/toode\/l-glutamine-500\/\" \/>\n<meta property=\"og:site_name\" content=\"POWERFIT \u041c\u0430\u0433\u0430\u0437\u0438\u043d \u0421\u043f\u043e\u0440\u0442\u0438\u0432\u043d\u043e\u0433\u043e \u041f\u0438\u0442\u0430\u043d\u0438\u044f\" \/>\n<meta property=\"article:publisher\" content=\"https:\/\/www.facebook.com\/powerfit.ee\/\" \/>\n<meta property=\"article:modified_time\" content=\"2025-03-01T13:33:09+00:00\" \/>\n<meta property=\"og:image\" content=\"https:\/\/powerfit.ee\/wp-content\/uploads\/2021\/03\/gluta.png\" \/>\n\t<meta property=\"og:image:width\" content=\"1000\" \/>\n\t<meta property=\"og:image:height\" content=\"1000\" \/>\n\t<meta property=\"og:image:type\" content=\"image\/jpeg\" \/>\n<meta name=\"twitter:card\" content=\"summary_large_image\" \/>\n<script type=\"application\/ld+json\" class=\"yoast-schema-graph\">{\"@context\":\"https:\\\/\\\/schema.org\",\"@graph\":[{\"@type\":\"WebPage\",\"@id\":\"https:\\\/\\\/powerfit.ee\\\/toode\\\/l-glutamine-500\\\/\",\"url\":\"https:\\\/\\\/powerfit.ee\\\/toode\\\/l-glutamine-500\\\/\",\"name\":\"L-Glutamine 500g - POWERFIT \u041c\u0430\u0433\u0430\u0437\u0438\u043d \u0421\u043f\u043e\u0440\u0442\u0438\u0432\u043d\u043e\u0433\u043e \u041f\u0438\u0442\u0430\u043d\u0438\u044f\",\"isPartOf\":{\"@id\":\"https:\\\/\\\/powerfit.ee\\\/#website\"},\"primaryImageOfPage\":{\"@id\":\"https:\\\/\\\/powerfit.ee\\\/toode\\\/l-glutamine-500\\\/#primaryimage\"},\"image\":{\"@id\":\"https:\\\/\\\/powerfit.ee\\\/toode\\\/l-glutamine-500\\\/#primaryimage\"},\"thumbnailUrl\":\"https:\\\/\\\/powerfit.ee\\\/wp-content\\\/uploads\\\/2021\\\/03\\\/gluta.png\",\"datePublished\":\"2021-03-03T12:16:10+00:00\",\"dateModified\":\"2025-03-01T13:33:09+00:00\",\"breadcrumb\":{\"@id\":\"https:\\\/\\\/powerfit.ee\\\/toode\\\/l-glutamine-500\\\/#breadcrumb\"},\"inLanguage\":\"et\",\"potentialAction\":[{\"@type\":\"ReadAction\",\"target\":[\"https:\\\/\\\/powerfit.ee\\\/toode\\\/l-glutamine-500\\\/\"]}]},{\"@type\":\"ImageObject\",\"inLanguage\":\"et\",\"@id\":\"https:\\\/\\\/powerfit.ee\\\/toode\\\/l-glutamine-500\\\/#primaryimage\",\"url\":\"https:\\\/\\\/powerfit.ee\\\/wp-content\\\/uploads\\\/2021\\\/03\\\/gluta.png\",\"contentUrl\":\"https:\\\/\\\/powerfit.ee\\\/wp-content\\\/uploads\\\/2021\\\/03\\\/gluta.png\",\"width\":1000,\"height\":1000},{\"@type\":\"BreadcrumbList\",\"@id\":\"https:\\\/\\\/powerfit.ee\\\/toode\\\/l-glutamine-500\\\/#breadcrumb\",\"itemListElement\":[{\"@type\":\"ListItem\",\"position\":1,\"name\":\"Home\",\"item\":\"https:\\\/\\\/powerfit.ee\\\/et\\\/\"},{\"@type\":\"ListItem\",\"position\":2,\"name\":\"\u0412\u0438\u0442\u0440\u0438\u043d\u0430\",\"item\":\"https:\\\/\\\/powerfit.ee\\\/shop\\\/\"},{\"@type\":\"ListItem\",\"position\":3,\"name\":\"L-Glutamine 500g\"}]},{\"@type\":\"WebSite\",\"@id\":\"https:\\\/\\\/powerfit.ee\\\/#website\",\"url\":\"https:\\\/\\\/powerfit.ee\\\/\",\"name\":\"POWERFIT\",\"description\":\"\u041c\u0430\u0433\u0430\u0437\u0438\u043d \u0441\u043f\u043e\u0440\u0442\u0438\u0432\u043d\u043e\u0433\u043e \u043f\u0438\u0442\u0430\u043d\u0438\u044f \u0432 \u042d\u0441\u0442\u043e\u043d\u0438\u0438.\",\"publisher\":{\"@id\":\"https:\\\/\\\/powerfit.ee\\\/#organization\"},\"potentialAction\":[{\"@type\":\"SearchAction\",\"target\":{\"@type\":\"EntryPoint\",\"urlTemplate\":\"https:\\\/\\\/powerfit.ee\\\/?s={search_term_string}\"},\"query-input\":{\"@type\":\"PropertyValueSpecification\",\"valueRequired\":true,\"valueName\":\"search_term_string\"}}],\"inLanguage\":\"et\"},{\"@type\":\"Organization\",\"@id\":\"https:\\\/\\\/powerfit.ee\\\/#organization\",\"name\":\"BESTBODY O\u00dc\",\"url\":\"https:\\\/\\\/powerfit.ee\\\/\",\"logo\":{\"@type\":\"ImageObject\",\"inLanguage\":\"et\",\"@id\":\"https:\\\/\\\/powerfit.ee\\\/#\\\/schema\\\/logo\\\/image\\\/\",\"url\":\"https:\\\/\\\/powerfit.ee\\\/wp-content\\\/uploads\\\/2021\\\/03\\\/\u0421\u043d\u0438\u043c\u043e\u043a-\u044d\u043a\u0440\u0430\u043d\u0430-2021-03-06-\u0432-15.13.50.png\",\"contentUrl\":\"https:\\\/\\\/powerfit.ee\\\/wp-content\\\/uploads\\\/2021\\\/03\\\/\u0421\u043d\u0438\u043c\u043e\u043a-\u044d\u043a\u0440\u0430\u043d\u0430-2021-03-06-\u0432-15.13.50.png\",\"width\":450,\"height\":188,\"caption\":\"BESTBODY O\u00dc\"},\"image\":{\"@id\":\"https:\\\/\\\/powerfit.ee\\\/#\\\/schema\\\/logo\\\/image\\\/\"},\"sameAs\":[\"https:\\\/\\\/www.facebook.com\\\/powerfit.ee\\\/\",\"https:\\\/\\\/www.instagram.com\\\/powerfit.ee\\\/\"]}]}<\/script>\n<!-- \/ Yoast SEO plugin. -->","yoast_head_json":{"title":"L-Glutamine 500g - POWERFIT \u041c\u0430\u0433\u0430\u0437\u0438\u043d \u0421\u043f\u043e\u0440\u0442\u0438\u0432\u043d\u043e\u0433\u043e \u041f\u0438\u0442\u0430\u043d\u0438\u044f","robots":{"index":"index","follow":"follow","max-snippet":"max-snippet:-1","max-image-preview":"max-image-preview:large","max-video-preview":"max-video-preview:-1"},"canonical":"https:\/\/powerfit.ee\/toode\/l-glutamine-500\/","og_locale":"et_EE","og_type":"article","og_title":"L-Glutamine 500g - POWERFIT \u041c\u0430\u0433\u0430\u0437\u0438\u043d \u0421\u043f\u043e\u0440\u0442\u0438\u0432\u043d\u043e\u0433\u043e \u041f\u0438\u0442\u0430\u043d\u0438\u044f","og_description":"MIKRONISEERITUD    500g | 100 portsjonit  Glutamiin on lihaskiudude taastamiseks \u00fcks olulisemaid aminohappeid. Treeningu ajal h\u00e4vib lihaskoe ja glutamiin on see, mis teid kiiresti taastab. Parim taastumine t\u00e4hendab parimaid treeninguid, mis t\u00e4hendab parimaid tulemusi.     &nbsp;    FUNKTSIOONID   1. Puhas pulbriline glutamiin 2. Maailma parim lihaste taastaja 3. Asendamatu aminohape 4. Sertifitseeritud rakendatud toitumise poolt   KUIDAS KASUTADA?  Sega 1 tl v\u00f5i k\u00fchvel (5g) vee v\u00f5i mahlaga. Joo soovitatavalt p\u00e4rast treeningut ja enne magamaminekut.       LISAINFORMATSIOON Portsjoni suurus: 1 teelusikat\u00e4is (5 g) Portsjonid konteineri kohta: 100   T\u00c4HELEPANU  P\u00f6\u00f6rduge spetsialisti poole, kui olete alla 18-aastane, rase v\u00f5i olete hiljuti s\u00fcnnitanud v\u00f5i kui teil on mitmesuguseid allergiaid. Hoidke seda jahedas, kuivas ja lastele k\u00e4ttesaamatus kohas.   KONTROLLITUD SPORTLASED  See toode on testitud ja sertifitseeritud ning on l\u00e4binud k\u00f5ik kvaliteedikontrolli etapid, et tagada sportimiseks k\u00f5rgeim j\u00f5udlus ja ohutus.","og_url":"https:\/\/powerfit.ee\/toode\/l-glutamine-500\/","og_site_name":"POWERFIT \u041c\u0430\u0433\u0430\u0437\u0438\u043d \u0421\u043f\u043e\u0440\u0442\u0438\u0432\u043d\u043e\u0433\u043e \u041f\u0438\u0442\u0430\u043d\u0438\u044f","article_publisher":"https:\/\/www.facebook.com\/powerfit.ee\/","article_modified_time":"2025-03-01T13:33:09+00:00","og_image":[{"width":1000,"height":1000,"url":"https:\/\/powerfit.ee\/wp-content\/uploads\/2021\/03\/gluta.png","type":"image\/jpeg"}],"twitter_card":"summary_large_image","schema":{"@context":"https:\/\/schema.org","@graph":[{"@type":"WebPage","@id":"https:\/\/powerfit.ee\/toode\/l-glutamine-500\/","url":"https:\/\/powerfit.ee\/toode\/l-glutamine-500\/","name":"L-Glutamine 500g - POWERFIT \u041c\u0430\u0433\u0430\u0437\u0438\u043d \u0421\u043f\u043e\u0440\u0442\u0438\u0432\u043d\u043e\u0433\u043e \u041f\u0438\u0442\u0430\u043d\u0438\u044f","isPartOf":{"@id":"https:\/\/powerfit.ee\/#website"},"primaryImageOfPage":{"@id":"https:\/\/powerfit.ee\/toode\/l-glutamine-500\/#primaryimage"},"image":{"@id":"https:\/\/powerfit.ee\/toode\/l-glutamine-500\/#primaryimage"},"thumbnailUrl":"https:\/\/powerfit.ee\/wp-content\/uploads\/2021\/03\/gluta.png","datePublished":"2021-03-03T12:16:10+00:00","dateModified":"2025-03-01T13:33:09+00:00","breadcrumb":{"@id":"https:\/\/powerfit.ee\/toode\/l-glutamine-500\/#breadcrumb"},"inLanguage":"et","potentialAction":[{"@type":"ReadAction","target":["https:\/\/powerfit.ee\/toode\/l-glutamine-500\/"]}]},{"@type":"ImageObject","inLanguage":"et","@id":"https:\/\/powerfit.ee\/toode\/l-glutamine-500\/#primaryimage","url":"https:\/\/powerfit.ee\/wp-content\/uploads\/2021\/03\/gluta.png","contentUrl":"https:\/\/powerfit.ee\/wp-content\/uploads\/2021\/03\/gluta.png","width":1000,"height":1000},{"@type":"BreadcrumbList","@id":"https:\/\/powerfit.ee\/toode\/l-glutamine-500\/#breadcrumb","itemListElement":[{"@type":"ListItem","position":1,"name":"Home","item":"https:\/\/powerfit.ee\/et\/"},{"@type":"ListItem","position":2,"name":"\u0412\u0438\u0442\u0440\u0438\u043d\u0430","item":"https:\/\/powerfit.ee\/shop\/"},{"@type":"ListItem","position":3,"name":"L-Glutamine 500g"}]},{"@type":"WebSite","@id":"https:\/\/powerfit.ee\/#website","url":"https:\/\/powerfit.ee\/","name":"POWERFIT","description":"\u041c\u0430\u0433\u0430\u0437\u0438\u043d \u0441\u043f\u043e\u0440\u0442\u0438\u0432\u043d\u043e\u0433\u043e \u043f\u0438\u0442\u0430\u043d\u0438\u044f \u0432 \u042d\u0441\u0442\u043e\u043d\u0438\u0438.","publisher":{"@id":"https:\/\/powerfit.ee\/#organization"},"potentialAction":[{"@type":"SearchAction","target":{"@type":"EntryPoint","urlTemplate":"https:\/\/powerfit.ee\/?s={search_term_string}"},"query-input":{"@type":"PropertyValueSpecification","valueRequired":true,"valueName":"search_term_string"}}],"inLanguage":"et"},{"@type":"Organization","@id":"https:\/\/powerfit.ee\/#organization","name":"BESTBODY O\u00dc","url":"https:\/\/powerfit.ee\/","logo":{"@type":"ImageObject","inLanguage":"et","@id":"https:\/\/powerfit.ee\/#\/schema\/logo\/image\/","url":"https:\/\/powerfit.ee\/wp-content\/uploads\/2021\/03\/\u0421\u043d\u0438\u043c\u043e\u043a-\u044d\u043a\u0440\u0430\u043d\u0430-2021-03-06-\u0432-15.13.50.png","contentUrl":"https:\/\/powerfit.ee\/wp-content\/uploads\/2021\/03\/\u0421\u043d\u0438\u043c\u043e\u043a-\u044d\u043a\u0440\u0430\u043d\u0430-2021-03-06-\u0432-15.13.50.png","width":450,"height":188,"caption":"BESTBODY O\u00dc"},"image":{"@id":"https:\/\/powerfit.ee\/#\/schema\/logo\/image\/"},"sameAs":["https:\/\/www.facebook.com\/powerfit.ee\/","https:\/\/www.instagram.com\/powerfit.ee\/"]}]}},"_links":{"self":[{"href":"https:\/\/powerfit.ee\/et\/wp-json\/wp\/v2\/product\/2419","targetHints":{"allow":["GET"]}}],"collection":[{"href":"https:\/\/powerfit.ee\/et\/wp-json\/wp\/v2\/product"}],"about":[{"href":"https:\/\/powerfit.ee\/et\/wp-json\/wp\/v2\/types\/product"}],"wp:featuredmedia":[{"embeddable":true,"href":"https:\/\/powerfit.ee\/et\/wp-json\/wp\/v2\/media\/2470"}],"wp:attachment":[{"href":"https:\/\/powerfit.ee\/et\/wp-json\/wp\/v2\/media?parent=2419"}],"wp:term":[{"taxonomy":"product_brand","embeddable":true,"href":"https:\/\/powerfit.ee\/et\/wp-json\/wp\/v2\/product_brand?post=2419"},{"taxonomy":"product_cat","embeddable":true,"href":"https:\/\/powerfit.ee\/et\/wp-json\/wp\/v2\/product_cat?post=2419"},{"taxonomy":"product_tag","embeddable":true,"href":"https:\/\/powerfit.ee\/et\/wp-json\/wp\/v2\/product_tag?post=2419"}],"curies":[{"name":"wp","href":"https:\/\/api.w.org\/{rel}","templated":true}]}}