{"id":2463,"date":"2021-03-03T15:30:16","date_gmt":"2021-03-03T15:30:17","guid":{"rendered":"https:\/\/powerfit.ee\/?post_type=product&#038;p=2463"},"modified":"2024-03-01T12:27:19","modified_gmt":"2024-03-01T12:27:19","slug":"tri-omega","status":"publish","type":"product","link":"https:\/\/powerfit.ee\/et\/toode\/tri-omega\/","title":{"rendered":"TRI-OMEGA 3-6-9"},"content":{"rendered":"","protected":false},"excerpt":{"rendered":"<div class=\"woocommerce-product-details__short-description\">\n<h2><\/h2>\n<\/div>\n<h2><\/h2>\n<h2><\/h2>\n<div class=\"woocommerce-product-details__short-description\">\n<h2>100 kapslit | 100 portsjonit<\/h2>\n<div id=\"product_blocks_description_contents\" class=\"product-blocks-content\">\n<div class=\"box-collateral\">\n<div class=\"std\">\n<p>Omega 3-6-9 sisaldab kala- ja taime\u00f5lisid, mis sobivad ideaalselt kehakaalu langetamiseks. Pol\u00fck\u00fcllastumata rasvad aitavad kaalust alla v\u00f5tta kiiremini, nagu \u00f6eldakse &#8211; rasv visatakse rasvaga v\u00e4lja. Ja see on vaid \u00fcks sadadest omega-rasvade kasulikest funktsioonidest. Need parandavad k\u00f5ike alates naha kvaliteedist kuni s\u00fcdamefunktsioonini. Seda toodet soovitatakse k\u00f5igile, see on oluline t\u00e4iendus.<\/p>\n<\/div>\n<\/div>\n<\/div>\n<p>&nbsp;<\/p>\n<div id=\"product_blocks_description_contents\" class=\"product-blocks-content\">\n<div class=\"box-collateral\">\n<div class=\"std\">\n<h3>KUIDAS KASUTADA?<\/h3>\n<p>1 kapsel, p\u00e4rast s\u00f6\u00f6ki. Maksimaalse efekti saavutamiseks 2-3 kapslit p\u00e4evas.<\/p>\n<h2><\/h2>\n<\/div>\n<\/div>\n<\/div>\n<div id=\"product_blocks_nutrition_contents\" class=\"product-blocks-content\">\n<div class=\"box-collateral\">\n<div class=\"std\">\n<h3>LISAINFORMATSIOON<\/h3>\n<p><strong>Portsjoni suurus:<\/strong> 1 kapsel<\/p>\n<p><strong>Portsjonid konteineri kohta:<\/strong> 100<\/p>\n<p><strong>Applied Nutrition. Tri-Omega 3-6-9. 100 geelkaplsid. Toidulisand. Koostisosade loetelu (allergiat v\u00f5i talumatust p\u00f5hjustav koostisosa v\u00f5i abiaine m\u00e4rgitud TR\u00dcKIT\u00c4HTEDES). Koostisosad: Omega 3 KALA\u00d5LI (Eikosapentaeenhape 18%), Dokosaheksaeenhape 12%), Linaseemne\u00f5li (ALA 50%), P\u00e4evalille\u00f5li, Taimne \u017eelatiinist pehmekapsel, Taimne gl\u00fctseriin, Puhastatud vesi, Antioks\u00fcdant (E-vitamiin). Sisaldus p\u00e4evase annuse kohta: 1 annus (1 geelkapsel) sisaldab: Omega 3-6-9 rasvhapped 990 mg, Kala\u00f5li 400 mg, Linaseemne\u00f5li (ALA 50%) 300 mg, P\u00e4evalille\u00f5li 290 mg, Vitamiin E 10 mg a-TE (83% NRV-st). *NRV \u2013 p\u00e4evased v\u00f5rdluskogused t\u00e4iskasvanutel. Annustamine: Kasutage 1 pehmet geelkapslit kuni 1 kord p\u00e4evas, eelistatavalt koos toiduga. Hoiatused: Mitte \u00fcletada p\u00e4evaseks tarbimiseks soovitatavat kogust! Mitte kasutada toidulisandit mitmekesise toitumise asendajana! Oluline on mitmek\u00fclgne ja tasakaalustatud toitumine ja tervislik elustiil. Hoida lastele k\u00e4ttesaamatus kohas! S\u00e4ilitamistingimused: Hoida jahedas ja kuivas kohas. Netokogus: 100 geelkapslit (100 portsjonit). Parim enne: vaata pakendilt.<\/strong><\/p>\n<h2><\/h2>\n<\/div>\n<\/div>\n<\/div>\n<div class=\"std\">\n<h3>T\u00c4HELEPANU<\/h3>\n<\/div>\n<p>P\u00f6\u00f6rduge spetsialisti poole, kui olete alla 18-aastane, rase v\u00f5i olete hiljuti s\u00fcnnitanud v\u00f5i kui teil on mitmesuguseid allergiaid. Hoidke seda jahedas, kuivas ja lastele k\u00e4ttesaamatus kohas.<\/p>\n<p>&nbsp;<\/p>\n<div class=\"std\">\n<h3>KONTROLLITUD SPORTLASED<\/h3>\n<\/div>\n<p>See toode on testitud ja sertifitseeritud ning on l\u00e4binud k\u00f5ik kvaliteedikontrolli etapid, et tagada sportimiseks k\u00f5rgeim j\u00f5udlus ja ohutus.<\/p>\n<\/div>\n","protected":false},"featured_media":2465,"template":"","meta":[],"product_brand":[],"product_cat":[160],"product_tag":[],"class_list":{"0":"post-2463","1":"product","2":"type-product","3":"status-publish","4":"has-post-thumbnail","6":"product_cat-kaalu-kaotama","8":"first","9":"outofstock","10":"shipping-taxable","11":"purchasable","12":"product-type-simple"},"yoast_head":"<!-- This site is optimized with the Yoast SEO plugin v27.4 - https:\/\/yoast.com\/product\/yoast-seo-wordpress\/ -->\n<title>TRI-OMEGA 3-6-9 - POWERFIT \u041c\u0430\u0433\u0430\u0437\u0438\u043d \u0421\u043f\u043e\u0440\u0442\u0438\u0432\u043d\u043e\u0433\u043e \u041f\u0438\u0442\u0430\u043d\u0438\u044f<\/title>\n<meta name=\"robots\" content=\"index, follow, max-snippet:-1, max-image-preview:large, max-video-preview:-1\" \/>\n<link rel=\"canonical\" href=\"https:\/\/powerfit.ee\/toode\/tri-omega\/\" \/>\n<meta property=\"og:locale\" content=\"et_EE\" \/>\n<meta property=\"og:type\" content=\"article\" \/>\n<meta property=\"og:title\" content=\"TRI-OMEGA 3-6-9 - POWERFIT \u041c\u0430\u0433\u0430\u0437\u0438\u043d \u0421\u043f\u043e\u0440\u0442\u0438\u0432\u043d\u043e\u0433\u043e \u041f\u0438\u0442\u0430\u043d\u0438\u044f\" \/>\n<meta property=\"og:description\" content=\"100 kapslit | 100 portsjonit     Omega 3-6-9 sisaldab kala- ja taime\u00f5lisid, mis sobivad ideaalselt kehakaalu langetamiseks. Pol\u00fck\u00fcllastumata rasvad aitavad kaalust alla v\u00f5tta kiiremini, nagu \u00f6eldakse - rasv visatakse rasvaga v\u00e4lja. Ja see on vaid \u00fcks sadadest omega-rasvade kasulikest funktsioonidest. Need parandavad k\u00f5ike alates naha kvaliteedist kuni s\u00fcdamefunktsioonini. Seda toodet soovitatakse k\u00f5igile, see on oluline t\u00e4iendus.     &nbsp;    KUIDAS KASUTADA? 1 kapsel, p\u00e4rast s\u00f6\u00f6ki. Maksimaalse efekti saavutamiseks 2-3 kapslit p\u00e4evas.        LISAINFORMATSIOON Portsjoni suurus: 1 kapsel  Portsjonid konteineri kohta: 100  Applied Nutrition. Tri-Omega 3-6-9. 100 geelkaplsid. Toidulisand. Koostisosade loetelu (allergiat v\u00f5i talumatust p\u00f5hjustav koostisosa v\u00f5i abiaine m\u00e4rgitud TR\u00dcKIT\u00c4HTEDES). Koostisosad: Omega 3 KALA\u00d5LI (Eikosapentaeenhape 18%), Dokosaheksaeenhape 12%), Linaseemne\u00f5li (ALA 50%), P\u00e4evalille\u00f5li, Taimne \u017eelatiinist pehmekapsel, Taimne gl\u00fctseriin, Puhastatud vesi, Antioks\u00fcdant (E-vitamiin). Sisaldus p\u00e4evase annuse kohta: 1 annus (1 geelkapsel) sisaldab: Omega 3-6-9 rasvhapped 990 mg, Kala\u00f5li 400 mg, Linaseemne\u00f5li (ALA 50%) 300 mg, P\u00e4evalille\u00f5li 290 mg, Vitamiin E 10 mg a-TE (83% NRV-st). *NRV \u2013 p\u00e4evased v\u00f5rdluskogused t\u00e4iskasvanutel. Annustamine: Kasutage 1 pehmet geelkapslit kuni 1 kord p\u00e4evas, eelistatavalt koos toiduga. Hoiatused: Mitte \u00fcletada p\u00e4evaseks tarbimiseks soovitatavat kogust! Mitte kasutada toidulisandit mitmekesise toitumise asendajana! Oluline on mitmek\u00fclgne ja tasakaalustatud toitumine ja tervislik elustiil. Hoida lastele k\u00e4ttesaamatus kohas! S\u00e4ilitamistingimused: Hoida jahedas ja kuivas kohas. Netokogus: 100 geelkapslit (100 portsjonit). Parim enne: vaata pakendilt.      T\u00c4HELEPANU  P\u00f6\u00f6rduge spetsialisti poole, kui olete alla 18-aastane, rase v\u00f5i olete hiljuti s\u00fcnnitanud v\u00f5i kui teil on mitmesuguseid allergiaid. Hoidke seda jahedas, kuivas ja lastele k\u00e4ttesaamatus kohas.  &nbsp;  KONTROLLITUD SPORTLASED  See toode on testitud ja sertifitseeritud ning on l\u00e4binud k\u00f5ik kvaliteedikontrolli etapid, et tagada sportimiseks k\u00f5rgeim j\u00f5udlus ja ohutus.\" \/>\n<meta property=\"og:url\" content=\"https:\/\/powerfit.ee\/toode\/tri-omega\/\" \/>\n<meta property=\"og:site_name\" content=\"POWERFIT \u041c\u0430\u0433\u0430\u0437\u0438\u043d \u0421\u043f\u043e\u0440\u0442\u0438\u0432\u043d\u043e\u0433\u043e \u041f\u0438\u0442\u0430\u043d\u0438\u044f\" \/>\n<meta property=\"article:publisher\" content=\"https:\/\/www.facebook.com\/powerfit.ee\/\" \/>\n<meta property=\"article:modified_time\" content=\"2024-03-01T12:27:19+00:00\" \/>\n<meta property=\"og:image\" content=\"https:\/\/powerfit.ee\/wp-content\/uploads\/2021\/03\/369.png\" \/>\n\t<meta property=\"og:image:width\" content=\"1000\" \/>\n\t<meta property=\"og:image:height\" content=\"1000\" \/>\n\t<meta property=\"og:image:type\" content=\"image\/jpeg\" \/>\n<meta name=\"twitter:card\" content=\"summary_large_image\" \/>\n<script type=\"application\/ld+json\" class=\"yoast-schema-graph\">{\"@context\":\"https:\\\/\\\/schema.org\",\"@graph\":[{\"@type\":\"WebPage\",\"@id\":\"https:\\\/\\\/powerfit.ee\\\/toode\\\/tri-omega\\\/\",\"url\":\"https:\\\/\\\/powerfit.ee\\\/toode\\\/tri-omega\\\/\",\"name\":\"TRI-OMEGA 3-6-9 - POWERFIT \u041c\u0430\u0433\u0430\u0437\u0438\u043d \u0421\u043f\u043e\u0440\u0442\u0438\u0432\u043d\u043e\u0433\u043e \u041f\u0438\u0442\u0430\u043d\u0438\u044f\",\"isPartOf\":{\"@id\":\"https:\\\/\\\/powerfit.ee\\\/#website\"},\"primaryImageOfPage\":{\"@id\":\"https:\\\/\\\/powerfit.ee\\\/toode\\\/tri-omega\\\/#primaryimage\"},\"image\":{\"@id\":\"https:\\\/\\\/powerfit.ee\\\/toode\\\/tri-omega\\\/#primaryimage\"},\"thumbnailUrl\":\"https:\\\/\\\/powerfit.ee\\\/wp-content\\\/uploads\\\/2021\\\/03\\\/369.png\",\"datePublished\":\"2021-03-03T15:30:17+00:00\",\"dateModified\":\"2024-03-01T12:27:19+00:00\",\"breadcrumb\":{\"@id\":\"https:\\\/\\\/powerfit.ee\\\/toode\\\/tri-omega\\\/#breadcrumb\"},\"inLanguage\":\"et\",\"potentialAction\":[{\"@type\":\"ReadAction\",\"target\":[\"https:\\\/\\\/powerfit.ee\\\/toode\\\/tri-omega\\\/\"]}]},{\"@type\":\"ImageObject\",\"inLanguage\":\"et\",\"@id\":\"https:\\\/\\\/powerfit.ee\\\/toode\\\/tri-omega\\\/#primaryimage\",\"url\":\"https:\\\/\\\/powerfit.ee\\\/wp-content\\\/uploads\\\/2021\\\/03\\\/369.png\",\"contentUrl\":\"https:\\\/\\\/powerfit.ee\\\/wp-content\\\/uploads\\\/2021\\\/03\\\/369.png\",\"width\":1000,\"height\":1000},{\"@type\":\"BreadcrumbList\",\"@id\":\"https:\\\/\\\/powerfit.ee\\\/toode\\\/tri-omega\\\/#breadcrumb\",\"itemListElement\":[{\"@type\":\"ListItem\",\"position\":1,\"name\":\"Home\",\"item\":\"https:\\\/\\\/powerfit.ee\\\/et\\\/\"},{\"@type\":\"ListItem\",\"position\":2,\"name\":\"\u0412\u0438\u0442\u0440\u0438\u043d\u0430\",\"item\":\"https:\\\/\\\/powerfit.ee\\\/shop\\\/\"},{\"@type\":\"ListItem\",\"position\":3,\"name\":\"TRI-OMEGA 3-6-9\"}]},{\"@type\":\"WebSite\",\"@id\":\"https:\\\/\\\/powerfit.ee\\\/#website\",\"url\":\"https:\\\/\\\/powerfit.ee\\\/\",\"name\":\"POWERFIT\",\"description\":\"\u041c\u0430\u0433\u0430\u0437\u0438\u043d \u0441\u043f\u043e\u0440\u0442\u0438\u0432\u043d\u043e\u0433\u043e \u043f\u0438\u0442\u0430\u043d\u0438\u044f \u0432 \u042d\u0441\u0442\u043e\u043d\u0438\u0438.\",\"publisher\":{\"@id\":\"https:\\\/\\\/powerfit.ee\\\/#organization\"},\"potentialAction\":[{\"@type\":\"SearchAction\",\"target\":{\"@type\":\"EntryPoint\",\"urlTemplate\":\"https:\\\/\\\/powerfit.ee\\\/?s={search_term_string}\"},\"query-input\":{\"@type\":\"PropertyValueSpecification\",\"valueRequired\":true,\"valueName\":\"search_term_string\"}}],\"inLanguage\":\"et\"},{\"@type\":\"Organization\",\"@id\":\"https:\\\/\\\/powerfit.ee\\\/#organization\",\"name\":\"BESTBODY O\u00dc\",\"url\":\"https:\\\/\\\/powerfit.ee\\\/\",\"logo\":{\"@type\":\"ImageObject\",\"inLanguage\":\"et\",\"@id\":\"https:\\\/\\\/powerfit.ee\\\/#\\\/schema\\\/logo\\\/image\\\/\",\"url\":\"https:\\\/\\\/powerfit.ee\\\/wp-content\\\/uploads\\\/2021\\\/03\\\/\u0421\u043d\u0438\u043c\u043e\u043a-\u044d\u043a\u0440\u0430\u043d\u0430-2021-03-06-\u0432-15.13.50.png\",\"contentUrl\":\"https:\\\/\\\/powerfit.ee\\\/wp-content\\\/uploads\\\/2021\\\/03\\\/\u0421\u043d\u0438\u043c\u043e\u043a-\u044d\u043a\u0440\u0430\u043d\u0430-2021-03-06-\u0432-15.13.50.png\",\"width\":450,\"height\":188,\"caption\":\"BESTBODY O\u00dc\"},\"image\":{\"@id\":\"https:\\\/\\\/powerfit.ee\\\/#\\\/schema\\\/logo\\\/image\\\/\"},\"sameAs\":[\"https:\\\/\\\/www.facebook.com\\\/powerfit.ee\\\/\",\"https:\\\/\\\/www.instagram.com\\\/powerfit.ee\\\/\"]}]}<\/script>\n<!-- \/ Yoast SEO plugin. -->","yoast_head_json":{"title":"TRI-OMEGA 3-6-9 - POWERFIT \u041c\u0430\u0433\u0430\u0437\u0438\u043d \u0421\u043f\u043e\u0440\u0442\u0438\u0432\u043d\u043e\u0433\u043e \u041f\u0438\u0442\u0430\u043d\u0438\u044f","robots":{"index":"index","follow":"follow","max-snippet":"max-snippet:-1","max-image-preview":"max-image-preview:large","max-video-preview":"max-video-preview:-1"},"canonical":"https:\/\/powerfit.ee\/toode\/tri-omega\/","og_locale":"et_EE","og_type":"article","og_title":"TRI-OMEGA 3-6-9 - POWERFIT \u041c\u0430\u0433\u0430\u0437\u0438\u043d \u0421\u043f\u043e\u0440\u0442\u0438\u0432\u043d\u043e\u0433\u043e \u041f\u0438\u0442\u0430\u043d\u0438\u044f","og_description":"100 kapslit | 100 portsjonit     Omega 3-6-9 sisaldab kala- ja taime\u00f5lisid, mis sobivad ideaalselt kehakaalu langetamiseks. Pol\u00fck\u00fcllastumata rasvad aitavad kaalust alla v\u00f5tta kiiremini, nagu \u00f6eldakse - rasv visatakse rasvaga v\u00e4lja. Ja see on vaid \u00fcks sadadest omega-rasvade kasulikest funktsioonidest. Need parandavad k\u00f5ike alates naha kvaliteedist kuni s\u00fcdamefunktsioonini. Seda toodet soovitatakse k\u00f5igile, see on oluline t\u00e4iendus.     &nbsp;    KUIDAS KASUTADA? 1 kapsel, p\u00e4rast s\u00f6\u00f6ki. Maksimaalse efekti saavutamiseks 2-3 kapslit p\u00e4evas.        LISAINFORMATSIOON Portsjoni suurus: 1 kapsel  Portsjonid konteineri kohta: 100  Applied Nutrition. Tri-Omega 3-6-9. 100 geelkaplsid. Toidulisand. Koostisosade loetelu (allergiat v\u00f5i talumatust p\u00f5hjustav koostisosa v\u00f5i abiaine m\u00e4rgitud TR\u00dcKIT\u00c4HTEDES). Koostisosad: Omega 3 KALA\u00d5LI (Eikosapentaeenhape 18%), Dokosaheksaeenhape 12%), Linaseemne\u00f5li (ALA 50%), P\u00e4evalille\u00f5li, Taimne \u017eelatiinist pehmekapsel, Taimne gl\u00fctseriin, Puhastatud vesi, Antioks\u00fcdant (E-vitamiin). Sisaldus p\u00e4evase annuse kohta: 1 annus (1 geelkapsel) sisaldab: Omega 3-6-9 rasvhapped 990 mg, Kala\u00f5li 400 mg, Linaseemne\u00f5li (ALA 50%) 300 mg, P\u00e4evalille\u00f5li 290 mg, Vitamiin E 10 mg a-TE (83% NRV-st). *NRV \u2013 p\u00e4evased v\u00f5rdluskogused t\u00e4iskasvanutel. Annustamine: Kasutage 1 pehmet geelkapslit kuni 1 kord p\u00e4evas, eelistatavalt koos toiduga. Hoiatused: Mitte \u00fcletada p\u00e4evaseks tarbimiseks soovitatavat kogust! Mitte kasutada toidulisandit mitmekesise toitumise asendajana! Oluline on mitmek\u00fclgne ja tasakaalustatud toitumine ja tervislik elustiil. Hoida lastele k\u00e4ttesaamatus kohas! S\u00e4ilitamistingimused: Hoida jahedas ja kuivas kohas. Netokogus: 100 geelkapslit (100 portsjonit). Parim enne: vaata pakendilt.      T\u00c4HELEPANU  P\u00f6\u00f6rduge spetsialisti poole, kui olete alla 18-aastane, rase v\u00f5i olete hiljuti s\u00fcnnitanud v\u00f5i kui teil on mitmesuguseid allergiaid. Hoidke seda jahedas, kuivas ja lastele k\u00e4ttesaamatus kohas.  &nbsp;  KONTROLLITUD SPORTLASED  See toode on testitud ja sertifitseeritud ning on l\u00e4binud k\u00f5ik kvaliteedikontrolli etapid, et tagada sportimiseks k\u00f5rgeim j\u00f5udlus ja ohutus.","og_url":"https:\/\/powerfit.ee\/toode\/tri-omega\/","og_site_name":"POWERFIT \u041c\u0430\u0433\u0430\u0437\u0438\u043d \u0421\u043f\u043e\u0440\u0442\u0438\u0432\u043d\u043e\u0433\u043e \u041f\u0438\u0442\u0430\u043d\u0438\u044f","article_publisher":"https:\/\/www.facebook.com\/powerfit.ee\/","article_modified_time":"2024-03-01T12:27:19+00:00","og_image":[{"width":1000,"height":1000,"url":"https:\/\/powerfit.ee\/wp-content\/uploads\/2021\/03\/369.png","type":"image\/jpeg"}],"twitter_card":"summary_large_image","schema":{"@context":"https:\/\/schema.org","@graph":[{"@type":"WebPage","@id":"https:\/\/powerfit.ee\/toode\/tri-omega\/","url":"https:\/\/powerfit.ee\/toode\/tri-omega\/","name":"TRI-OMEGA 3-6-9 - POWERFIT \u041c\u0430\u0433\u0430\u0437\u0438\u043d \u0421\u043f\u043e\u0440\u0442\u0438\u0432\u043d\u043e\u0433\u043e \u041f\u0438\u0442\u0430\u043d\u0438\u044f","isPartOf":{"@id":"https:\/\/powerfit.ee\/#website"},"primaryImageOfPage":{"@id":"https:\/\/powerfit.ee\/toode\/tri-omega\/#primaryimage"},"image":{"@id":"https:\/\/powerfit.ee\/toode\/tri-omega\/#primaryimage"},"thumbnailUrl":"https:\/\/powerfit.ee\/wp-content\/uploads\/2021\/03\/369.png","datePublished":"2021-03-03T15:30:17+00:00","dateModified":"2024-03-01T12:27:19+00:00","breadcrumb":{"@id":"https:\/\/powerfit.ee\/toode\/tri-omega\/#breadcrumb"},"inLanguage":"et","potentialAction":[{"@type":"ReadAction","target":["https:\/\/powerfit.ee\/toode\/tri-omega\/"]}]},{"@type":"ImageObject","inLanguage":"et","@id":"https:\/\/powerfit.ee\/toode\/tri-omega\/#primaryimage","url":"https:\/\/powerfit.ee\/wp-content\/uploads\/2021\/03\/369.png","contentUrl":"https:\/\/powerfit.ee\/wp-content\/uploads\/2021\/03\/369.png","width":1000,"height":1000},{"@type":"BreadcrumbList","@id":"https:\/\/powerfit.ee\/toode\/tri-omega\/#breadcrumb","itemListElement":[{"@type":"ListItem","position":1,"name":"Home","item":"https:\/\/powerfit.ee\/et\/"},{"@type":"ListItem","position":2,"name":"\u0412\u0438\u0442\u0440\u0438\u043d\u0430","item":"https:\/\/powerfit.ee\/shop\/"},{"@type":"ListItem","position":3,"name":"TRI-OMEGA 3-6-9"}]},{"@type":"WebSite","@id":"https:\/\/powerfit.ee\/#website","url":"https:\/\/powerfit.ee\/","name":"POWERFIT","description":"\u041c\u0430\u0433\u0430\u0437\u0438\u043d \u0441\u043f\u043e\u0440\u0442\u0438\u0432\u043d\u043e\u0433\u043e \u043f\u0438\u0442\u0430\u043d\u0438\u044f \u0432 \u042d\u0441\u0442\u043e\u043d\u0438\u0438.","publisher":{"@id":"https:\/\/powerfit.ee\/#organization"},"potentialAction":[{"@type":"SearchAction","target":{"@type":"EntryPoint","urlTemplate":"https:\/\/powerfit.ee\/?s={search_term_string}"},"query-input":{"@type":"PropertyValueSpecification","valueRequired":true,"valueName":"search_term_string"}}],"inLanguage":"et"},{"@type":"Organization","@id":"https:\/\/powerfit.ee\/#organization","name":"BESTBODY O\u00dc","url":"https:\/\/powerfit.ee\/","logo":{"@type":"ImageObject","inLanguage":"et","@id":"https:\/\/powerfit.ee\/#\/schema\/logo\/image\/","url":"https:\/\/powerfit.ee\/wp-content\/uploads\/2021\/03\/\u0421\u043d\u0438\u043c\u043e\u043a-\u044d\u043a\u0440\u0430\u043d\u0430-2021-03-06-\u0432-15.13.50.png","contentUrl":"https:\/\/powerfit.ee\/wp-content\/uploads\/2021\/03\/\u0421\u043d\u0438\u043c\u043e\u043a-\u044d\u043a\u0440\u0430\u043d\u0430-2021-03-06-\u0432-15.13.50.png","width":450,"height":188,"caption":"BESTBODY O\u00dc"},"image":{"@id":"https:\/\/powerfit.ee\/#\/schema\/logo\/image\/"},"sameAs":["https:\/\/www.facebook.com\/powerfit.ee\/","https:\/\/www.instagram.com\/powerfit.ee\/"]}]}},"_links":{"self":[{"href":"https:\/\/powerfit.ee\/et\/wp-json\/wp\/v2\/product\/2463","targetHints":{"allow":["GET"]}}],"collection":[{"href":"https:\/\/powerfit.ee\/et\/wp-json\/wp\/v2\/product"}],"about":[{"href":"https:\/\/powerfit.ee\/et\/wp-json\/wp\/v2\/types\/product"}],"wp:featuredmedia":[{"embeddable":true,"href":"https:\/\/powerfit.ee\/et\/wp-json\/wp\/v2\/media\/2465"}],"wp:attachment":[{"href":"https:\/\/powerfit.ee\/et\/wp-json\/wp\/v2\/media?parent=2463"}],"wp:term":[{"taxonomy":"product_brand","embeddable":true,"href":"https:\/\/powerfit.ee\/et\/wp-json\/wp\/v2\/product_brand?post=2463"},{"taxonomy":"product_cat","embeddable":true,"href":"https:\/\/powerfit.ee\/et\/wp-json\/wp\/v2\/product_cat?post=2463"},{"taxonomy":"product_tag","embeddable":true,"href":"https:\/\/powerfit.ee\/et\/wp-json\/wp\/v2\/product_tag?post=2463"}],"curies":[{"name":"wp","href":"https:\/\/api.w.org\/{rel}","templated":true}]}}