{"id":2483,"date":"2021-03-03T16:19:01","date_gmt":"2021-03-03T16:19:01","guid":{"rendered":"https:\/\/powerfit.ee\/?post_type=product&#038;p=2483"},"modified":"2024-03-01T12:32:04","modified_gmt":"2024-03-01T12:32:04","slug":"bcaa-amino-450g","status":"publish","type":"product","link":"https:\/\/powerfit.ee\/et\/toode\/bcaa-amino-450g\/","title":{"rendered":"BCAA Amino 450g"},"content":{"rendered":"","protected":false},"excerpt":{"rendered":"<h2><\/h2>\n<h2>AMINOHAPETE UUS P\u00d5LVKOND<\/h2>\n<h2>450g | 32 portsjonit<\/h2>\n<p>BCAA-d on jook, mida iga sportlane ja sportlane peaks treeningu ajal jooma. H\u00fcdroaminohapped taastavad keha kohe treeningu ajal, hoiavad treeningutempo langemast ja kontrollivad veevahetust kehas. Koolitusbumm on tagatud.<\/p>\n<p>Keha toitmine h\u00fcdroaminohapetega treeningu ajal on edu v\u00f5ti.<\/p>\n<h2><\/h2>\n<h3>KUIDAS KASUTADA?<\/h3>\n<p>Segage \u00fcks k\u00fchvel (14 g) 500 ml veega. Jooge treeningu ajal v\u00f5i kogu p\u00e4eva, kui te ei tegele.<\/p>\n<h3>LISAINFORMATSIOON<\/h3>\n<p><strong>Portsjoni suurus:<\/strong> 14\u0433<\/p>\n<p><strong>Portsjonid konteineri kohta:<\/strong> 32<\/p>\n<p><strong>Applied Nutrition. BCAA pulber 450g. Erinevate maitsedega. Toidulisand magusainega. Koostisosade loetelu (allergiat v\u00f5i talumatust p\u00f5hjustav koostisosa v\u00f5i abiaine m\u00e4rgitud TR\u00dcKIT\u00c4HTEDES). Koostisosad: BCAA (2:1:1) (L-leutsiin (26%), L-isoleutsiin (13%), L-valiin (13%), L-glutamiin, L-tsitrulliin-DL-malaat (2:1), Trinaatriumtsitraat, trikaaliumtsitraat, trikaltsiumfosfaat, paakumisvastane aine (r\u00e4nidioksiid), l\u00f5hna- ja maitseaine, naatriumkloriid, hapendaja (sidrunhape), magusaine (sukraloos), vitamiin B6 (p\u00fcridoksiin HCL), Puuviljade segu: v\u00e4rvaine (peedipulber), Roheline \u00f5un ja Sidrun &amp; Laim: v\u00e4rvained (kurkumiin, spirulina), Icy Blue Raz: v\u00e4rvaine (sinine spirulina), Apelsin ja mango: v\u00e4rvained (beetakaroteen, kurkumiin), Ananass: v\u00e4rvaine (kurkumiin), Arbuus: v\u00e4rvaine (peedipulber). ELEKTROL\u00dc\u00dcDIDE SEGU (1535 mg): trikaaliumtsitraat, trinaatriumtsitraat, trikaltsiumfosfaat, naatriumkloriid. Sisaldus p\u00e4evase annuse kohta: 1 annus (14 grammi) sisaldab: BCAA 7200 mg, millest L-Leutsiin 3600 mg, millest L-Isoleutsiin 1800 mg, millest L-Valiin 1800 mg, L-Glutamiin 3000 mg, Tsitrulliin 1000 mg, Kaltsium 75,6 mg (9%*), Kloriid 116,6 mg (15%*), Fosfor 38,4 mg (5%*), Kaalium 216,5 mg (11%*), Naatrium 231,7 mg (12%*). *NRV \u2013 p\u00e4evased v\u00f5rdluskogused t\u00e4iskasvanutel Annustamine: Sega 1 m\u00f5\u00f5t (14 g) ja 5 dl veega. Naudi treeningu ajal v\u00f5i p\u00e4eva jooksul puhkep\u00e4evadel. \u00c4rge \u00fcletage soovitatavat \u00f6\u00f6p\u00e4evast annust. Hoiatused: Ainult t\u00e4iskasvanutele. Mitte kasutada toidulisandit mitmekesise toitumise asendajana! Oluline on toituda mitmek\u00fclgselt ja tasakaalustatult ning harrastada tervislikku elustiili! \u00c4rge \u00fcletage p\u00e4evaseks tarbimiseks soovitatavat kogust! Hoida lastele k\u00e4ttesaamatus kohas! S\u00e4ilitamistingimused: Hoida jahedas, kuivas kohas. Netokogus: 450 grammi (34 portsjonit). Parim enne: vaata pakendilt.<\/strong><\/p>\n<p>&nbsp;<\/p>\n<div class=\"std\">\n<h3>T\u00c4HELEPANU<\/h3>\n<\/div>\n<p>P\u00f6\u00f6rduge spetsialisti poole, kui olete alla 18-aastane, rase v\u00f5i olete hiljuti s\u00fcnnitanud v\u00f5i kui teil on mitmesuguseid allergiaid. Hoidke seda jahedas, kuivas ja lastele k\u00e4ttesaamatus kohas.<\/p>\n<p>&nbsp;<\/p>\n<div class=\"std\">\n<h3>KONTROLLITUD SPORTLASED<\/h3>\n<\/div>\n<p>See toode on testitud ja sertifitseeritud ning on l\u00e4binud k\u00f5ik kvaliteedikontrolli etapid, et tagada sportimiseks k\u00f5rgeim j\u00f5udlus ja ohutus.<\/p>\n","protected":false},"featured_media":2485,"template":"","meta":[],"product_brand":[],"product_cat":[161,162],"product_tag":[],"class_list":{"0":"post-2483","1":"product","2":"type-product","3":"status-publish","4":"has-post-thumbnail","6":"product_cat-taastumine","7":"product_cat-tugevama","9":"first","10":"instock","11":"shipping-taxable","12":"purchasable","13":"product-type-variable","14":"has-default-attributes"},"yoast_head":"<!-- This site is optimized with the Yoast SEO plugin v27.4 - https:\/\/yoast.com\/product\/yoast-seo-wordpress\/ -->\n<title>BCAA Amino 450g - POWERFIT \u041c\u0430\u0433\u0430\u0437\u0438\u043d \u0421\u043f\u043e\u0440\u0442\u0438\u0432\u043d\u043e\u0433\u043e \u041f\u0438\u0442\u0430\u043d\u0438\u044f<\/title>\n<meta name=\"robots\" content=\"index, follow, max-snippet:-1, max-image-preview:large, max-video-preview:-1\" \/>\n<link rel=\"canonical\" href=\"https:\/\/powerfit.ee\/et\/toode\/bcaa-amino-450g\/\" \/>\n<meta property=\"og:locale\" content=\"et_EE\" \/>\n<meta property=\"og:type\" content=\"article\" \/>\n<meta property=\"og:title\" content=\"BCAA Amino 450g - POWERFIT \u041c\u0430\u0433\u0430\u0437\u0438\u043d \u0421\u043f\u043e\u0440\u0442\u0438\u0432\u043d\u043e\u0433\u043e \u041f\u0438\u0442\u0430\u043d\u0438\u044f\" \/>\n<meta property=\"og:description\" content=\"AMINOHAPETE UUS P\u00d5LVKOND 450g | 32 portsjonit BCAA-d on jook, mida iga sportlane ja sportlane peaks treeningu ajal jooma. H\u00fcdroaminohapped taastavad keha kohe treeningu ajal, hoiavad treeningutempo langemast ja kontrollivad veevahetust kehas. Koolitusbumm on tagatud.  Keha toitmine h\u00fcdroaminohapetega treeningu ajal on edu v\u00f5ti.  KUIDAS KASUTADA? Segage \u00fcks k\u00fchvel (14 g) 500 ml veega. Jooge treeningu ajal v\u00f5i kogu p\u00e4eva, kui te ei tegele. LISAINFORMATSIOON Portsjoni suurus: 14\u0433  Portsjonid konteineri kohta: 32  Applied Nutrition. BCAA pulber 450g. Erinevate maitsedega. Toidulisand magusainega. Koostisosade loetelu (allergiat v\u00f5i talumatust p\u00f5hjustav koostisosa v\u00f5i abiaine m\u00e4rgitud TR\u00dcKIT\u00c4HTEDES). Koostisosad: BCAA (2:1:1) (L-leutsiin (26%), L-isoleutsiin (13%), L-valiin (13%), L-glutamiin, L-tsitrulliin-DL-malaat (2:1), Trinaatriumtsitraat, trikaaliumtsitraat, trikaltsiumfosfaat, paakumisvastane aine (r\u00e4nidioksiid), l\u00f5hna- ja maitseaine, naatriumkloriid, hapendaja (sidrunhape), magusaine (sukraloos), vitamiin B6 (p\u00fcridoksiin HCL), Puuviljade segu: v\u00e4rvaine (peedipulber), Roheline \u00f5un ja Sidrun &amp; Laim: v\u00e4rvained (kurkumiin, spirulina), Icy Blue Raz: v\u00e4rvaine (sinine spirulina), Apelsin ja mango: v\u00e4rvained (beetakaroteen, kurkumiin), Ananass: v\u00e4rvaine (kurkumiin), Arbuus: v\u00e4rvaine (peedipulber). ELEKTROL\u00dc\u00dcDIDE SEGU (1535 mg): trikaaliumtsitraat, trinaatriumtsitraat, trikaltsiumfosfaat, naatriumkloriid. Sisaldus p\u00e4evase annuse kohta: 1 annus (14 grammi) sisaldab: BCAA 7200 mg, millest L-Leutsiin 3600 mg, millest L-Isoleutsiin 1800 mg, millest L-Valiin 1800 mg, L-Glutamiin 3000 mg, Tsitrulliin 1000 mg, Kaltsium 75,6 mg (9%*), Kloriid 116,6 mg (15%*), Fosfor 38,4 mg (5%*), Kaalium 216,5 mg (11%*), Naatrium 231,7 mg (12%*). *NRV \u2013 p\u00e4evased v\u00f5rdluskogused t\u00e4iskasvanutel Annustamine: Sega 1 m\u00f5\u00f5t (14 g) ja 5 dl veega. Naudi treeningu ajal v\u00f5i p\u00e4eva jooksul puhkep\u00e4evadel. \u00c4rge \u00fcletage soovitatavat \u00f6\u00f6p\u00e4evast annust. Hoiatused: Ainult t\u00e4iskasvanutele. Mitte kasutada toidulisandit mitmekesise toitumise asendajana! Oluline on toituda mitmek\u00fclgselt ja tasakaalustatult ning harrastada tervislikku elustiili! \u00c4rge \u00fcletage p\u00e4evaseks tarbimiseks soovitatavat kogust! Hoida lastele k\u00e4ttesaamatus kohas! S\u00e4ilitamistingimused: Hoida jahedas, kuivas kohas. Netokogus: 450 grammi (34 portsjonit). Parim enne: vaata pakendilt.  &nbsp;  T\u00c4HELEPANU  P\u00f6\u00f6rduge spetsialisti poole, kui olete alla 18-aastane, rase v\u00f5i olete hiljuti s\u00fcnnitanud v\u00f5i kui teil on mitmesuguseid allergiaid. Hoidke seda jahedas, kuivas ja lastele k\u00e4ttesaamatus kohas.  &nbsp;  KONTROLLITUD SPORTLASED  See toode on testitud ja sertifitseeritud ning on l\u00e4binud k\u00f5ik kvaliteedikontrolli etapid, et tagada sportimiseks k\u00f5rgeim j\u00f5udlus ja ohutus.\" \/>\n<meta property=\"og:url\" content=\"https:\/\/powerfit.ee\/et\/toode\/bcaa-amino-450g\/\" \/>\n<meta property=\"og:site_name\" content=\"POWERFIT \u041c\u0430\u0433\u0430\u0437\u0438\u043d \u0421\u043f\u043e\u0440\u0442\u0438\u0432\u043d\u043e\u0433\u043e \u041f\u0438\u0442\u0430\u043d\u0438\u044f\" \/>\n<meta property=\"article:publisher\" content=\"https:\/\/www.facebook.com\/powerfit.ee\/\" \/>\n<meta property=\"article:modified_time\" content=\"2024-03-01T12:32:04+00:00\" \/>\n<meta property=\"og:image\" content=\"https:\/\/powerfit.ee\/wp-content\/uploads\/2021\/03\/bcaa.png\" \/>\n\t<meta property=\"og:image:width\" content=\"1000\" \/>\n\t<meta property=\"og:image:height\" content=\"1000\" \/>\n\t<meta property=\"og:image:type\" content=\"image\/jpeg\" \/>\n<meta name=\"twitter:card\" content=\"summary_large_image\" \/>\n<script type=\"application\/ld+json\" class=\"yoast-schema-graph\">{\"@context\":\"https:\\\/\\\/schema.org\",\"@graph\":[{\"@type\":\"WebPage\",\"@id\":\"https:\\\/\\\/powerfit.ee\\\/et\\\/toode\\\/bcaa-amino-450g\\\/\",\"url\":\"https:\\\/\\\/powerfit.ee\\\/et\\\/toode\\\/bcaa-amino-450g\\\/\",\"name\":\"BCAA Amino 450g - POWERFIT \u041c\u0430\u0433\u0430\u0437\u0438\u043d \u0421\u043f\u043e\u0440\u0442\u0438\u0432\u043d\u043e\u0433\u043e \u041f\u0438\u0442\u0430\u043d\u0438\u044f\",\"isPartOf\":{\"@id\":\"https:\\\/\\\/powerfit.ee\\\/#website\"},\"primaryImageOfPage\":{\"@id\":\"https:\\\/\\\/powerfit.ee\\\/et\\\/toode\\\/bcaa-amino-450g\\\/#primaryimage\"},\"image\":{\"@id\":\"https:\\\/\\\/powerfit.ee\\\/et\\\/toode\\\/bcaa-amino-450g\\\/#primaryimage\"},\"thumbnailUrl\":\"https:\\\/\\\/powerfit.ee\\\/wp-content\\\/uploads\\\/2021\\\/03\\\/bcaa.png\",\"datePublished\":\"2021-03-03T16:19:01+00:00\",\"dateModified\":\"2024-03-01T12:32:04+00:00\",\"breadcrumb\":{\"@id\":\"https:\\\/\\\/powerfit.ee\\\/et\\\/toode\\\/bcaa-amino-450g\\\/#breadcrumb\"},\"inLanguage\":\"et\",\"potentialAction\":[{\"@type\":\"ReadAction\",\"target\":[\"https:\\\/\\\/powerfit.ee\\\/et\\\/toode\\\/bcaa-amino-450g\\\/\"]}]},{\"@type\":\"ImageObject\",\"inLanguage\":\"et\",\"@id\":\"https:\\\/\\\/powerfit.ee\\\/et\\\/toode\\\/bcaa-amino-450g\\\/#primaryimage\",\"url\":\"https:\\\/\\\/powerfit.ee\\\/wp-content\\\/uploads\\\/2021\\\/03\\\/bcaa.png\",\"contentUrl\":\"https:\\\/\\\/powerfit.ee\\\/wp-content\\\/uploads\\\/2021\\\/03\\\/bcaa.png\",\"width\":1000,\"height\":1000},{\"@type\":\"BreadcrumbList\",\"@id\":\"https:\\\/\\\/powerfit.ee\\\/et\\\/toode\\\/bcaa-amino-450g\\\/#breadcrumb\",\"itemListElement\":[{\"@type\":\"ListItem\",\"position\":1,\"name\":\"Home\",\"item\":\"https:\\\/\\\/powerfit.ee\\\/et\\\/\"},{\"@type\":\"ListItem\",\"position\":2,\"name\":\"\u0412\u0438\u0442\u0440\u0438\u043d\u0430\",\"item\":\"https:\\\/\\\/powerfit.ee\\\/shop\\\/\"},{\"@type\":\"ListItem\",\"position\":3,\"name\":\"BCAA Amino 450g\"}]},{\"@type\":\"WebSite\",\"@id\":\"https:\\\/\\\/powerfit.ee\\\/#website\",\"url\":\"https:\\\/\\\/powerfit.ee\\\/\",\"name\":\"POWERFIT\",\"description\":\"\u041c\u0430\u0433\u0430\u0437\u0438\u043d \u0441\u043f\u043e\u0440\u0442\u0438\u0432\u043d\u043e\u0433\u043e \u043f\u0438\u0442\u0430\u043d\u0438\u044f \u0432 \u042d\u0441\u0442\u043e\u043d\u0438\u0438.\",\"publisher\":{\"@id\":\"https:\\\/\\\/powerfit.ee\\\/#organization\"},\"potentialAction\":[{\"@type\":\"SearchAction\",\"target\":{\"@type\":\"EntryPoint\",\"urlTemplate\":\"https:\\\/\\\/powerfit.ee\\\/?s={search_term_string}\"},\"query-input\":{\"@type\":\"PropertyValueSpecification\",\"valueRequired\":true,\"valueName\":\"search_term_string\"}}],\"inLanguage\":\"et\"},{\"@type\":\"Organization\",\"@id\":\"https:\\\/\\\/powerfit.ee\\\/#organization\",\"name\":\"BESTBODY O\u00dc\",\"url\":\"https:\\\/\\\/powerfit.ee\\\/\",\"logo\":{\"@type\":\"ImageObject\",\"inLanguage\":\"et\",\"@id\":\"https:\\\/\\\/powerfit.ee\\\/#\\\/schema\\\/logo\\\/image\\\/\",\"url\":\"https:\\\/\\\/powerfit.ee\\\/wp-content\\\/uploads\\\/2021\\\/03\\\/\u0421\u043d\u0438\u043c\u043e\u043a-\u044d\u043a\u0440\u0430\u043d\u0430-2021-03-06-\u0432-15.13.50.png\",\"contentUrl\":\"https:\\\/\\\/powerfit.ee\\\/wp-content\\\/uploads\\\/2021\\\/03\\\/\u0421\u043d\u0438\u043c\u043e\u043a-\u044d\u043a\u0440\u0430\u043d\u0430-2021-03-06-\u0432-15.13.50.png\",\"width\":450,\"height\":188,\"caption\":\"BESTBODY O\u00dc\"},\"image\":{\"@id\":\"https:\\\/\\\/powerfit.ee\\\/#\\\/schema\\\/logo\\\/image\\\/\"},\"sameAs\":[\"https:\\\/\\\/www.facebook.com\\\/powerfit.ee\\\/\",\"https:\\\/\\\/www.instagram.com\\\/powerfit.ee\\\/\"]}]}<\/script>\n<!-- \/ Yoast SEO plugin. -->","yoast_head_json":{"title":"BCAA Amino 450g - POWERFIT \u041c\u0430\u0433\u0430\u0437\u0438\u043d \u0421\u043f\u043e\u0440\u0442\u0438\u0432\u043d\u043e\u0433\u043e \u041f\u0438\u0442\u0430\u043d\u0438\u044f","robots":{"index":"index","follow":"follow","max-snippet":"max-snippet:-1","max-image-preview":"max-image-preview:large","max-video-preview":"max-video-preview:-1"},"canonical":"https:\/\/powerfit.ee\/et\/toode\/bcaa-amino-450g\/","og_locale":"et_EE","og_type":"article","og_title":"BCAA Amino 450g - POWERFIT \u041c\u0430\u0433\u0430\u0437\u0438\u043d \u0421\u043f\u043e\u0440\u0442\u0438\u0432\u043d\u043e\u0433\u043e \u041f\u0438\u0442\u0430\u043d\u0438\u044f","og_description":"AMINOHAPETE UUS P\u00d5LVKOND 450g | 32 portsjonit BCAA-d on jook, mida iga sportlane ja sportlane peaks treeningu ajal jooma. H\u00fcdroaminohapped taastavad keha kohe treeningu ajal, hoiavad treeningutempo langemast ja kontrollivad veevahetust kehas. Koolitusbumm on tagatud.  Keha toitmine h\u00fcdroaminohapetega treeningu ajal on edu v\u00f5ti.  KUIDAS KASUTADA? Segage \u00fcks k\u00fchvel (14 g) 500 ml veega. Jooge treeningu ajal v\u00f5i kogu p\u00e4eva, kui te ei tegele. LISAINFORMATSIOON Portsjoni suurus: 14\u0433  Portsjonid konteineri kohta: 32  Applied Nutrition. BCAA pulber 450g. Erinevate maitsedega. Toidulisand magusainega. Koostisosade loetelu (allergiat v\u00f5i talumatust p\u00f5hjustav koostisosa v\u00f5i abiaine m\u00e4rgitud TR\u00dcKIT\u00c4HTEDES). Koostisosad: BCAA (2:1:1) (L-leutsiin (26%), L-isoleutsiin (13%), L-valiin (13%), L-glutamiin, L-tsitrulliin-DL-malaat (2:1), Trinaatriumtsitraat, trikaaliumtsitraat, trikaltsiumfosfaat, paakumisvastane aine (r\u00e4nidioksiid), l\u00f5hna- ja maitseaine, naatriumkloriid, hapendaja (sidrunhape), magusaine (sukraloos), vitamiin B6 (p\u00fcridoksiin HCL), Puuviljade segu: v\u00e4rvaine (peedipulber), Roheline \u00f5un ja Sidrun &amp; Laim: v\u00e4rvained (kurkumiin, spirulina), Icy Blue Raz: v\u00e4rvaine (sinine spirulina), Apelsin ja mango: v\u00e4rvained (beetakaroteen, kurkumiin), Ananass: v\u00e4rvaine (kurkumiin), Arbuus: v\u00e4rvaine (peedipulber). ELEKTROL\u00dc\u00dcDIDE SEGU (1535 mg): trikaaliumtsitraat, trinaatriumtsitraat, trikaltsiumfosfaat, naatriumkloriid. Sisaldus p\u00e4evase annuse kohta: 1 annus (14 grammi) sisaldab: BCAA 7200 mg, millest L-Leutsiin 3600 mg, millest L-Isoleutsiin 1800 mg, millest L-Valiin 1800 mg, L-Glutamiin 3000 mg, Tsitrulliin 1000 mg, Kaltsium 75,6 mg (9%*), Kloriid 116,6 mg (15%*), Fosfor 38,4 mg (5%*), Kaalium 216,5 mg (11%*), Naatrium 231,7 mg (12%*). *NRV \u2013 p\u00e4evased v\u00f5rdluskogused t\u00e4iskasvanutel Annustamine: Sega 1 m\u00f5\u00f5t (14 g) ja 5 dl veega. Naudi treeningu ajal v\u00f5i p\u00e4eva jooksul puhkep\u00e4evadel. \u00c4rge \u00fcletage soovitatavat \u00f6\u00f6p\u00e4evast annust. Hoiatused: Ainult t\u00e4iskasvanutele. Mitte kasutada toidulisandit mitmekesise toitumise asendajana! Oluline on toituda mitmek\u00fclgselt ja tasakaalustatult ning harrastada tervislikku elustiili! \u00c4rge \u00fcletage p\u00e4evaseks tarbimiseks soovitatavat kogust! Hoida lastele k\u00e4ttesaamatus kohas! S\u00e4ilitamistingimused: Hoida jahedas, kuivas kohas. Netokogus: 450 grammi (34 portsjonit). Parim enne: vaata pakendilt.  &nbsp;  T\u00c4HELEPANU  P\u00f6\u00f6rduge spetsialisti poole, kui olete alla 18-aastane, rase v\u00f5i olete hiljuti s\u00fcnnitanud v\u00f5i kui teil on mitmesuguseid allergiaid. Hoidke seda jahedas, kuivas ja lastele k\u00e4ttesaamatus kohas.  &nbsp;  KONTROLLITUD SPORTLASED  See toode on testitud ja sertifitseeritud ning on l\u00e4binud k\u00f5ik kvaliteedikontrolli etapid, et tagada sportimiseks k\u00f5rgeim j\u00f5udlus ja ohutus.","og_url":"https:\/\/powerfit.ee\/et\/toode\/bcaa-amino-450g\/","og_site_name":"POWERFIT \u041c\u0430\u0433\u0430\u0437\u0438\u043d \u0421\u043f\u043e\u0440\u0442\u0438\u0432\u043d\u043e\u0433\u043e \u041f\u0438\u0442\u0430\u043d\u0438\u044f","article_publisher":"https:\/\/www.facebook.com\/powerfit.ee\/","article_modified_time":"2024-03-01T12:32:04+00:00","og_image":[{"width":1000,"height":1000,"url":"https:\/\/powerfit.ee\/wp-content\/uploads\/2021\/03\/bcaa.png","type":"image\/jpeg"}],"twitter_card":"summary_large_image","schema":{"@context":"https:\/\/schema.org","@graph":[{"@type":"WebPage","@id":"https:\/\/powerfit.ee\/et\/toode\/bcaa-amino-450g\/","url":"https:\/\/powerfit.ee\/et\/toode\/bcaa-amino-450g\/","name":"BCAA Amino 450g - POWERFIT \u041c\u0430\u0433\u0430\u0437\u0438\u043d \u0421\u043f\u043e\u0440\u0442\u0438\u0432\u043d\u043e\u0433\u043e \u041f\u0438\u0442\u0430\u043d\u0438\u044f","isPartOf":{"@id":"https:\/\/powerfit.ee\/#website"},"primaryImageOfPage":{"@id":"https:\/\/powerfit.ee\/et\/toode\/bcaa-amino-450g\/#primaryimage"},"image":{"@id":"https:\/\/powerfit.ee\/et\/toode\/bcaa-amino-450g\/#primaryimage"},"thumbnailUrl":"https:\/\/powerfit.ee\/wp-content\/uploads\/2021\/03\/bcaa.png","datePublished":"2021-03-03T16:19:01+00:00","dateModified":"2024-03-01T12:32:04+00:00","breadcrumb":{"@id":"https:\/\/powerfit.ee\/et\/toode\/bcaa-amino-450g\/#breadcrumb"},"inLanguage":"et","potentialAction":[{"@type":"ReadAction","target":["https:\/\/powerfit.ee\/et\/toode\/bcaa-amino-450g\/"]}]},{"@type":"ImageObject","inLanguage":"et","@id":"https:\/\/powerfit.ee\/et\/toode\/bcaa-amino-450g\/#primaryimage","url":"https:\/\/powerfit.ee\/wp-content\/uploads\/2021\/03\/bcaa.png","contentUrl":"https:\/\/powerfit.ee\/wp-content\/uploads\/2021\/03\/bcaa.png","width":1000,"height":1000},{"@type":"BreadcrumbList","@id":"https:\/\/powerfit.ee\/et\/toode\/bcaa-amino-450g\/#breadcrumb","itemListElement":[{"@type":"ListItem","position":1,"name":"Home","item":"https:\/\/powerfit.ee\/et\/"},{"@type":"ListItem","position":2,"name":"\u0412\u0438\u0442\u0440\u0438\u043d\u0430","item":"https:\/\/powerfit.ee\/shop\/"},{"@type":"ListItem","position":3,"name":"BCAA Amino 450g"}]},{"@type":"WebSite","@id":"https:\/\/powerfit.ee\/#website","url":"https:\/\/powerfit.ee\/","name":"POWERFIT","description":"\u041c\u0430\u0433\u0430\u0437\u0438\u043d \u0441\u043f\u043e\u0440\u0442\u0438\u0432\u043d\u043e\u0433\u043e \u043f\u0438\u0442\u0430\u043d\u0438\u044f \u0432 \u042d\u0441\u0442\u043e\u043d\u0438\u0438.","publisher":{"@id":"https:\/\/powerfit.ee\/#organization"},"potentialAction":[{"@type":"SearchAction","target":{"@type":"EntryPoint","urlTemplate":"https:\/\/powerfit.ee\/?s={search_term_string}"},"query-input":{"@type":"PropertyValueSpecification","valueRequired":true,"valueName":"search_term_string"}}],"inLanguage":"et"},{"@type":"Organization","@id":"https:\/\/powerfit.ee\/#organization","name":"BESTBODY O\u00dc","url":"https:\/\/powerfit.ee\/","logo":{"@type":"ImageObject","inLanguage":"et","@id":"https:\/\/powerfit.ee\/#\/schema\/logo\/image\/","url":"https:\/\/powerfit.ee\/wp-content\/uploads\/2021\/03\/\u0421\u043d\u0438\u043c\u043e\u043a-\u044d\u043a\u0440\u0430\u043d\u0430-2021-03-06-\u0432-15.13.50.png","contentUrl":"https:\/\/powerfit.ee\/wp-content\/uploads\/2021\/03\/\u0421\u043d\u0438\u043c\u043e\u043a-\u044d\u043a\u0440\u0430\u043d\u0430-2021-03-06-\u0432-15.13.50.png","width":450,"height":188,"caption":"BESTBODY O\u00dc"},"image":{"@id":"https:\/\/powerfit.ee\/#\/schema\/logo\/image\/"},"sameAs":["https:\/\/www.facebook.com\/powerfit.ee\/","https:\/\/www.instagram.com\/powerfit.ee\/"]}]}},"_links":{"self":[{"href":"https:\/\/powerfit.ee\/et\/wp-json\/wp\/v2\/product\/2483","targetHints":{"allow":["GET"]}}],"collection":[{"href":"https:\/\/powerfit.ee\/et\/wp-json\/wp\/v2\/product"}],"about":[{"href":"https:\/\/powerfit.ee\/et\/wp-json\/wp\/v2\/types\/product"}],"wp:featuredmedia":[{"embeddable":true,"href":"https:\/\/powerfit.ee\/et\/wp-json\/wp\/v2\/media\/2485"}],"wp:attachment":[{"href":"https:\/\/powerfit.ee\/et\/wp-json\/wp\/v2\/media?parent=2483"}],"wp:term":[{"taxonomy":"product_brand","embeddable":true,"href":"https:\/\/powerfit.ee\/et\/wp-json\/wp\/v2\/product_brand?post=2483"},{"taxonomy":"product_cat","embeddable":true,"href":"https:\/\/powerfit.ee\/et\/wp-json\/wp\/v2\/product_cat?post=2483"},{"taxonomy":"product_tag","embeddable":true,"href":"https:\/\/powerfit.ee\/et\/wp-json\/wp\/v2\/product_tag?post=2483"}],"curies":[{"name":"wp","href":"https:\/\/api.w.org\/{rel}","templated":true}]}}