{"id":3214,"date":"2021-05-10T05:16:59","date_gmt":"2021-05-10T05:17:00","guid":{"rendered":"https:\/\/powerfit.ee\/?post_type=product&#038;p=3214"},"modified":"2024-03-01T12:11:18","modified_gmt":"2024-03-01T12:11:18","slug":"l-carnitine-green-tea","status":"publish","type":"product","link":"https:\/\/powerfit.ee\/et\/toode\/l-carnitine-green-tea\/","title":{"rendered":"L-Carnitine rohelise teega 3000mg"},"content":{"rendered":"","protected":false},"excerpt":{"rendered":"<h2><\/h2>\n<h2>100% LOODUSLIK<\/h2>\n<h2>480ml | 32 portsjonit<\/h2>\n<div id=\"product_blocks_description_contents\" class=\"product-blocks-content\">\n<div class=\"box-collateral\">\n<p>Kas soovite kaalust alla v\u00f5tta? L-karnitiin aitab teid selles. See m\u00e4ngib rasvade p\u00f5letamisel asendamatut rolli ja aitab sisse l\u00fclitada k\u00f5ik sellega seotud protsessid. Seda t\u00f5estavad laborikatsed ja seda kontrollivad miljonid sportlased kogu maailmas. Kui olete t\u00f5siselt huvitatud nahaaluse rasva eemaldamisest, siis vajate L-karnitiini.<\/p>\n<\/div>\n<\/div>\n<p>&nbsp;<\/p>\n<div id=\"product_blocks_description_contents\" class=\"product-blocks-content\">\n<div class=\"box-collateral\">\n<div class=\"std\">\n<h3>KUIDAS KASUTADA?<\/h3>\n<p>Raputa pudelit. Joo \u00fcks supilusikat\u00e4is (15ml) v\u00f5i pool korki. T\u00fcdrukutele 1 kord p\u00e4evas, meestele 2 korda p\u00e4evas. Eelistatavalt kohe p\u00e4rast kardiot v\u00f5i enne magamaminekut.<\/p>\n<h2><\/h2>\n<\/div>\n<\/div>\n<\/div>\n<div id=\"product_blocks_nutrition_contents\" class=\"product-blocks-content\">\n<div class=\"box-collateral\">\n<div class=\"std\">\n<h3>LISAINFORMATSIOON<\/h3>\n<p><strong>Portsjoni suurus:<\/strong>\u00a01 spl (15 ml)<br \/>\n<strong>Portsjonid pudeli kohta:<\/strong> 32<\/p>\n<p><strong>Applied Nutrition. Vedel L CARNITINE 3000, 480 ml. Erinevate maitsedega. Toidulisand magusainetega. Koostisosade loetelu (allergiat v\u00f5i talumatust p\u00f5hjustav koostisosa v\u00f5i abiaine m\u00e4rgitud TR\u00dcKIT\u00c4HTEDES). Koostisosad: Deioniseeritud vesi, L-karnitiin, \u00f5unhape, rohelise tee ekstrakt, looduslik l\u00f5hna- ja maitseaine, magusaine (sukraloos), s\u00e4ilitusained (kaaliumsorbaat, naatriumbensoaat), C-vitamiin (askorbiinhape). Sisaldus p\u00e4evase annuse kohta: 1 annus (15 ml) sisaldab: energiav\u00e4\u00e4rtus 6,3 kJ \/ 1,0 kcal, rasvad 0 g, millest k\u00fcllastunud rasvhapped 0 g, s\u00fcsivesikud 0 g, millest suhkrud 0 g; valgud 0 g, sool 0 g, L-karnitiin 3000 mg, rohelise tee ekstrakt 50 mg, vitamiin C 80 mg* (100% NRVst) *NRV \u2013 p\u00e4evased v\u00f5rdluskogused t\u00e4iskasvanutel Annustamine: Enne kasutamist loksutada. Tarbi iga p\u00e4ev \u00fcks portsjon (15 ml supilusikat\u00e4is) L-karnitiini vedelikku. Hoiatused: Ainult t\u00e4iskasvanutele. Mitte kasutada toidulisandit mitmekesise toitumise asendajana! Oluline on toituda mitmek\u00fclgselt ja tasakaalustatult ning harrastada tervislikku elustiili! \u00c4rge \u00fcletage p\u00e4evaseks tarbimiseks soovitatavat kogust! Hoida lastele k\u00e4ttesaamatus kohas! S\u00e4ilitamistingimused: Hoida jahedas, kuivas kohas. Netokogus: 480 ml (42 portsjonit). Parim enne: vaata pakendilt.<\/strong><\/p>\n<h3>T\u00c4HELEPANU<\/h3>\n<\/div>\n<p>P\u00f6\u00f6rduge spetsialisti poole, kui olete alla 18-aastane, rase v\u00f5i olete hiljuti s\u00fcnnitanud v\u00f5i kui teil on mitmesuguseid allergiaid. Hoidke seda jahedas, kuivas ja lastele k\u00e4ttesaamatus kohas.<\/p>\n<h2><\/h2>\n<div class=\"std\">\n<h3>KONTROLLITUD SPORTLASED<\/h3>\n<\/div>\n<p>See toode on testitud ja sertifitseeritud ning on l\u00e4binud k\u00f5ik kvaliteedikontrolli etapid, et tagada sportimiseks k\u00f5rgeim j\u00f5udlus ja ohutus.<\/p>\n<\/div>\n<\/div>\n","protected":false},"featured_media":3934,"template":"","meta":[],"product_brand":[],"product_cat":[160],"product_tag":[],"class_list":{"0":"post-3214","1":"product","2":"type-product","3":"status-publish","4":"has-post-thumbnail","6":"product_cat-kaalu-kaotama","8":"first","9":"outofstock","10":"featured","11":"shipping-taxable","12":"purchasable","13":"product-type-variable","14":"has-default-attributes"},"yoast_head":"<!-- This site is optimized with the Yoast SEO plugin v27.4 - https:\/\/yoast.com\/product\/yoast-seo-wordpress\/ -->\n<title>L-Carnitine rohelise teega 3000mg - POWERFIT \u041c\u0430\u0433\u0430\u0437\u0438\u043d \u0421\u043f\u043e\u0440\u0442\u0438\u0432\u043d\u043e\u0433\u043e \u041f\u0438\u0442\u0430\u043d\u0438\u044f<\/title>\n<meta name=\"robots\" content=\"index, follow, max-snippet:-1, max-image-preview:large, max-video-preview:-1\" \/>\n<link rel=\"canonical\" href=\"https:\/\/powerfit.ee\/et\/toode\/l-carnitine-green-tea\/\" \/>\n<meta property=\"og:locale\" content=\"et_EE\" \/>\n<meta property=\"og:type\" content=\"article\" \/>\n<meta property=\"og:title\" content=\"L-Carnitine rohelise teega 3000mg - POWERFIT \u041c\u0430\u0433\u0430\u0437\u0438\u043d \u0421\u043f\u043e\u0440\u0442\u0438\u0432\u043d\u043e\u0433\u043e \u041f\u0438\u0442\u0430\u043d\u0438\u044f\" \/>\n<meta property=\"og:description\" content=\"100% LOODUSLIK 480ml | 32 portsjonit    Kas soovite kaalust alla v\u00f5tta? L-karnitiin aitab teid selles. See m\u00e4ngib rasvade p\u00f5letamisel asendamatut rolli ja aitab sisse l\u00fclitada k\u00f5ik sellega seotud protsessid. Seda t\u00f5estavad laborikatsed ja seda kontrollivad miljonid sportlased kogu maailmas. Kui olete t\u00f5siselt huvitatud nahaaluse rasva eemaldamisest, siis vajate L-karnitiini.    &nbsp;    KUIDAS KASUTADA? Raputa pudelit. Joo \u00fcks supilusikat\u00e4is (15ml) v\u00f5i pool korki. T\u00fcdrukutele 1 kord p\u00e4evas, meestele 2 korda p\u00e4evas. Eelistatavalt kohe p\u00e4rast kardiot v\u00f5i enne magamaminekut.        LISAINFORMATSIOON Portsjoni suurus:\u00a01 spl (15 ml) Portsjonid pudeli kohta: 32  Applied Nutrition. Vedel L CARNITINE 3000, 480 ml. Erinevate maitsedega. Toidulisand magusainetega. Koostisosade loetelu (allergiat v\u00f5i talumatust p\u00f5hjustav koostisosa v\u00f5i abiaine m\u00e4rgitud TR\u00dcKIT\u00c4HTEDES). Koostisosad: Deioniseeritud vesi, L-karnitiin, \u00f5unhape, rohelise tee ekstrakt, looduslik l\u00f5hna- ja maitseaine, magusaine (sukraloos), s\u00e4ilitusained (kaaliumsorbaat, naatriumbensoaat), C-vitamiin (askorbiinhape). Sisaldus p\u00e4evase annuse kohta: 1 annus (15 ml) sisaldab: energiav\u00e4\u00e4rtus 6,3 kJ \/ 1,0 kcal, rasvad 0 g, millest k\u00fcllastunud rasvhapped 0 g, s\u00fcsivesikud 0 g, millest suhkrud 0 g; valgud 0 g, sool 0 g, L-karnitiin 3000 mg, rohelise tee ekstrakt 50 mg, vitamiin C 80 mg* (100% NRVst) *NRV \u2013 p\u00e4evased v\u00f5rdluskogused t\u00e4iskasvanutel Annustamine: Enne kasutamist loksutada. Tarbi iga p\u00e4ev \u00fcks portsjon (15 ml supilusikat\u00e4is) L-karnitiini vedelikku. Hoiatused: Ainult t\u00e4iskasvanutele. Mitte kasutada toidulisandit mitmekesise toitumise asendajana! Oluline on toituda mitmek\u00fclgselt ja tasakaalustatult ning harrastada tervislikku elustiili! \u00c4rge \u00fcletage p\u00e4evaseks tarbimiseks soovitatavat kogust! Hoida lastele k\u00e4ttesaamatus kohas! S\u00e4ilitamistingimused: Hoida jahedas, kuivas kohas. Netokogus: 480 ml (42 portsjonit). Parim enne: vaata pakendilt. T\u00c4HELEPANU  P\u00f6\u00f6rduge spetsialisti poole, kui olete alla 18-aastane, rase v\u00f5i olete hiljuti s\u00fcnnitanud v\u00f5i kui teil on mitmesuguseid allergiaid. Hoidke seda jahedas, kuivas ja lastele k\u00e4ttesaamatus kohas.   KONTROLLITUD SPORTLASED  See toode on testitud ja sertifitseeritud ning on l\u00e4binud k\u00f5ik kvaliteedikontrolli etapid, et tagada sportimiseks k\u00f5rgeim j\u00f5udlus ja ohutus.\" \/>\n<meta property=\"og:url\" content=\"https:\/\/powerfit.ee\/et\/toode\/l-carnitine-green-tea\/\" \/>\n<meta property=\"og:site_name\" content=\"POWERFIT \u041c\u0430\u0433\u0430\u0437\u0438\u043d \u0421\u043f\u043e\u0440\u0442\u0438\u0432\u043d\u043e\u0433\u043e \u041f\u0438\u0442\u0430\u043d\u0438\u044f\" \/>\n<meta property=\"article:publisher\" content=\"https:\/\/www.facebook.com\/powerfit.ee\/\" \/>\n<meta property=\"article:modified_time\" content=\"2024-03-01T12:11:18+00:00\" \/>\n<meta property=\"og:image\" content=\"https:\/\/powerfit.ee\/wp-content\/uploads\/2021\/05\/l-carnitine-green.png\" \/>\n\t<meta property=\"og:image:width\" content=\"1337\" \/>\n\t<meta property=\"og:image:height\" content=\"1337\" \/>\n\t<meta property=\"og:image:type\" content=\"image\/png\" \/>\n<meta name=\"twitter:card\" content=\"summary_large_image\" \/>\n<script type=\"application\/ld+json\" class=\"yoast-schema-graph\">{\"@context\":\"https:\\\/\\\/schema.org\",\"@graph\":[{\"@type\":\"WebPage\",\"@id\":\"https:\\\/\\\/powerfit.ee\\\/et\\\/toode\\\/l-carnitine-green-tea\\\/\",\"url\":\"https:\\\/\\\/powerfit.ee\\\/et\\\/toode\\\/l-carnitine-green-tea\\\/\",\"name\":\"L-Carnitine rohelise teega 3000mg - POWERFIT \u041c\u0430\u0433\u0430\u0437\u0438\u043d \u0421\u043f\u043e\u0440\u0442\u0438\u0432\u043d\u043e\u0433\u043e \u041f\u0438\u0442\u0430\u043d\u0438\u044f\",\"isPartOf\":{\"@id\":\"https:\\\/\\\/powerfit.ee\\\/#website\"},\"primaryImageOfPage\":{\"@id\":\"https:\\\/\\\/powerfit.ee\\\/et\\\/toode\\\/l-carnitine-green-tea\\\/#primaryimage\"},\"image\":{\"@id\":\"https:\\\/\\\/powerfit.ee\\\/et\\\/toode\\\/l-carnitine-green-tea\\\/#primaryimage\"},\"thumbnailUrl\":\"https:\\\/\\\/powerfit.ee\\\/wp-content\\\/uploads\\\/2021\\\/05\\\/l-carnitine-green.png\",\"datePublished\":\"2021-05-10T05:17:00+00:00\",\"dateModified\":\"2024-03-01T12:11:18+00:00\",\"breadcrumb\":{\"@id\":\"https:\\\/\\\/powerfit.ee\\\/et\\\/toode\\\/l-carnitine-green-tea\\\/#breadcrumb\"},\"inLanguage\":\"et\",\"potentialAction\":[{\"@type\":\"ReadAction\",\"target\":[\"https:\\\/\\\/powerfit.ee\\\/et\\\/toode\\\/l-carnitine-green-tea\\\/\"]}]},{\"@type\":\"ImageObject\",\"inLanguage\":\"et\",\"@id\":\"https:\\\/\\\/powerfit.ee\\\/et\\\/toode\\\/l-carnitine-green-tea\\\/#primaryimage\",\"url\":\"https:\\\/\\\/powerfit.ee\\\/wp-content\\\/uploads\\\/2021\\\/05\\\/l-carnitine-green.png\",\"contentUrl\":\"https:\\\/\\\/powerfit.ee\\\/wp-content\\\/uploads\\\/2021\\\/05\\\/l-carnitine-green.png\",\"width\":1337,\"height\":1337},{\"@type\":\"BreadcrumbList\",\"@id\":\"https:\\\/\\\/powerfit.ee\\\/et\\\/toode\\\/l-carnitine-green-tea\\\/#breadcrumb\",\"itemListElement\":[{\"@type\":\"ListItem\",\"position\":1,\"name\":\"Home\",\"item\":\"https:\\\/\\\/powerfit.ee\\\/et\\\/\"},{\"@type\":\"ListItem\",\"position\":2,\"name\":\"\u0412\u0438\u0442\u0440\u0438\u043d\u0430\",\"item\":\"https:\\\/\\\/powerfit.ee\\\/shop\\\/\"},{\"@type\":\"ListItem\",\"position\":3,\"name\":\"L-Carnitine rohelise teega 3000mg\"}]},{\"@type\":\"WebSite\",\"@id\":\"https:\\\/\\\/powerfit.ee\\\/#website\",\"url\":\"https:\\\/\\\/powerfit.ee\\\/\",\"name\":\"POWERFIT\",\"description\":\"\u041c\u0430\u0433\u0430\u0437\u0438\u043d \u0441\u043f\u043e\u0440\u0442\u0438\u0432\u043d\u043e\u0433\u043e \u043f\u0438\u0442\u0430\u043d\u0438\u044f \u0432 \u042d\u0441\u0442\u043e\u043d\u0438\u0438.\",\"publisher\":{\"@id\":\"https:\\\/\\\/powerfit.ee\\\/#organization\"},\"potentialAction\":[{\"@type\":\"SearchAction\",\"target\":{\"@type\":\"EntryPoint\",\"urlTemplate\":\"https:\\\/\\\/powerfit.ee\\\/?s={search_term_string}\"},\"query-input\":{\"@type\":\"PropertyValueSpecification\",\"valueRequired\":true,\"valueName\":\"search_term_string\"}}],\"inLanguage\":\"et\"},{\"@type\":\"Organization\",\"@id\":\"https:\\\/\\\/powerfit.ee\\\/#organization\",\"name\":\"BESTBODY O\u00dc\",\"url\":\"https:\\\/\\\/powerfit.ee\\\/\",\"logo\":{\"@type\":\"ImageObject\",\"inLanguage\":\"et\",\"@id\":\"https:\\\/\\\/powerfit.ee\\\/#\\\/schema\\\/logo\\\/image\\\/\",\"url\":\"https:\\\/\\\/powerfit.ee\\\/wp-content\\\/uploads\\\/2021\\\/03\\\/\u0421\u043d\u0438\u043c\u043e\u043a-\u044d\u043a\u0440\u0430\u043d\u0430-2021-03-06-\u0432-15.13.50.png\",\"contentUrl\":\"https:\\\/\\\/powerfit.ee\\\/wp-content\\\/uploads\\\/2021\\\/03\\\/\u0421\u043d\u0438\u043c\u043e\u043a-\u044d\u043a\u0440\u0430\u043d\u0430-2021-03-06-\u0432-15.13.50.png\",\"width\":450,\"height\":188,\"caption\":\"BESTBODY O\u00dc\"},\"image\":{\"@id\":\"https:\\\/\\\/powerfit.ee\\\/#\\\/schema\\\/logo\\\/image\\\/\"},\"sameAs\":[\"https:\\\/\\\/www.facebook.com\\\/powerfit.ee\\\/\",\"https:\\\/\\\/www.instagram.com\\\/powerfit.ee\\\/\"]}]}<\/script>\n<!-- \/ Yoast SEO plugin. -->","yoast_head_json":{"title":"L-Carnitine rohelise teega 3000mg - POWERFIT \u041c\u0430\u0433\u0430\u0437\u0438\u043d \u0421\u043f\u043e\u0440\u0442\u0438\u0432\u043d\u043e\u0433\u043e \u041f\u0438\u0442\u0430\u043d\u0438\u044f","robots":{"index":"index","follow":"follow","max-snippet":"max-snippet:-1","max-image-preview":"max-image-preview:large","max-video-preview":"max-video-preview:-1"},"canonical":"https:\/\/powerfit.ee\/et\/toode\/l-carnitine-green-tea\/","og_locale":"et_EE","og_type":"article","og_title":"L-Carnitine rohelise teega 3000mg - POWERFIT \u041c\u0430\u0433\u0430\u0437\u0438\u043d \u0421\u043f\u043e\u0440\u0442\u0438\u0432\u043d\u043e\u0433\u043e \u041f\u0438\u0442\u0430\u043d\u0438\u044f","og_description":"100% LOODUSLIK 480ml | 32 portsjonit    Kas soovite kaalust alla v\u00f5tta? L-karnitiin aitab teid selles. See m\u00e4ngib rasvade p\u00f5letamisel asendamatut rolli ja aitab sisse l\u00fclitada k\u00f5ik sellega seotud protsessid. Seda t\u00f5estavad laborikatsed ja seda kontrollivad miljonid sportlased kogu maailmas. Kui olete t\u00f5siselt huvitatud nahaaluse rasva eemaldamisest, siis vajate L-karnitiini.    &nbsp;    KUIDAS KASUTADA? Raputa pudelit. Joo \u00fcks supilusikat\u00e4is (15ml) v\u00f5i pool korki. T\u00fcdrukutele 1 kord p\u00e4evas, meestele 2 korda p\u00e4evas. Eelistatavalt kohe p\u00e4rast kardiot v\u00f5i enne magamaminekut.        LISAINFORMATSIOON Portsjoni suurus:\u00a01 spl (15 ml) Portsjonid pudeli kohta: 32  Applied Nutrition. Vedel L CARNITINE 3000, 480 ml. Erinevate maitsedega. Toidulisand magusainetega. Koostisosade loetelu (allergiat v\u00f5i talumatust p\u00f5hjustav koostisosa v\u00f5i abiaine m\u00e4rgitud TR\u00dcKIT\u00c4HTEDES). Koostisosad: Deioniseeritud vesi, L-karnitiin, \u00f5unhape, rohelise tee ekstrakt, looduslik l\u00f5hna- ja maitseaine, magusaine (sukraloos), s\u00e4ilitusained (kaaliumsorbaat, naatriumbensoaat), C-vitamiin (askorbiinhape). Sisaldus p\u00e4evase annuse kohta: 1 annus (15 ml) sisaldab: energiav\u00e4\u00e4rtus 6,3 kJ \/ 1,0 kcal, rasvad 0 g, millest k\u00fcllastunud rasvhapped 0 g, s\u00fcsivesikud 0 g, millest suhkrud 0 g; valgud 0 g, sool 0 g, L-karnitiin 3000 mg, rohelise tee ekstrakt 50 mg, vitamiin C 80 mg* (100% NRVst) *NRV \u2013 p\u00e4evased v\u00f5rdluskogused t\u00e4iskasvanutel Annustamine: Enne kasutamist loksutada. Tarbi iga p\u00e4ev \u00fcks portsjon (15 ml supilusikat\u00e4is) L-karnitiini vedelikku. Hoiatused: Ainult t\u00e4iskasvanutele. Mitte kasutada toidulisandit mitmekesise toitumise asendajana! Oluline on toituda mitmek\u00fclgselt ja tasakaalustatult ning harrastada tervislikku elustiili! \u00c4rge \u00fcletage p\u00e4evaseks tarbimiseks soovitatavat kogust! Hoida lastele k\u00e4ttesaamatus kohas! S\u00e4ilitamistingimused: Hoida jahedas, kuivas kohas. Netokogus: 480 ml (42 portsjonit). Parim enne: vaata pakendilt. T\u00c4HELEPANU  P\u00f6\u00f6rduge spetsialisti poole, kui olete alla 18-aastane, rase v\u00f5i olete hiljuti s\u00fcnnitanud v\u00f5i kui teil on mitmesuguseid allergiaid. Hoidke seda jahedas, kuivas ja lastele k\u00e4ttesaamatus kohas.   KONTROLLITUD SPORTLASED  See toode on testitud ja sertifitseeritud ning on l\u00e4binud k\u00f5ik kvaliteedikontrolli etapid, et tagada sportimiseks k\u00f5rgeim j\u00f5udlus ja ohutus.","og_url":"https:\/\/powerfit.ee\/et\/toode\/l-carnitine-green-tea\/","og_site_name":"POWERFIT \u041c\u0430\u0433\u0430\u0437\u0438\u043d \u0421\u043f\u043e\u0440\u0442\u0438\u0432\u043d\u043e\u0433\u043e \u041f\u0438\u0442\u0430\u043d\u0438\u044f","article_publisher":"https:\/\/www.facebook.com\/powerfit.ee\/","article_modified_time":"2024-03-01T12:11:18+00:00","og_image":[{"width":1337,"height":1337,"url":"https:\/\/powerfit.ee\/wp-content\/uploads\/2021\/05\/l-carnitine-green.png","type":"image\/png"}],"twitter_card":"summary_large_image","schema":{"@context":"https:\/\/schema.org","@graph":[{"@type":"WebPage","@id":"https:\/\/powerfit.ee\/et\/toode\/l-carnitine-green-tea\/","url":"https:\/\/powerfit.ee\/et\/toode\/l-carnitine-green-tea\/","name":"L-Carnitine rohelise teega 3000mg - POWERFIT \u041c\u0430\u0433\u0430\u0437\u0438\u043d \u0421\u043f\u043e\u0440\u0442\u0438\u0432\u043d\u043e\u0433\u043e \u041f\u0438\u0442\u0430\u043d\u0438\u044f","isPartOf":{"@id":"https:\/\/powerfit.ee\/#website"},"primaryImageOfPage":{"@id":"https:\/\/powerfit.ee\/et\/toode\/l-carnitine-green-tea\/#primaryimage"},"image":{"@id":"https:\/\/powerfit.ee\/et\/toode\/l-carnitine-green-tea\/#primaryimage"},"thumbnailUrl":"https:\/\/powerfit.ee\/wp-content\/uploads\/2021\/05\/l-carnitine-green.png","datePublished":"2021-05-10T05:17:00+00:00","dateModified":"2024-03-01T12:11:18+00:00","breadcrumb":{"@id":"https:\/\/powerfit.ee\/et\/toode\/l-carnitine-green-tea\/#breadcrumb"},"inLanguage":"et","potentialAction":[{"@type":"ReadAction","target":["https:\/\/powerfit.ee\/et\/toode\/l-carnitine-green-tea\/"]}]},{"@type":"ImageObject","inLanguage":"et","@id":"https:\/\/powerfit.ee\/et\/toode\/l-carnitine-green-tea\/#primaryimage","url":"https:\/\/powerfit.ee\/wp-content\/uploads\/2021\/05\/l-carnitine-green.png","contentUrl":"https:\/\/powerfit.ee\/wp-content\/uploads\/2021\/05\/l-carnitine-green.png","width":1337,"height":1337},{"@type":"BreadcrumbList","@id":"https:\/\/powerfit.ee\/et\/toode\/l-carnitine-green-tea\/#breadcrumb","itemListElement":[{"@type":"ListItem","position":1,"name":"Home","item":"https:\/\/powerfit.ee\/et\/"},{"@type":"ListItem","position":2,"name":"\u0412\u0438\u0442\u0440\u0438\u043d\u0430","item":"https:\/\/powerfit.ee\/shop\/"},{"@type":"ListItem","position":3,"name":"L-Carnitine rohelise teega 3000mg"}]},{"@type":"WebSite","@id":"https:\/\/powerfit.ee\/#website","url":"https:\/\/powerfit.ee\/","name":"POWERFIT","description":"\u041c\u0430\u0433\u0430\u0437\u0438\u043d \u0441\u043f\u043e\u0440\u0442\u0438\u0432\u043d\u043e\u0433\u043e \u043f\u0438\u0442\u0430\u043d\u0438\u044f \u0432 \u042d\u0441\u0442\u043e\u043d\u0438\u0438.","publisher":{"@id":"https:\/\/powerfit.ee\/#organization"},"potentialAction":[{"@type":"SearchAction","target":{"@type":"EntryPoint","urlTemplate":"https:\/\/powerfit.ee\/?s={search_term_string}"},"query-input":{"@type":"PropertyValueSpecification","valueRequired":true,"valueName":"search_term_string"}}],"inLanguage":"et"},{"@type":"Organization","@id":"https:\/\/powerfit.ee\/#organization","name":"BESTBODY O\u00dc","url":"https:\/\/powerfit.ee\/","logo":{"@type":"ImageObject","inLanguage":"et","@id":"https:\/\/powerfit.ee\/#\/schema\/logo\/image\/","url":"https:\/\/powerfit.ee\/wp-content\/uploads\/2021\/03\/\u0421\u043d\u0438\u043c\u043e\u043a-\u044d\u043a\u0440\u0430\u043d\u0430-2021-03-06-\u0432-15.13.50.png","contentUrl":"https:\/\/powerfit.ee\/wp-content\/uploads\/2021\/03\/\u0421\u043d\u0438\u043c\u043e\u043a-\u044d\u043a\u0440\u0430\u043d\u0430-2021-03-06-\u0432-15.13.50.png","width":450,"height":188,"caption":"BESTBODY O\u00dc"},"image":{"@id":"https:\/\/powerfit.ee\/#\/schema\/logo\/image\/"},"sameAs":["https:\/\/www.facebook.com\/powerfit.ee\/","https:\/\/www.instagram.com\/powerfit.ee\/"]}]}},"_links":{"self":[{"href":"https:\/\/powerfit.ee\/et\/wp-json\/wp\/v2\/product\/3214","targetHints":{"allow":["GET"]}}],"collection":[{"href":"https:\/\/powerfit.ee\/et\/wp-json\/wp\/v2\/product"}],"about":[{"href":"https:\/\/powerfit.ee\/et\/wp-json\/wp\/v2\/types\/product"}],"wp:featuredmedia":[{"embeddable":true,"href":"https:\/\/powerfit.ee\/et\/wp-json\/wp\/v2\/media\/3934"}],"wp:attachment":[{"href":"https:\/\/powerfit.ee\/et\/wp-json\/wp\/v2\/media?parent=3214"}],"wp:term":[{"taxonomy":"product_brand","embeddable":true,"href":"https:\/\/powerfit.ee\/et\/wp-json\/wp\/v2\/product_brand?post=3214"},{"taxonomy":"product_cat","embeddable":true,"href":"https:\/\/powerfit.ee\/et\/wp-json\/wp\/v2\/product_cat?post=3214"},{"taxonomy":"product_tag","embeddable":true,"href":"https:\/\/powerfit.ee\/et\/wp-json\/wp\/v2\/product_tag?post=3214"}],"curies":[{"name":"wp","href":"https:\/\/api.w.org\/{rel}","templated":true}]}}