{"id":3295,"date":"2021-05-29T05:18:10","date_gmt":"2021-05-29T05:18:10","guid":{"rendered":"https:\/\/powerfit.ee\/?post_type=product&#038;p=3295"},"modified":"2021-05-29T05:27:06","modified_gmt":"2021-05-29T05:27:06","slug":"waterjug","status":"publish","type":"product","link":"https:\/\/powerfit.ee\/et\/toode\/waterjug\/","title":{"rendered":"Pudel &#8220;T\u00dcNN&#8221; 2.5l"},"content":{"rendered":"","protected":false},"excerpt":{"rendered":"<h2>2.5l<\/h2>\n<div id=\"product_blocks_description_contents\" class=\"product-blocks-content\">\n<div class=\"box-collateral\">\n<p>&#8220;T\u00dcNN&#8221; on parim lahendus kogu p\u00e4eva joomiseks ja igap\u00e4evase vedeliku tarbimise tagamiseks.<\/p>\n<\/div>\n<p>&nbsp;<\/p>\n<h3>FUNKTSIOONID<\/h3>\n<ul>\n<li>1. Piisab terveks p\u00e4evaks<\/li>\n<li>2. Tugev ja usaldusv\u00e4\u00e4rne<\/li>\n<\/ul>\n<\/div>\n","protected":false},"featured_media":3297,"template":"","meta":[],"product_brand":[],"product_cat":[212],"product_tag":[],"class_list":{"0":"post-3295","1":"product","2":"type-product","3":"status-publish","4":"has-post-thumbnail","6":"product_cat-shakers","8":"first","9":"outofstock","10":"shipping-taxable","11":"purchasable","12":"product-type-simple"},"yoast_head":"<!-- This site is optimized with the Yoast SEO plugin v27.4 - https:\/\/yoast.com\/product\/yoast-seo-wordpress\/ -->\n<title>Pudel &quot;T\u00dcNN&quot; 2.5l - POWERFIT \u041c\u0430\u0433\u0430\u0437\u0438\u043d \u0421\u043f\u043e\u0440\u0442\u0438\u0432\u043d\u043e\u0433\u043e \u041f\u0438\u0442\u0430\u043d\u0438\u044f<\/title>\n<meta name=\"robots\" content=\"index, follow, max-snippet:-1, max-image-preview:large, max-video-preview:-1\" \/>\n<link rel=\"canonical\" href=\"https:\/\/powerfit.ee\/et\/toode\/waterjug\/\" \/>\n<meta property=\"og:locale\" content=\"et_EE\" \/>\n<meta property=\"og:type\" content=\"article\" \/>\n<meta property=\"og:title\" content=\"Pudel &quot;T\u00dcNN&quot; 2.5l - POWERFIT \u041c\u0430\u0433\u0430\u0437\u0438\u043d \u0421\u043f\u043e\u0440\u0442\u0438\u0432\u043d\u043e\u0433\u043e \u041f\u0438\u0442\u0430\u043d\u0438\u044f\" \/>\n<meta property=\"og:description\" content=\"2.5l    &quot;T\u00dcNN&quot; on parim lahendus kogu p\u00e4eva joomiseks ja igap\u00e4evase vedeliku tarbimise tagamiseks.   &nbsp; FUNKTSIOONID   1. Piisab terveks p\u00e4evaks  2. Tugev ja usaldusv\u00e4\u00e4rne\" \/>\n<meta property=\"og:url\" content=\"https:\/\/powerfit.ee\/et\/toode\/waterjug\/\" \/>\n<meta property=\"og:site_name\" content=\"POWERFIT \u041c\u0430\u0433\u0430\u0437\u0438\u043d \u0421\u043f\u043e\u0440\u0442\u0438\u0432\u043d\u043e\u0433\u043e \u041f\u0438\u0442\u0430\u043d\u0438\u044f\" \/>\n<meta property=\"article:publisher\" content=\"https:\/\/www.facebook.com\/powerfit.ee\/\" \/>\n<meta property=\"article:modified_time\" content=\"2021-05-29T05:27:06+00:00\" \/>\n<meta property=\"og:image\" content=\"https:\/\/powerfit.ee\/wp-content\/uploads\/2021\/05\/Matt-Water-Jug-2.5L.png\" \/>\n\t<meta property=\"og:image:width\" content=\"1500\" \/>\n\t<meta property=\"og:image:height\" content=\"1500\" \/>\n\t<meta property=\"og:image:type\" content=\"image\/png\" \/>\n<meta name=\"twitter:card\" content=\"summary_large_image\" \/>\n<script type=\"application\/ld+json\" class=\"yoast-schema-graph\">{\"@context\":\"https:\\\/\\\/schema.org\",\"@graph\":[{\"@type\":\"WebPage\",\"@id\":\"https:\\\/\\\/powerfit.ee\\\/et\\\/toode\\\/waterjug\\\/\",\"url\":\"https:\\\/\\\/powerfit.ee\\\/et\\\/toode\\\/waterjug\\\/\",\"name\":\"Pudel \\\"T\u00dcNN\\\" 2.5l - POWERFIT \u041c\u0430\u0433\u0430\u0437\u0438\u043d \u0421\u043f\u043e\u0440\u0442\u0438\u0432\u043d\u043e\u0433\u043e \u041f\u0438\u0442\u0430\u043d\u0438\u044f\",\"isPartOf\":{\"@id\":\"https:\\\/\\\/powerfit.ee\\\/#website\"},\"primaryImageOfPage\":{\"@id\":\"https:\\\/\\\/powerfit.ee\\\/et\\\/toode\\\/waterjug\\\/#primaryimage\"},\"image\":{\"@id\":\"https:\\\/\\\/powerfit.ee\\\/et\\\/toode\\\/waterjug\\\/#primaryimage\"},\"thumbnailUrl\":\"https:\\\/\\\/powerfit.ee\\\/wp-content\\\/uploads\\\/2021\\\/05\\\/Matt-Water-Jug-2.5L.png\",\"datePublished\":\"2021-05-29T05:18:10+00:00\",\"dateModified\":\"2021-05-29T05:27:06+00:00\",\"breadcrumb\":{\"@id\":\"https:\\\/\\\/powerfit.ee\\\/et\\\/toode\\\/waterjug\\\/#breadcrumb\"},\"inLanguage\":\"et\",\"potentialAction\":[{\"@type\":\"ReadAction\",\"target\":[\"https:\\\/\\\/powerfit.ee\\\/et\\\/toode\\\/waterjug\\\/\"]}]},{\"@type\":\"ImageObject\",\"inLanguage\":\"et\",\"@id\":\"https:\\\/\\\/powerfit.ee\\\/et\\\/toode\\\/waterjug\\\/#primaryimage\",\"url\":\"https:\\\/\\\/powerfit.ee\\\/wp-content\\\/uploads\\\/2021\\\/05\\\/Matt-Water-Jug-2.5L.png\",\"contentUrl\":\"https:\\\/\\\/powerfit.ee\\\/wp-content\\\/uploads\\\/2021\\\/05\\\/Matt-Water-Jug-2.5L.png\",\"width\":1500,\"height\":1500},{\"@type\":\"BreadcrumbList\",\"@id\":\"https:\\\/\\\/powerfit.ee\\\/et\\\/toode\\\/waterjug\\\/#breadcrumb\",\"itemListElement\":[{\"@type\":\"ListItem\",\"position\":1,\"name\":\"Home\",\"item\":\"https:\\\/\\\/powerfit.ee\\\/et\\\/\"},{\"@type\":\"ListItem\",\"position\":2,\"name\":\"\u0412\u0438\u0442\u0440\u0438\u043d\u0430\",\"item\":\"https:\\\/\\\/powerfit.ee\\\/shop\\\/\"},{\"@type\":\"ListItem\",\"position\":3,\"name\":\"Pudel &#171;T\u00dcNN&#187; 2.5l\"}]},{\"@type\":\"WebSite\",\"@id\":\"https:\\\/\\\/powerfit.ee\\\/#website\",\"url\":\"https:\\\/\\\/powerfit.ee\\\/\",\"name\":\"POWERFIT\",\"description\":\"\u041c\u0430\u0433\u0430\u0437\u0438\u043d \u0441\u043f\u043e\u0440\u0442\u0438\u0432\u043d\u043e\u0433\u043e \u043f\u0438\u0442\u0430\u043d\u0438\u044f \u0432 \u042d\u0441\u0442\u043e\u043d\u0438\u0438.\",\"publisher\":{\"@id\":\"https:\\\/\\\/powerfit.ee\\\/#organization\"},\"potentialAction\":[{\"@type\":\"SearchAction\",\"target\":{\"@type\":\"EntryPoint\",\"urlTemplate\":\"https:\\\/\\\/powerfit.ee\\\/?s={search_term_string}\"},\"query-input\":{\"@type\":\"PropertyValueSpecification\",\"valueRequired\":true,\"valueName\":\"search_term_string\"}}],\"inLanguage\":\"et\"},{\"@type\":\"Organization\",\"@id\":\"https:\\\/\\\/powerfit.ee\\\/#organization\",\"name\":\"BESTBODY O\u00dc\",\"url\":\"https:\\\/\\\/powerfit.ee\\\/\",\"logo\":{\"@type\":\"ImageObject\",\"inLanguage\":\"et\",\"@id\":\"https:\\\/\\\/powerfit.ee\\\/#\\\/schema\\\/logo\\\/image\\\/\",\"url\":\"https:\\\/\\\/powerfit.ee\\\/wp-content\\\/uploads\\\/2021\\\/03\\\/\u0421\u043d\u0438\u043c\u043e\u043a-\u044d\u043a\u0440\u0430\u043d\u0430-2021-03-06-\u0432-15.13.50.png\",\"contentUrl\":\"https:\\\/\\\/powerfit.ee\\\/wp-content\\\/uploads\\\/2021\\\/03\\\/\u0421\u043d\u0438\u043c\u043e\u043a-\u044d\u043a\u0440\u0430\u043d\u0430-2021-03-06-\u0432-15.13.50.png\",\"width\":450,\"height\":188,\"caption\":\"BESTBODY O\u00dc\"},\"image\":{\"@id\":\"https:\\\/\\\/powerfit.ee\\\/#\\\/schema\\\/logo\\\/image\\\/\"},\"sameAs\":[\"https:\\\/\\\/www.facebook.com\\\/powerfit.ee\\\/\",\"https:\\\/\\\/www.instagram.com\\\/powerfit.ee\\\/\"]}]}<\/script>\n<!-- \/ Yoast SEO plugin. -->","yoast_head_json":{"title":"Pudel \"T\u00dcNN\" 2.5l - POWERFIT \u041c\u0430\u0433\u0430\u0437\u0438\u043d \u0421\u043f\u043e\u0440\u0442\u0438\u0432\u043d\u043e\u0433\u043e \u041f\u0438\u0442\u0430\u043d\u0438\u044f","robots":{"index":"index","follow":"follow","max-snippet":"max-snippet:-1","max-image-preview":"max-image-preview:large","max-video-preview":"max-video-preview:-1"},"canonical":"https:\/\/powerfit.ee\/et\/toode\/waterjug\/","og_locale":"et_EE","og_type":"article","og_title":"Pudel \"T\u00dcNN\" 2.5l - POWERFIT \u041c\u0430\u0433\u0430\u0437\u0438\u043d \u0421\u043f\u043e\u0440\u0442\u0438\u0432\u043d\u043e\u0433\u043e \u041f\u0438\u0442\u0430\u043d\u0438\u044f","og_description":"2.5l    \"T\u00dcNN\" on parim lahendus kogu p\u00e4eva joomiseks ja igap\u00e4evase vedeliku tarbimise tagamiseks.   &nbsp; FUNKTSIOONID   1. Piisab terveks p\u00e4evaks  2. Tugev ja usaldusv\u00e4\u00e4rne","og_url":"https:\/\/powerfit.ee\/et\/toode\/waterjug\/","og_site_name":"POWERFIT \u041c\u0430\u0433\u0430\u0437\u0438\u043d \u0421\u043f\u043e\u0440\u0442\u0438\u0432\u043d\u043e\u0433\u043e \u041f\u0438\u0442\u0430\u043d\u0438\u044f","article_publisher":"https:\/\/www.facebook.com\/powerfit.ee\/","article_modified_time":"2021-05-29T05:27:06+00:00","og_image":[{"width":1500,"height":1500,"url":"https:\/\/powerfit.ee\/wp-content\/uploads\/2021\/05\/Matt-Water-Jug-2.5L.png","type":"image\/png"}],"twitter_card":"summary_large_image","schema":{"@context":"https:\/\/schema.org","@graph":[{"@type":"WebPage","@id":"https:\/\/powerfit.ee\/et\/toode\/waterjug\/","url":"https:\/\/powerfit.ee\/et\/toode\/waterjug\/","name":"Pudel \"T\u00dcNN\" 2.5l - POWERFIT \u041c\u0430\u0433\u0430\u0437\u0438\u043d \u0421\u043f\u043e\u0440\u0442\u0438\u0432\u043d\u043e\u0433\u043e \u041f\u0438\u0442\u0430\u043d\u0438\u044f","isPartOf":{"@id":"https:\/\/powerfit.ee\/#website"},"primaryImageOfPage":{"@id":"https:\/\/powerfit.ee\/et\/toode\/waterjug\/#primaryimage"},"image":{"@id":"https:\/\/powerfit.ee\/et\/toode\/waterjug\/#primaryimage"},"thumbnailUrl":"https:\/\/powerfit.ee\/wp-content\/uploads\/2021\/05\/Matt-Water-Jug-2.5L.png","datePublished":"2021-05-29T05:18:10+00:00","dateModified":"2021-05-29T05:27:06+00:00","breadcrumb":{"@id":"https:\/\/powerfit.ee\/et\/toode\/waterjug\/#breadcrumb"},"inLanguage":"et","potentialAction":[{"@type":"ReadAction","target":["https:\/\/powerfit.ee\/et\/toode\/waterjug\/"]}]},{"@type":"ImageObject","inLanguage":"et","@id":"https:\/\/powerfit.ee\/et\/toode\/waterjug\/#primaryimage","url":"https:\/\/powerfit.ee\/wp-content\/uploads\/2021\/05\/Matt-Water-Jug-2.5L.png","contentUrl":"https:\/\/powerfit.ee\/wp-content\/uploads\/2021\/05\/Matt-Water-Jug-2.5L.png","width":1500,"height":1500},{"@type":"BreadcrumbList","@id":"https:\/\/powerfit.ee\/et\/toode\/waterjug\/#breadcrumb","itemListElement":[{"@type":"ListItem","position":1,"name":"Home","item":"https:\/\/powerfit.ee\/et\/"},{"@type":"ListItem","position":2,"name":"\u0412\u0438\u0442\u0440\u0438\u043d\u0430","item":"https:\/\/powerfit.ee\/shop\/"},{"@type":"ListItem","position":3,"name":"Pudel &#171;T\u00dcNN&#187; 2.5l"}]},{"@type":"WebSite","@id":"https:\/\/powerfit.ee\/#website","url":"https:\/\/powerfit.ee\/","name":"POWERFIT","description":"\u041c\u0430\u0433\u0430\u0437\u0438\u043d \u0441\u043f\u043e\u0440\u0442\u0438\u0432\u043d\u043e\u0433\u043e \u043f\u0438\u0442\u0430\u043d\u0438\u044f \u0432 \u042d\u0441\u0442\u043e\u043d\u0438\u0438.","publisher":{"@id":"https:\/\/powerfit.ee\/#organization"},"potentialAction":[{"@type":"SearchAction","target":{"@type":"EntryPoint","urlTemplate":"https:\/\/powerfit.ee\/?s={search_term_string}"},"query-input":{"@type":"PropertyValueSpecification","valueRequired":true,"valueName":"search_term_string"}}],"inLanguage":"et"},{"@type":"Organization","@id":"https:\/\/powerfit.ee\/#organization","name":"BESTBODY O\u00dc","url":"https:\/\/powerfit.ee\/","logo":{"@type":"ImageObject","inLanguage":"et","@id":"https:\/\/powerfit.ee\/#\/schema\/logo\/image\/","url":"https:\/\/powerfit.ee\/wp-content\/uploads\/2021\/03\/\u0421\u043d\u0438\u043c\u043e\u043a-\u044d\u043a\u0440\u0430\u043d\u0430-2021-03-06-\u0432-15.13.50.png","contentUrl":"https:\/\/powerfit.ee\/wp-content\/uploads\/2021\/03\/\u0421\u043d\u0438\u043c\u043e\u043a-\u044d\u043a\u0440\u0430\u043d\u0430-2021-03-06-\u0432-15.13.50.png","width":450,"height":188,"caption":"BESTBODY O\u00dc"},"image":{"@id":"https:\/\/powerfit.ee\/#\/schema\/logo\/image\/"},"sameAs":["https:\/\/www.facebook.com\/powerfit.ee\/","https:\/\/www.instagram.com\/powerfit.ee\/"]}]}},"_links":{"self":[{"href":"https:\/\/powerfit.ee\/et\/wp-json\/wp\/v2\/product\/3295","targetHints":{"allow":["GET"]}}],"collection":[{"href":"https:\/\/powerfit.ee\/et\/wp-json\/wp\/v2\/product"}],"about":[{"href":"https:\/\/powerfit.ee\/et\/wp-json\/wp\/v2\/types\/product"}],"wp:featuredmedia":[{"embeddable":true,"href":"https:\/\/powerfit.ee\/et\/wp-json\/wp\/v2\/media\/3297"}],"wp:attachment":[{"href":"https:\/\/powerfit.ee\/et\/wp-json\/wp\/v2\/media?parent=3295"}],"wp:term":[{"taxonomy":"product_brand","embeddable":true,"href":"https:\/\/powerfit.ee\/et\/wp-json\/wp\/v2\/product_brand?post=3295"},{"taxonomy":"product_cat","embeddable":true,"href":"https:\/\/powerfit.ee\/et\/wp-json\/wp\/v2\/product_cat?post=3295"},{"taxonomy":"product_tag","embeddable":true,"href":"https:\/\/powerfit.ee\/et\/wp-json\/wp\/v2\/product_tag?post=3295"}],"curies":[{"name":"wp","href":"https:\/\/api.w.org\/{rel}","templated":true}]}}