{"id":3302,"date":"2021-05-29T05:53:59","date_gmt":"2021-05-29T05:53:59","guid":{"rendered":"https:\/\/powerfit.ee\/?post_type=product&#038;p=3302"},"modified":"2024-03-01T12:23:17","modified_gmt":"2024-03-01T12:23:17","slug":"shredx90","status":"publish","type":"product","link":"https:\/\/powerfit.ee\/et\/toode\/shredx90\/","title":{"rendered":"SHRED-X FAT BURNER kapslid"},"content":{"rendered":"","protected":false},"excerpt":{"rendered":"<div id=\"product_blocks_description_contents\" class=\"product-blocks-content\">\n<div class=\"box-collateral\">\n<div class=\"std\">\n<h2><\/h2>\n<h2>\u00dcLIMATIIVNE RASVAP\u00d5LETUS<\/h2>\n<h2>90\u00a0kapslid | 30 portsjonit<\/h2>\n<h2><\/h2>\n<p>SHRED-X on v\u00f5imas rasvap\u00f5letaja. See on loodud uusimate tehnoloogiate abil, millel on ainult \u00fcks eesm\u00e4rk &#8211; kaasata k\u00f5ik v\u00f5imalikud rasvap\u00f5letusprotsessid, kasutades parimate ja t\u00f5estatud koostisosade kombinatsiooni. See on ideaalne valik neile, kes soovivad kiiresti ja ohutult kaalust alla v\u00f5tta, olla energilised ja aktiivsed.<\/p>\n<\/div>\n<\/div>\n<\/div>\n<div id=\"product_blocks_description_contents\" class=\"product-blocks-content\">\n<div class=\"box-collateral\">\n<div class=\"std\">\n<h2><\/h2>\n<h3>KUIDAS KASUTADA?<\/h3>\n<p>Mehed 3 kapslit, t\u00fcdrukud 1-2 kapslit p\u00e4evas. Joo hommikul koos toiduga.<\/p>\n<\/div>\n<h2><\/h2>\n<\/div>\n<\/div>\n<div id=\"product_blocks_nutrition_contents\" class=\"product-blocks-content\">\n<div class=\"box-collateral\">\n<div class=\"std\">\n<h3>\u0414\u041e\u041f \u0418\u041d\u0424\u0420\u041c\u0410\u0426\u0418\u042f<\/h3>\n<p><strong>Portsjoni suurus:<\/strong>\u00a03 kapslid<\/p>\n<p><strong>Portsjonid konteineri kohta:<\/strong> 30<\/p>\n<p><strong>Applied Nutrition.SHRED X EXTREME THERMOGENIC rasvap\u00f5letaja. 90 kaplsit. Toidulisand. Koostisosade loetelu (allergiat v\u00f5i talumatust p\u00f5hjustav koostisosa v\u00f5i abiaine m\u00e4rgitud TR\u00dcKIT\u00c4HTEDES). Koostisosad: Rohelise tee ekstrakt, veevaba kofeiin, Cayenne&#8217;i pipra ekstrakt (Capsicum annuum L.), oliivilehtede ekstrakt (standardeeritud 30% oleuropeiin), L-t\u00fcrosiin, koliinbitartraat, gamma-but\u00fcrobetain EE HCl (ProGBB\u2122), vitamiin B3 (nikotiinamiid) , BioPerine\u00ae (musta pipra ekstrakt), vitamiin B6 (p\u00fcridoksiin HCl), vitamiin B12 (ts\u00fcanokobalamiin), kroompikolinaat, taimne kapsli kest (h\u00fcdroks\u00fcprop\u00fc\u00fclmet\u00fc\u00fcltselluloos, briljantsinine FCF), magneesiumstearaat (taimne), r\u00e4nidioksiid. V\u00f5ib sisaldada piima, muna, soja, kala, gluteeni sisaldavaid teravilju ja nendest valmistatud tooteid. Sisaldus p\u00e4evase annuse kohta: 1 annus (3 kapslit ) sisaldab: Rohelise tee ekstrakt (95% pol\u00fcfenoolid, 40% EGCG) 800 mg, sisaldab EpiGalloCatechin-3-Gallate (EGCG) 320 mg, Veevaba kofeiin 250 mg, Cayenne&#8217;i pipra ekstrakt 200 mg, Oliivilehe ekstrakt 200 mg, ProGBB\u2122 (Gamma But\u00fcrobetaine EE HCI) 25 mg, Musta pipra vilja ekstrakt (BioPerine\u00ae), annab 95% piperiini 5 mg, L-T\u00fcrosiin 150 mg, Koliinbitartraat 205 mg, annab koliini 82,5 mg, Vitamiin B3 16 mg (100%*), Vitamiin B6 5 mg (358%*), Vitamiin B12 200 mcg (8000%*), Kroompikolinaat 120 mcg (300%*). *NRV \u2013 p\u00e4evased v\u00f5rdluskogused t\u00e4iskasvanutel. Annustamine: Tarbige 3 kapslit hommikul koos toiduga. Hoiatused: Mitte \u00fcletada p\u00e4evaseks tarbimiseks soovitatavat kogust! Mitte kasutada toidulisandit mitmekesise toitumise asendajana! Oluline on mitmek\u00fclgne ja tasakaalustatud toitumine ja tervislik elustiil. Hoida lastele k\u00e4ttesaamatus kohas! sisaldab 254 mg kofeiini. Enne kasutamist konsulteerige tervishoiut\u00f6\u00f6tajaga. <\/strong><\/p>\n<p><strong>\u00c4rge tarbige p\u00e4evas rohkem kui 800 mg (-)-epigallokatehhiin-3-gallaati (EGCG). \u00c4rge tarbige, kui olete samal p\u00e4eval tarbinud teisi rohelise tee sisaldusega tooteid. Ei tohiks tarbida t\u00fchja k\u00f5huga. Toodet ei ole soovitatav kasutada raseduse ja imetamise ajal. S\u00e4ilitamistingimused: Hoida jahedas ja kuivas kohas. Netokogus: 90 kapslit (30 portsjonit). Parim enne: vaata pakendilt.<\/strong><\/p>\n<\/div>\n<\/div>\n<\/div>\n<h2><\/h2>\n<p>&nbsp;<\/p>\n<div class=\"std\">\n<h3>T\u00c4HELEPANU<\/h3>\n<\/div>\n<p>P\u00f6\u00f6rduge spetsialisti poole, kui olete alla 18-aastane, rase v\u00f5i olete hiljuti s\u00fcnnitanud v\u00f5i kui teil on mitmesuguseid allergiaid. Hoidke seda jahedas, kuivas ja lastele k\u00e4ttesaamatus kohas.<\/p>\n<p>&nbsp;<\/p>\n<div class=\"std\">\n<h3>KONTROLLITUD SPORTLASED<\/h3>\n<\/div>\n<p>See toode on testitud ja sertifitseeritud ning on l\u00e4binud k\u00f5ik kvaliteedikontrolli etapid, et tagada sportimiseks k\u00f5rgeim j\u00f5udlus ja ohutus.<\/p>\n<p>&nbsp;<\/p>\n<p>Teabe esitamine<br \/>\nMahuti suurus: 300 g<br \/>\nServeerimissuurus: 1 tass (10 g)<br \/>\nPortsjonid konteineri kohta: 30<br \/>\nToitumisalane teave portsjoni kohta<br \/>\nEnergia: 1 kcal \/ 4 kJ<br \/>\nRasvad: 0 g<br \/>\nmillest k\u00fcllastunud: 0 g<br \/>\nS\u00fcsivesikud: 0 g<br \/>\nmillest suhkrud: 0 g<br \/>\nKiudained: 0 g<br \/>\nValk: 0 g<br \/>\nSool: 0,3 g<br \/>\nKogused portsjoni kohta<br \/>\nAtset\u00fc\u00fcl-L-karnitiin: 3 g<br \/>\nVeevaba betaiin: 1,5 g<br \/>\nC -vitamiin: 1 g<br \/>\nRoheline tee: 450 mg<br \/>\nKoliin: 300 mg<br \/>\nL-teaniin: 300 mg<br \/>\nGymnema Sylvestre: 250 mg<br \/>\nTauriin: 250 mg<br \/>\nL-t\u00fcrosiin: 250 mg<br \/>\nVeevaba kofeiin: 200 mg<br \/>\nPro GBB: 30 mg<br \/>\nVitamiin B3: 25 mg<br \/>\nVitamiin B6: 5 mg<br \/>\nVitamiin B12: 100 mcg<br \/>\nKoostisosad<br \/>\nAtset\u00fc\u00fcl-L-karnitiin, veevaba betaiin, sidrunhape (happesuse regulaator), C-vitamiin (askorbiinhape), roheline tee 95% pol\u00fcfenoolid, koliinbitartraat, L-teaniin, Gymnema Sylvestre lehtede ekstrakt (sisaldab 75% v\u00f5imlemishappeid), tauriin, L -t\u00fcrosiin, naatriumvesinikkarbonaat, veevaba kofeiin, naturaalne maitse, looduslik v\u00e4rv (peedipunane), klompeeruvad ained; (R\u00e4nidioksiid, kaltsiumsilikaat), lihtne hingata (maitse), Pro GBB (gamma-but\u00fcrobetaiinet\u00fc\u00fclester-HCL), sukraloos (magusaine), vitamiin B3 (nikotiinamiidina), vitamiin B6 (p\u00fcridoksiinvesinikkloriid), vitamiin B12 (ts\u00fcanokobalamiinina)<\/p>\n","protected":false},"featured_media":4456,"template":"","meta":[],"product_brand":[],"product_cat":[160],"product_tag":[],"class_list":{"0":"post-3302","1":"product","2":"type-product","3":"status-publish","4":"has-post-thumbnail","6":"product_cat-kaalu-kaotama","8":"first","9":"instock","10":"featured","11":"shipping-taxable","12":"purchasable","13":"product-type-simple"},"yoast_head":"<!-- This site is optimized with the Yoast SEO plugin v27.5 - https:\/\/yoast.com\/product\/yoast-seo-wordpress\/ -->\n<title>SHRED-X FAT BURNER kapslid - POWERFIT \u041c\u0430\u0433\u0430\u0437\u0438\u043d \u0421\u043f\u043e\u0440\u0442\u0438\u0432\u043d\u043e\u0433\u043e \u041f\u0438\u0442\u0430\u043d\u0438\u044f<\/title>\n<meta name=\"robots\" content=\"index, follow, max-snippet:-1, max-image-preview:large, max-video-preview:-1\" \/>\n<link rel=\"canonical\" href=\"https:\/\/powerfit.ee\/et\/toode\/shredx90\/\" \/>\n<meta property=\"og:locale\" content=\"et_EE\" \/>\n<meta property=\"og:type\" content=\"article\" \/>\n<meta property=\"og:title\" content=\"SHRED-X FAT BURNER kapslid - POWERFIT \u041c\u0430\u0433\u0430\u0437\u0438\u043d \u0421\u043f\u043e\u0440\u0442\u0438\u0432\u043d\u043e\u0433\u043e \u041f\u0438\u0442\u0430\u043d\u0438\u044f\" \/>\n<meta property=\"og:description\" content=\"\u00dcLIMATIIVNE RASVAP\u00d5LETUS 90\u00a0kapslid | 30 portsjonit  SHRED-X on v\u00f5imas rasvap\u00f5letaja. See on loodud uusimate tehnoloogiate abil, millel on ainult \u00fcks eesm\u00e4rk - kaasata k\u00f5ik v\u00f5imalikud rasvap\u00f5letusprotsessid, kasutades parimate ja t\u00f5estatud koostisosade kombinatsiooni. See on ideaalne valik neile, kes soovivad kiiresti ja ohutult kaalust alla v\u00f5tta, olla energilised ja aktiivsed.         KUIDAS KASUTADA? Mehed 3 kapslit, t\u00fcdrukud 1-2 kapslit p\u00e4evas. Joo hommikul koos toiduga.         \u0414\u041e\u041f \u0418\u041d\u0424\u0420\u041c\u0410\u0426\u0418\u042f Portsjoni suurus:\u00a03 kapslid  Portsjonid konteineri kohta: 30  Applied Nutrition.SHRED X EXTREME THERMOGENIC rasvap\u00f5letaja. 90 kaplsit. Toidulisand. Koostisosade loetelu (allergiat v\u00f5i talumatust p\u00f5hjustav koostisosa v\u00f5i abiaine m\u00e4rgitud TR\u00dcKIT\u00c4HTEDES). Koostisosad: Rohelise tee ekstrakt, veevaba kofeiin, Cayenne&#039;i pipra ekstrakt (Capsicum annuum L.), oliivilehtede ekstrakt (standardeeritud 30% oleuropeiin), L-t\u00fcrosiin, koliinbitartraat, gamma-but\u00fcrobetain EE HCl (ProGBB\u2122), vitamiin B3 (nikotiinamiid) , BioPerine\u00ae (musta pipra ekstrakt), vitamiin B6 (p\u00fcridoksiin HCl), vitamiin B12 (ts\u00fcanokobalamiin), kroompikolinaat, taimne kapsli kest (h\u00fcdroks\u00fcprop\u00fc\u00fclmet\u00fc\u00fcltselluloos, briljantsinine FCF), magneesiumstearaat (taimne), r\u00e4nidioksiid. V\u00f5ib sisaldada piima, muna, soja, kala, gluteeni sisaldavaid teravilju ja nendest valmistatud tooteid. Sisaldus p\u00e4evase annuse kohta: 1 annus (3 kapslit ) sisaldab: Rohelise tee ekstrakt (95% pol\u00fcfenoolid, 40% EGCG) 800 mg, sisaldab EpiGalloCatechin-3-Gallate (EGCG) 320 mg, Veevaba kofeiin 250 mg, Cayenne&#039;i pipra ekstrakt 200 mg, Oliivilehe ekstrakt 200 mg, ProGBB\u2122 (Gamma But\u00fcrobetaine EE HCI) 25 mg, Musta pipra vilja ekstrakt (BioPerine\u00ae), annab 95% piperiini 5 mg, L-T\u00fcrosiin 150 mg, Koliinbitartraat 205 mg, annab koliini 82,5 mg, Vitamiin B3 16 mg (100%*), Vitamiin B6 5 mg (358%*), Vitamiin B12 200 mcg (8000%*), Kroompikolinaat 120 mcg (300%*). *NRV \u2013 p\u00e4evased v\u00f5rdluskogused t\u00e4iskasvanutel. Annustamine: Tarbige 3 kapslit hommikul koos toiduga. Hoiatused: Mitte \u00fcletada p\u00e4evaseks tarbimiseks soovitatavat kogust! Mitte kasutada toidulisandit mitmekesise toitumise asendajana! Oluline on mitmek\u00fclgne ja tasakaalustatud toitumine ja tervislik elustiil. Hoida lastele k\u00e4ttesaamatus kohas! sisaldab 254 mg kofeiini. Enne kasutamist konsulteerige tervishoiut\u00f6\u00f6tajaga.   \u00c4rge tarbige p\u00e4evas rohkem kui 800 mg (-)-epigallokatehhiin-3-gallaati (EGCG). \u00c4rge tarbige, kui olete samal p\u00e4eval tarbinud teisi rohelise tee sisaldusega tooteid. Ei tohiks tarbida t\u00fchja k\u00f5huga. Toodet ei ole soovitatav kasutada raseduse ja imetamise ajal. S\u00e4ilitamistingimused: Hoida jahedas ja kuivas kohas. Netokogus: 90 kapslit (30 portsjonit). Parim enne: vaata pakendilt.      &nbsp;  T\u00c4HELEPANU  P\u00f6\u00f6rduge spetsialisti poole, kui olete alla 18-aastane, rase v\u00f5i olete hiljuti s\u00fcnnitanud v\u00f5i kui teil on mitmesuguseid allergiaid. Hoidke seda jahedas, kuivas ja lastele k\u00e4ttesaamatus kohas.  &nbsp;  KONTROLLITUD SPORTLASED  See toode on testitud ja sertifitseeritud ning on l\u00e4binud k\u00f5ik kvaliteedikontrolli etapid, et tagada sportimiseks k\u00f5rgeim j\u00f5udlus ja ohutus.  &nbsp;  Teabe esitamine Mahuti suurus: 300 g Serveerimissuurus: 1 tass (10 g) Portsjonid konteineri kohta: 30 Toitumisalane teave portsjoni kohta Energia: 1 kcal \/ 4 kJ Rasvad: 0 g millest k\u00fcllastunud: 0 g S\u00fcsivesikud: 0 g millest suhkrud: 0 g Kiudained: 0 g Valk: 0 g Sool: 0,3 g Kogused portsjoni kohta Atset\u00fc\u00fcl-L-karnitiin: 3 g Veevaba betaiin: 1,5 g C -vitamiin: 1 g Roheline tee: 450 mg Koliin: 300 mg L-teaniin: 300 mg Gymnema Sylvestre: 250 mg Tauriin: 250 mg L-t\u00fcrosiin: 250 mg Veevaba kofeiin: 200 mg Pro GBB: 30 mg Vitamiin B3: 25 mg Vitamiin B6: 5 mg Vitamiin B12: 100 mcg Koostisosad Atset\u00fc\u00fcl-L-karnitiin, veevaba betaiin, sidrunhape (happesuse regulaator), C-vitamiin (askorbiinhape), roheline tee 95% pol\u00fcfenoolid, koliinbitartraat, L-teaniin, Gymnema Sylvestre lehtede ekstrakt (sisaldab 75% v\u00f5imlemishappeid), tauriin, L -t\u00fcrosiin, naatriumvesinikkarbonaat, veevaba kofeiin, naturaalne maitse, looduslik v\u00e4rv (peedipunane), klompeeruvad ained; (R\u00e4nidioksiid, kaltsiumsilikaat), lihtne hingata (maitse), Pro GBB (gamma-but\u00fcrobetaiinet\u00fc\u00fclester-HCL), sukraloos (magusaine), vitamiin B3 (nikotiinamiidina), vitamiin B6 (p\u00fcridoksiinvesinikkloriid), vitamiin B12 (ts\u00fcanokobalamiinina)\" \/>\n<meta property=\"og:url\" content=\"https:\/\/powerfit.ee\/et\/toode\/shredx90\/\" \/>\n<meta property=\"og:site_name\" content=\"POWERFIT \u041c\u0430\u0433\u0430\u0437\u0438\u043d \u0421\u043f\u043e\u0440\u0442\u0438\u0432\u043d\u043e\u0433\u043e \u041f\u0438\u0442\u0430\u043d\u0438\u044f\" \/>\n<meta property=\"article:publisher\" content=\"https:\/\/www.facebook.com\/powerfit.ee\/\" \/>\n<meta property=\"article:modified_time\" content=\"2024-03-01T12:23:17+00:00\" \/>\n<meta property=\"og:image\" content=\"https:\/\/powerfit.ee\/wp-content\/uploads\/2021\/05\/Shred-X-Extreme-Thermogenic-Capsules_1000x1000.jpg\" \/>\n\t<meta property=\"og:image:width\" content=\"1000\" \/>\n\t<meta property=\"og:image:height\" content=\"1000\" \/>\n\t<meta property=\"og:image:type\" content=\"image\/jpeg\" \/>\n<meta name=\"twitter:card\" content=\"summary_large_image\" \/>\n<script type=\"application\/ld+json\" class=\"yoast-schema-graph\">{\"@context\":\"https:\\\/\\\/schema.org\",\"@graph\":[{\"@type\":\"WebPage\",\"@id\":\"https:\\\/\\\/powerfit.ee\\\/et\\\/toode\\\/shredx90\\\/\",\"url\":\"https:\\\/\\\/powerfit.ee\\\/et\\\/toode\\\/shredx90\\\/\",\"name\":\"SHRED-X FAT BURNER kapslid - POWERFIT \u041c\u0430\u0433\u0430\u0437\u0438\u043d \u0421\u043f\u043e\u0440\u0442\u0438\u0432\u043d\u043e\u0433\u043e \u041f\u0438\u0442\u0430\u043d\u0438\u044f\",\"isPartOf\":{\"@id\":\"https:\\\/\\\/powerfit.ee\\\/#website\"},\"primaryImageOfPage\":{\"@id\":\"https:\\\/\\\/powerfit.ee\\\/et\\\/toode\\\/shredx90\\\/#primaryimage\"},\"image\":{\"@id\":\"https:\\\/\\\/powerfit.ee\\\/et\\\/toode\\\/shredx90\\\/#primaryimage\"},\"thumbnailUrl\":\"https:\\\/\\\/powerfit.ee\\\/wp-content\\\/uploads\\\/2021\\\/05\\\/Shred-X-Extreme-Thermogenic-Capsules_1000x1000.jpg\",\"datePublished\":\"2021-05-29T05:53:59+00:00\",\"dateModified\":\"2024-03-01T12:23:17+00:00\",\"breadcrumb\":{\"@id\":\"https:\\\/\\\/powerfit.ee\\\/et\\\/toode\\\/shredx90\\\/#breadcrumb\"},\"inLanguage\":\"et\",\"potentialAction\":[{\"@type\":\"ReadAction\",\"target\":[\"https:\\\/\\\/powerfit.ee\\\/et\\\/toode\\\/shredx90\\\/\"]}]},{\"@type\":\"ImageObject\",\"inLanguage\":\"et\",\"@id\":\"https:\\\/\\\/powerfit.ee\\\/et\\\/toode\\\/shredx90\\\/#primaryimage\",\"url\":\"https:\\\/\\\/powerfit.ee\\\/wp-content\\\/uploads\\\/2021\\\/05\\\/Shred-X-Extreme-Thermogenic-Capsules_1000x1000.jpg\",\"contentUrl\":\"https:\\\/\\\/powerfit.ee\\\/wp-content\\\/uploads\\\/2021\\\/05\\\/Shred-X-Extreme-Thermogenic-Capsules_1000x1000.jpg\",\"width\":1000,\"height\":1000},{\"@type\":\"BreadcrumbList\",\"@id\":\"https:\\\/\\\/powerfit.ee\\\/et\\\/toode\\\/shredx90\\\/#breadcrumb\",\"itemListElement\":[{\"@type\":\"ListItem\",\"position\":1,\"name\":\"Home\",\"item\":\"https:\\\/\\\/powerfit.ee\\\/et\\\/\"},{\"@type\":\"ListItem\",\"position\":2,\"name\":\"\u0412\u0438\u0442\u0440\u0438\u043d\u0430\",\"item\":\"https:\\\/\\\/powerfit.ee\\\/shop\\\/\"},{\"@type\":\"ListItem\",\"position\":3,\"name\":\"SHRED-X FAT BURNER kapslid\"}]},{\"@type\":\"WebSite\",\"@id\":\"https:\\\/\\\/powerfit.ee\\\/#website\",\"url\":\"https:\\\/\\\/powerfit.ee\\\/\",\"name\":\"POWERFIT\",\"description\":\"\u041c\u0430\u0433\u0430\u0437\u0438\u043d \u0441\u043f\u043e\u0440\u0442\u0438\u0432\u043d\u043e\u0433\u043e \u043f\u0438\u0442\u0430\u043d\u0438\u044f \u0432 \u042d\u0441\u0442\u043e\u043d\u0438\u0438.\",\"publisher\":{\"@id\":\"https:\\\/\\\/powerfit.ee\\\/#organization\"},\"potentialAction\":[{\"@type\":\"SearchAction\",\"target\":{\"@type\":\"EntryPoint\",\"urlTemplate\":\"https:\\\/\\\/powerfit.ee\\\/?s={search_term_string}\"},\"query-input\":{\"@type\":\"PropertyValueSpecification\",\"valueRequired\":true,\"valueName\":\"search_term_string\"}}],\"inLanguage\":\"et\"},{\"@type\":\"Organization\",\"@id\":\"https:\\\/\\\/powerfit.ee\\\/#organization\",\"name\":\"BESTBODY O\u00dc\",\"url\":\"https:\\\/\\\/powerfit.ee\\\/\",\"logo\":{\"@type\":\"ImageObject\",\"inLanguage\":\"et\",\"@id\":\"https:\\\/\\\/powerfit.ee\\\/#\\\/schema\\\/logo\\\/image\\\/\",\"url\":\"https:\\\/\\\/powerfit.ee\\\/wp-content\\\/uploads\\\/2021\\\/03\\\/\u0421\u043d\u0438\u043c\u043e\u043a-\u044d\u043a\u0440\u0430\u043d\u0430-2021-03-06-\u0432-15.13.50.png\",\"contentUrl\":\"https:\\\/\\\/powerfit.ee\\\/wp-content\\\/uploads\\\/2021\\\/03\\\/\u0421\u043d\u0438\u043c\u043e\u043a-\u044d\u043a\u0440\u0430\u043d\u0430-2021-03-06-\u0432-15.13.50.png\",\"width\":450,\"height\":188,\"caption\":\"BESTBODY O\u00dc\"},\"image\":{\"@id\":\"https:\\\/\\\/powerfit.ee\\\/#\\\/schema\\\/logo\\\/image\\\/\"},\"sameAs\":[\"https:\\\/\\\/www.facebook.com\\\/powerfit.ee\\\/\",\"https:\\\/\\\/www.instagram.com\\\/powerfit.ee\\\/\"]}]}<\/script>\n<!-- \/ Yoast SEO plugin. -->","yoast_head_json":{"title":"SHRED-X FAT BURNER kapslid - POWERFIT \u041c\u0430\u0433\u0430\u0437\u0438\u043d \u0421\u043f\u043e\u0440\u0442\u0438\u0432\u043d\u043e\u0433\u043e \u041f\u0438\u0442\u0430\u043d\u0438\u044f","robots":{"index":"index","follow":"follow","max-snippet":"max-snippet:-1","max-image-preview":"max-image-preview:large","max-video-preview":"max-video-preview:-1"},"canonical":"https:\/\/powerfit.ee\/et\/toode\/shredx90\/","og_locale":"et_EE","og_type":"article","og_title":"SHRED-X FAT BURNER kapslid - POWERFIT \u041c\u0430\u0433\u0430\u0437\u0438\u043d \u0421\u043f\u043e\u0440\u0442\u0438\u0432\u043d\u043e\u0433\u043e \u041f\u0438\u0442\u0430\u043d\u0438\u044f","og_description":"\u00dcLIMATIIVNE RASVAP\u00d5LETUS 90\u00a0kapslid | 30 portsjonit  SHRED-X on v\u00f5imas rasvap\u00f5letaja. See on loodud uusimate tehnoloogiate abil, millel on ainult \u00fcks eesm\u00e4rk - kaasata k\u00f5ik v\u00f5imalikud rasvap\u00f5letusprotsessid, kasutades parimate ja t\u00f5estatud koostisosade kombinatsiooni. See on ideaalne valik neile, kes soovivad kiiresti ja ohutult kaalust alla v\u00f5tta, olla energilised ja aktiivsed.         KUIDAS KASUTADA? Mehed 3 kapslit, t\u00fcdrukud 1-2 kapslit p\u00e4evas. Joo hommikul koos toiduga.         \u0414\u041e\u041f \u0418\u041d\u0424\u0420\u041c\u0410\u0426\u0418\u042f Portsjoni suurus:\u00a03 kapslid  Portsjonid konteineri kohta: 30  Applied Nutrition.SHRED X EXTREME THERMOGENIC rasvap\u00f5letaja. 90 kaplsit. Toidulisand. Koostisosade loetelu (allergiat v\u00f5i talumatust p\u00f5hjustav koostisosa v\u00f5i abiaine m\u00e4rgitud TR\u00dcKIT\u00c4HTEDES). Koostisosad: Rohelise tee ekstrakt, veevaba kofeiin, Cayenne'i pipra ekstrakt (Capsicum annuum L.), oliivilehtede ekstrakt (standardeeritud 30% oleuropeiin), L-t\u00fcrosiin, koliinbitartraat, gamma-but\u00fcrobetain EE HCl (ProGBB\u2122), vitamiin B3 (nikotiinamiid) , BioPerine\u00ae (musta pipra ekstrakt), vitamiin B6 (p\u00fcridoksiin HCl), vitamiin B12 (ts\u00fcanokobalamiin), kroompikolinaat, taimne kapsli kest (h\u00fcdroks\u00fcprop\u00fc\u00fclmet\u00fc\u00fcltselluloos, briljantsinine FCF), magneesiumstearaat (taimne), r\u00e4nidioksiid. V\u00f5ib sisaldada piima, muna, soja, kala, gluteeni sisaldavaid teravilju ja nendest valmistatud tooteid. Sisaldus p\u00e4evase annuse kohta: 1 annus (3 kapslit ) sisaldab: Rohelise tee ekstrakt (95% pol\u00fcfenoolid, 40% EGCG) 800 mg, sisaldab EpiGalloCatechin-3-Gallate (EGCG) 320 mg, Veevaba kofeiin 250 mg, Cayenne'i pipra ekstrakt 200 mg, Oliivilehe ekstrakt 200 mg, ProGBB\u2122 (Gamma But\u00fcrobetaine EE HCI) 25 mg, Musta pipra vilja ekstrakt (BioPerine\u00ae), annab 95% piperiini 5 mg, L-T\u00fcrosiin 150 mg, Koliinbitartraat 205 mg, annab koliini 82,5 mg, Vitamiin B3 16 mg (100%*), Vitamiin B6 5 mg (358%*), Vitamiin B12 200 mcg (8000%*), Kroompikolinaat 120 mcg (300%*). *NRV \u2013 p\u00e4evased v\u00f5rdluskogused t\u00e4iskasvanutel. Annustamine: Tarbige 3 kapslit hommikul koos toiduga. Hoiatused: Mitte \u00fcletada p\u00e4evaseks tarbimiseks soovitatavat kogust! Mitte kasutada toidulisandit mitmekesise toitumise asendajana! Oluline on mitmek\u00fclgne ja tasakaalustatud toitumine ja tervislik elustiil. Hoida lastele k\u00e4ttesaamatus kohas! sisaldab 254 mg kofeiini. Enne kasutamist konsulteerige tervishoiut\u00f6\u00f6tajaga.   \u00c4rge tarbige p\u00e4evas rohkem kui 800 mg (-)-epigallokatehhiin-3-gallaati (EGCG). \u00c4rge tarbige, kui olete samal p\u00e4eval tarbinud teisi rohelise tee sisaldusega tooteid. Ei tohiks tarbida t\u00fchja k\u00f5huga. Toodet ei ole soovitatav kasutada raseduse ja imetamise ajal. S\u00e4ilitamistingimused: Hoida jahedas ja kuivas kohas. Netokogus: 90 kapslit (30 portsjonit). Parim enne: vaata pakendilt.      &nbsp;  T\u00c4HELEPANU  P\u00f6\u00f6rduge spetsialisti poole, kui olete alla 18-aastane, rase v\u00f5i olete hiljuti s\u00fcnnitanud v\u00f5i kui teil on mitmesuguseid allergiaid. Hoidke seda jahedas, kuivas ja lastele k\u00e4ttesaamatus kohas.  &nbsp;  KONTROLLITUD SPORTLASED  See toode on testitud ja sertifitseeritud ning on l\u00e4binud k\u00f5ik kvaliteedikontrolli etapid, et tagada sportimiseks k\u00f5rgeim j\u00f5udlus ja ohutus.  &nbsp;  Teabe esitamine Mahuti suurus: 300 g Serveerimissuurus: 1 tass (10 g) Portsjonid konteineri kohta: 30 Toitumisalane teave portsjoni kohta Energia: 1 kcal \/ 4 kJ Rasvad: 0 g millest k\u00fcllastunud: 0 g S\u00fcsivesikud: 0 g millest suhkrud: 0 g Kiudained: 0 g Valk: 0 g Sool: 0,3 g Kogused portsjoni kohta Atset\u00fc\u00fcl-L-karnitiin: 3 g Veevaba betaiin: 1,5 g C -vitamiin: 1 g Roheline tee: 450 mg Koliin: 300 mg L-teaniin: 300 mg Gymnema Sylvestre: 250 mg Tauriin: 250 mg L-t\u00fcrosiin: 250 mg Veevaba kofeiin: 200 mg Pro GBB: 30 mg Vitamiin B3: 25 mg Vitamiin B6: 5 mg Vitamiin B12: 100 mcg Koostisosad Atset\u00fc\u00fcl-L-karnitiin, veevaba betaiin, sidrunhape (happesuse regulaator), C-vitamiin (askorbiinhape), roheline tee 95% pol\u00fcfenoolid, koliinbitartraat, L-teaniin, Gymnema Sylvestre lehtede ekstrakt (sisaldab 75% v\u00f5imlemishappeid), tauriin, L -t\u00fcrosiin, naatriumvesinikkarbonaat, veevaba kofeiin, naturaalne maitse, looduslik v\u00e4rv (peedipunane), klompeeruvad ained; (R\u00e4nidioksiid, kaltsiumsilikaat), lihtne hingata (maitse), Pro GBB (gamma-but\u00fcrobetaiinet\u00fc\u00fclester-HCL), sukraloos (magusaine), vitamiin B3 (nikotiinamiidina), vitamiin B6 (p\u00fcridoksiinvesinikkloriid), vitamiin B12 (ts\u00fcanokobalamiinina)","og_url":"https:\/\/powerfit.ee\/et\/toode\/shredx90\/","og_site_name":"POWERFIT \u041c\u0430\u0433\u0430\u0437\u0438\u043d \u0421\u043f\u043e\u0440\u0442\u0438\u0432\u043d\u043e\u0433\u043e \u041f\u0438\u0442\u0430\u043d\u0438\u044f","article_publisher":"https:\/\/www.facebook.com\/powerfit.ee\/","article_modified_time":"2024-03-01T12:23:17+00:00","og_image":[{"width":1000,"height":1000,"url":"https:\/\/powerfit.ee\/wp-content\/uploads\/2021\/05\/Shred-X-Extreme-Thermogenic-Capsules_1000x1000.jpg","type":"image\/jpeg"}],"twitter_card":"summary_large_image","schema":{"@context":"https:\/\/schema.org","@graph":[{"@type":"WebPage","@id":"https:\/\/powerfit.ee\/et\/toode\/shredx90\/","url":"https:\/\/powerfit.ee\/et\/toode\/shredx90\/","name":"SHRED-X FAT BURNER kapslid - POWERFIT \u041c\u0430\u0433\u0430\u0437\u0438\u043d \u0421\u043f\u043e\u0440\u0442\u0438\u0432\u043d\u043e\u0433\u043e \u041f\u0438\u0442\u0430\u043d\u0438\u044f","isPartOf":{"@id":"https:\/\/powerfit.ee\/#website"},"primaryImageOfPage":{"@id":"https:\/\/powerfit.ee\/et\/toode\/shredx90\/#primaryimage"},"image":{"@id":"https:\/\/powerfit.ee\/et\/toode\/shredx90\/#primaryimage"},"thumbnailUrl":"https:\/\/powerfit.ee\/wp-content\/uploads\/2021\/05\/Shred-X-Extreme-Thermogenic-Capsules_1000x1000.jpg","datePublished":"2021-05-29T05:53:59+00:00","dateModified":"2024-03-01T12:23:17+00:00","breadcrumb":{"@id":"https:\/\/powerfit.ee\/et\/toode\/shredx90\/#breadcrumb"},"inLanguage":"et","potentialAction":[{"@type":"ReadAction","target":["https:\/\/powerfit.ee\/et\/toode\/shredx90\/"]}]},{"@type":"ImageObject","inLanguage":"et","@id":"https:\/\/powerfit.ee\/et\/toode\/shredx90\/#primaryimage","url":"https:\/\/powerfit.ee\/wp-content\/uploads\/2021\/05\/Shred-X-Extreme-Thermogenic-Capsules_1000x1000.jpg","contentUrl":"https:\/\/powerfit.ee\/wp-content\/uploads\/2021\/05\/Shred-X-Extreme-Thermogenic-Capsules_1000x1000.jpg","width":1000,"height":1000},{"@type":"BreadcrumbList","@id":"https:\/\/powerfit.ee\/et\/toode\/shredx90\/#breadcrumb","itemListElement":[{"@type":"ListItem","position":1,"name":"Home","item":"https:\/\/powerfit.ee\/et\/"},{"@type":"ListItem","position":2,"name":"\u0412\u0438\u0442\u0440\u0438\u043d\u0430","item":"https:\/\/powerfit.ee\/shop\/"},{"@type":"ListItem","position":3,"name":"SHRED-X FAT BURNER kapslid"}]},{"@type":"WebSite","@id":"https:\/\/powerfit.ee\/#website","url":"https:\/\/powerfit.ee\/","name":"POWERFIT","description":"\u041c\u0430\u0433\u0430\u0437\u0438\u043d \u0441\u043f\u043e\u0440\u0442\u0438\u0432\u043d\u043e\u0433\u043e \u043f\u0438\u0442\u0430\u043d\u0438\u044f \u0432 \u042d\u0441\u0442\u043e\u043d\u0438\u0438.","publisher":{"@id":"https:\/\/powerfit.ee\/#organization"},"potentialAction":[{"@type":"SearchAction","target":{"@type":"EntryPoint","urlTemplate":"https:\/\/powerfit.ee\/?s={search_term_string}"},"query-input":{"@type":"PropertyValueSpecification","valueRequired":true,"valueName":"search_term_string"}}],"inLanguage":"et"},{"@type":"Organization","@id":"https:\/\/powerfit.ee\/#organization","name":"BESTBODY O\u00dc","url":"https:\/\/powerfit.ee\/","logo":{"@type":"ImageObject","inLanguage":"et","@id":"https:\/\/powerfit.ee\/#\/schema\/logo\/image\/","url":"https:\/\/powerfit.ee\/wp-content\/uploads\/2021\/03\/\u0421\u043d\u0438\u043c\u043e\u043a-\u044d\u043a\u0440\u0430\u043d\u0430-2021-03-06-\u0432-15.13.50.png","contentUrl":"https:\/\/powerfit.ee\/wp-content\/uploads\/2021\/03\/\u0421\u043d\u0438\u043c\u043e\u043a-\u044d\u043a\u0440\u0430\u043d\u0430-2021-03-06-\u0432-15.13.50.png","width":450,"height":188,"caption":"BESTBODY O\u00dc"},"image":{"@id":"https:\/\/powerfit.ee\/#\/schema\/logo\/image\/"},"sameAs":["https:\/\/www.facebook.com\/powerfit.ee\/","https:\/\/www.instagram.com\/powerfit.ee\/"]}]}},"_links":{"self":[{"href":"https:\/\/powerfit.ee\/et\/wp-json\/wp\/v2\/product\/3302","targetHints":{"allow":["GET"]}}],"collection":[{"href":"https:\/\/powerfit.ee\/et\/wp-json\/wp\/v2\/product"}],"about":[{"href":"https:\/\/powerfit.ee\/et\/wp-json\/wp\/v2\/types\/product"}],"wp:featuredmedia":[{"embeddable":true,"href":"https:\/\/powerfit.ee\/et\/wp-json\/wp\/v2\/media\/4456"}],"wp:attachment":[{"href":"https:\/\/powerfit.ee\/et\/wp-json\/wp\/v2\/media?parent=3302"}],"wp:term":[{"taxonomy":"product_brand","embeddable":true,"href":"https:\/\/powerfit.ee\/et\/wp-json\/wp\/v2\/product_brand?post=3302"},{"taxonomy":"product_cat","embeddable":true,"href":"https:\/\/powerfit.ee\/et\/wp-json\/wp\/v2\/product_cat?post=3302"},{"taxonomy":"product_tag","embeddable":true,"href":"https:\/\/powerfit.ee\/et\/wp-json\/wp\/v2\/product_tag?post=3302"}],"curies":[{"name":"wp","href":"https:\/\/api.w.org\/{rel}","templated":true}]}}