{"id":3469,"date":"2021-08-28T07:27:50","date_gmt":"2021-08-28T07:27:50","guid":{"rendered":"https:\/\/powerfit.ee\/?post_type=product&#038;p=3469"},"modified":"2021-08-28T07:54:26","modified_gmt":"2021-08-28T07:54:26","slug":"door-anchor","status":"publish","type":"product","link":"https:\/\/powerfit.ee\/et\/toode\/door-anchor\/","title":{"rendered":"Ukse lindihoidik"},"content":{"rendered":"","protected":false},"excerpt":{"rendered":"<div id=\"product_blocks_description_contents\" class=\"product-blocks-content\">\n<div class=\"box-collateral\">\n<div class=\"std\">\n<h2><\/h2>\n<h2>Uksehoidja<\/h2>\n<h2>Vajalik spordirihmade kinnitamiseks ukse v\u00f5i akna k\u00fclge<\/h2>\n<p>&nbsp;<\/p>\n<\/div>\n<\/div>\n<\/div>\n<p>&nbsp;<\/p>\n<div id=\"product_blocks_description_contents\" class=\"product-blocks-content\">\n<div class=\"box-collateral\">\n<div class=\"std\">\n<h3>ERINEVUSED<\/h3>\n<ul>\n<li>1. Usaldusv\u00e4\u00e4rne ukse \/ akna sobivusriba hoidik<br \/>\n2. Sellega avaneb sadu uusi harjutusi<\/li>\n<\/ul>\n<h2><\/h2>\n<h3>KUIDAS KASUTADA?<\/h3>\n<p>Ideaalne BESTBODY X ja X-MARATHON treeningprogrammide jaoks.<\/p>\n<p>&nbsp;<\/p>\n<\/div>\n<\/div>\n<\/div>\n","protected":false},"featured_media":3471,"template":"","meta":[],"product_brand":[],"product_cat":[226],"product_tag":[],"class_list":{"0":"post-3469","1":"product","2":"type-product","3":"status-publish","4":"has-post-thumbnail","6":"product_cat-tarvikud","8":"first","9":"instock","10":"shipping-taxable","11":"purchasable","12":"product-type-simple"},"yoast_head":"<!-- This site is optimized with the Yoast SEO plugin v27.4 - https:\/\/yoast.com\/product\/yoast-seo-wordpress\/ -->\n<title>Ukse lindihoidik - POWERFIT \u041c\u0430\u0433\u0430\u0437\u0438\u043d \u0421\u043f\u043e\u0440\u0442\u0438\u0432\u043d\u043e\u0433\u043e \u041f\u0438\u0442\u0430\u043d\u0438\u044f<\/title>\n<meta name=\"robots\" content=\"index, follow, max-snippet:-1, max-image-preview:large, max-video-preview:-1\" \/>\n<link rel=\"canonical\" href=\"https:\/\/powerfit.ee\/et\/toode\/door-anchor\/\" \/>\n<meta property=\"og:locale\" content=\"et_EE\" \/>\n<meta property=\"og:type\" content=\"article\" \/>\n<meta property=\"og:title\" content=\"Ukse lindihoidik - POWERFIT \u041c\u0430\u0433\u0430\u0437\u0438\u043d \u0421\u043f\u043e\u0440\u0442\u0438\u0432\u043d\u043e\u0433\u043e \u041f\u0438\u0442\u0430\u043d\u0438\u044f\" \/>\n<meta property=\"og:description\" content=\"Uksehoidja Vajalik spordirihmade kinnitamiseks ukse v\u00f5i akna k\u00fclge &nbsp;     &nbsp;    ERINEVUSED   1. Usaldusv\u00e4\u00e4rne ukse \/ akna sobivusriba hoidik 2. Sellega avaneb sadu uusi harjutusi   KUIDAS KASUTADA? Ideaalne BESTBODY X ja X-MARATHON treeningprogrammide jaoks.  &nbsp;\" \/>\n<meta property=\"og:url\" content=\"https:\/\/powerfit.ee\/et\/toode\/door-anchor\/\" \/>\n<meta property=\"og:site_name\" content=\"POWERFIT \u041c\u0430\u0433\u0430\u0437\u0438\u043d \u0421\u043f\u043e\u0440\u0442\u0438\u0432\u043d\u043e\u0433\u043e \u041f\u0438\u0442\u0430\u043d\u0438\u044f\" \/>\n<meta property=\"article:publisher\" content=\"https:\/\/www.facebook.com\/powerfit.ee\/\" \/>\n<meta property=\"article:modified_time\" content=\"2021-08-28T07:54:26+00:00\" \/>\n<meta property=\"og:image\" content=\"https:\/\/powerfit.ee\/wp-content\/uploads\/2021\/08\/anchro_door.jpg\" \/>\n\t<meta property=\"og:image:width\" content=\"1296\" \/>\n\t<meta property=\"og:image:height\" content=\"1296\" \/>\n\t<meta property=\"og:image:type\" content=\"image\/jpeg\" \/>\n<meta name=\"twitter:card\" content=\"summary_large_image\" \/>\n<script type=\"application\/ld+json\" class=\"yoast-schema-graph\">{\"@context\":\"https:\\\/\\\/schema.org\",\"@graph\":[{\"@type\":\"WebPage\",\"@id\":\"https:\\\/\\\/powerfit.ee\\\/et\\\/toode\\\/door-anchor\\\/\",\"url\":\"https:\\\/\\\/powerfit.ee\\\/et\\\/toode\\\/door-anchor\\\/\",\"name\":\"Ukse lindihoidik - POWERFIT \u041c\u0430\u0433\u0430\u0437\u0438\u043d \u0421\u043f\u043e\u0440\u0442\u0438\u0432\u043d\u043e\u0433\u043e \u041f\u0438\u0442\u0430\u043d\u0438\u044f\",\"isPartOf\":{\"@id\":\"https:\\\/\\\/powerfit.ee\\\/#website\"},\"primaryImageOfPage\":{\"@id\":\"https:\\\/\\\/powerfit.ee\\\/et\\\/toode\\\/door-anchor\\\/#primaryimage\"},\"image\":{\"@id\":\"https:\\\/\\\/powerfit.ee\\\/et\\\/toode\\\/door-anchor\\\/#primaryimage\"},\"thumbnailUrl\":\"https:\\\/\\\/powerfit.ee\\\/wp-content\\\/uploads\\\/2021\\\/08\\\/anchro_door.jpg\",\"datePublished\":\"2021-08-28T07:27:50+00:00\",\"dateModified\":\"2021-08-28T07:54:26+00:00\",\"breadcrumb\":{\"@id\":\"https:\\\/\\\/powerfit.ee\\\/et\\\/toode\\\/door-anchor\\\/#breadcrumb\"},\"inLanguage\":\"et\",\"potentialAction\":[{\"@type\":\"ReadAction\",\"target\":[\"https:\\\/\\\/powerfit.ee\\\/et\\\/toode\\\/door-anchor\\\/\"]}]},{\"@type\":\"ImageObject\",\"inLanguage\":\"et\",\"@id\":\"https:\\\/\\\/powerfit.ee\\\/et\\\/toode\\\/door-anchor\\\/#primaryimage\",\"url\":\"https:\\\/\\\/powerfit.ee\\\/wp-content\\\/uploads\\\/2021\\\/08\\\/anchro_door.jpg\",\"contentUrl\":\"https:\\\/\\\/powerfit.ee\\\/wp-content\\\/uploads\\\/2021\\\/08\\\/anchro_door.jpg\",\"width\":1296,\"height\":1296},{\"@type\":\"BreadcrumbList\",\"@id\":\"https:\\\/\\\/powerfit.ee\\\/et\\\/toode\\\/door-anchor\\\/#breadcrumb\",\"itemListElement\":[{\"@type\":\"ListItem\",\"position\":1,\"name\":\"Home\",\"item\":\"https:\\\/\\\/powerfit.ee\\\/et\\\/\"},{\"@type\":\"ListItem\",\"position\":2,\"name\":\"\u0412\u0438\u0442\u0440\u0438\u043d\u0430\",\"item\":\"https:\\\/\\\/powerfit.ee\\\/shop\\\/\"},{\"@type\":\"ListItem\",\"position\":3,\"name\":\"Ukse lindihoidik\"}]},{\"@type\":\"WebSite\",\"@id\":\"https:\\\/\\\/powerfit.ee\\\/#website\",\"url\":\"https:\\\/\\\/powerfit.ee\\\/\",\"name\":\"POWERFIT\",\"description\":\"\u041c\u0430\u0433\u0430\u0437\u0438\u043d \u0441\u043f\u043e\u0440\u0442\u0438\u0432\u043d\u043e\u0433\u043e \u043f\u0438\u0442\u0430\u043d\u0438\u044f \u0432 \u042d\u0441\u0442\u043e\u043d\u0438\u0438.\",\"publisher\":{\"@id\":\"https:\\\/\\\/powerfit.ee\\\/#organization\"},\"potentialAction\":[{\"@type\":\"SearchAction\",\"target\":{\"@type\":\"EntryPoint\",\"urlTemplate\":\"https:\\\/\\\/powerfit.ee\\\/?s={search_term_string}\"},\"query-input\":{\"@type\":\"PropertyValueSpecification\",\"valueRequired\":true,\"valueName\":\"search_term_string\"}}],\"inLanguage\":\"et\"},{\"@type\":\"Organization\",\"@id\":\"https:\\\/\\\/powerfit.ee\\\/#organization\",\"name\":\"BESTBODY O\u00dc\",\"url\":\"https:\\\/\\\/powerfit.ee\\\/\",\"logo\":{\"@type\":\"ImageObject\",\"inLanguage\":\"et\",\"@id\":\"https:\\\/\\\/powerfit.ee\\\/#\\\/schema\\\/logo\\\/image\\\/\",\"url\":\"https:\\\/\\\/powerfit.ee\\\/wp-content\\\/uploads\\\/2021\\\/03\\\/\u0421\u043d\u0438\u043c\u043e\u043a-\u044d\u043a\u0440\u0430\u043d\u0430-2021-03-06-\u0432-15.13.50.png\",\"contentUrl\":\"https:\\\/\\\/powerfit.ee\\\/wp-content\\\/uploads\\\/2021\\\/03\\\/\u0421\u043d\u0438\u043c\u043e\u043a-\u044d\u043a\u0440\u0430\u043d\u0430-2021-03-06-\u0432-15.13.50.png\",\"width\":450,\"height\":188,\"caption\":\"BESTBODY O\u00dc\"},\"image\":{\"@id\":\"https:\\\/\\\/powerfit.ee\\\/#\\\/schema\\\/logo\\\/image\\\/\"},\"sameAs\":[\"https:\\\/\\\/www.facebook.com\\\/powerfit.ee\\\/\",\"https:\\\/\\\/www.instagram.com\\\/powerfit.ee\\\/\"]}]}<\/script>\n<!-- \/ Yoast SEO plugin. -->","yoast_head_json":{"title":"Ukse lindihoidik - POWERFIT \u041c\u0430\u0433\u0430\u0437\u0438\u043d \u0421\u043f\u043e\u0440\u0442\u0438\u0432\u043d\u043e\u0433\u043e \u041f\u0438\u0442\u0430\u043d\u0438\u044f","robots":{"index":"index","follow":"follow","max-snippet":"max-snippet:-1","max-image-preview":"max-image-preview:large","max-video-preview":"max-video-preview:-1"},"canonical":"https:\/\/powerfit.ee\/et\/toode\/door-anchor\/","og_locale":"et_EE","og_type":"article","og_title":"Ukse lindihoidik - POWERFIT \u041c\u0430\u0433\u0430\u0437\u0438\u043d \u0421\u043f\u043e\u0440\u0442\u0438\u0432\u043d\u043e\u0433\u043e \u041f\u0438\u0442\u0430\u043d\u0438\u044f","og_description":"Uksehoidja Vajalik spordirihmade kinnitamiseks ukse v\u00f5i akna k\u00fclge &nbsp;     &nbsp;    ERINEVUSED   1. Usaldusv\u00e4\u00e4rne ukse \/ akna sobivusriba hoidik 2. Sellega avaneb sadu uusi harjutusi   KUIDAS KASUTADA? Ideaalne BESTBODY X ja X-MARATHON treeningprogrammide jaoks.  &nbsp;","og_url":"https:\/\/powerfit.ee\/et\/toode\/door-anchor\/","og_site_name":"POWERFIT \u041c\u0430\u0433\u0430\u0437\u0438\u043d \u0421\u043f\u043e\u0440\u0442\u0438\u0432\u043d\u043e\u0433\u043e \u041f\u0438\u0442\u0430\u043d\u0438\u044f","article_publisher":"https:\/\/www.facebook.com\/powerfit.ee\/","article_modified_time":"2021-08-28T07:54:26+00:00","og_image":[{"width":1296,"height":1296,"url":"https:\/\/powerfit.ee\/wp-content\/uploads\/2021\/08\/anchro_door.jpg","type":"image\/jpeg"}],"twitter_card":"summary_large_image","schema":{"@context":"https:\/\/schema.org","@graph":[{"@type":"WebPage","@id":"https:\/\/powerfit.ee\/et\/toode\/door-anchor\/","url":"https:\/\/powerfit.ee\/et\/toode\/door-anchor\/","name":"Ukse lindihoidik - POWERFIT \u041c\u0430\u0433\u0430\u0437\u0438\u043d \u0421\u043f\u043e\u0440\u0442\u0438\u0432\u043d\u043e\u0433\u043e \u041f\u0438\u0442\u0430\u043d\u0438\u044f","isPartOf":{"@id":"https:\/\/powerfit.ee\/#website"},"primaryImageOfPage":{"@id":"https:\/\/powerfit.ee\/et\/toode\/door-anchor\/#primaryimage"},"image":{"@id":"https:\/\/powerfit.ee\/et\/toode\/door-anchor\/#primaryimage"},"thumbnailUrl":"https:\/\/powerfit.ee\/wp-content\/uploads\/2021\/08\/anchro_door.jpg","datePublished":"2021-08-28T07:27:50+00:00","dateModified":"2021-08-28T07:54:26+00:00","breadcrumb":{"@id":"https:\/\/powerfit.ee\/et\/toode\/door-anchor\/#breadcrumb"},"inLanguage":"et","potentialAction":[{"@type":"ReadAction","target":["https:\/\/powerfit.ee\/et\/toode\/door-anchor\/"]}]},{"@type":"ImageObject","inLanguage":"et","@id":"https:\/\/powerfit.ee\/et\/toode\/door-anchor\/#primaryimage","url":"https:\/\/powerfit.ee\/wp-content\/uploads\/2021\/08\/anchro_door.jpg","contentUrl":"https:\/\/powerfit.ee\/wp-content\/uploads\/2021\/08\/anchro_door.jpg","width":1296,"height":1296},{"@type":"BreadcrumbList","@id":"https:\/\/powerfit.ee\/et\/toode\/door-anchor\/#breadcrumb","itemListElement":[{"@type":"ListItem","position":1,"name":"Home","item":"https:\/\/powerfit.ee\/et\/"},{"@type":"ListItem","position":2,"name":"\u0412\u0438\u0442\u0440\u0438\u043d\u0430","item":"https:\/\/powerfit.ee\/shop\/"},{"@type":"ListItem","position":3,"name":"Ukse lindihoidik"}]},{"@type":"WebSite","@id":"https:\/\/powerfit.ee\/#website","url":"https:\/\/powerfit.ee\/","name":"POWERFIT","description":"\u041c\u0430\u0433\u0430\u0437\u0438\u043d \u0441\u043f\u043e\u0440\u0442\u0438\u0432\u043d\u043e\u0433\u043e \u043f\u0438\u0442\u0430\u043d\u0438\u044f \u0432 \u042d\u0441\u0442\u043e\u043d\u0438\u0438.","publisher":{"@id":"https:\/\/powerfit.ee\/#organization"},"potentialAction":[{"@type":"SearchAction","target":{"@type":"EntryPoint","urlTemplate":"https:\/\/powerfit.ee\/?s={search_term_string}"},"query-input":{"@type":"PropertyValueSpecification","valueRequired":true,"valueName":"search_term_string"}}],"inLanguage":"et"},{"@type":"Organization","@id":"https:\/\/powerfit.ee\/#organization","name":"BESTBODY O\u00dc","url":"https:\/\/powerfit.ee\/","logo":{"@type":"ImageObject","inLanguage":"et","@id":"https:\/\/powerfit.ee\/#\/schema\/logo\/image\/","url":"https:\/\/powerfit.ee\/wp-content\/uploads\/2021\/03\/\u0421\u043d\u0438\u043c\u043e\u043a-\u044d\u043a\u0440\u0430\u043d\u0430-2021-03-06-\u0432-15.13.50.png","contentUrl":"https:\/\/powerfit.ee\/wp-content\/uploads\/2021\/03\/\u0421\u043d\u0438\u043c\u043e\u043a-\u044d\u043a\u0440\u0430\u043d\u0430-2021-03-06-\u0432-15.13.50.png","width":450,"height":188,"caption":"BESTBODY O\u00dc"},"image":{"@id":"https:\/\/powerfit.ee\/#\/schema\/logo\/image\/"},"sameAs":["https:\/\/www.facebook.com\/powerfit.ee\/","https:\/\/www.instagram.com\/powerfit.ee\/"]}]}},"_links":{"self":[{"href":"https:\/\/powerfit.ee\/et\/wp-json\/wp\/v2\/product\/3469","targetHints":{"allow":["GET"]}}],"collection":[{"href":"https:\/\/powerfit.ee\/et\/wp-json\/wp\/v2\/product"}],"about":[{"href":"https:\/\/powerfit.ee\/et\/wp-json\/wp\/v2\/types\/product"}],"wp:featuredmedia":[{"embeddable":true,"href":"https:\/\/powerfit.ee\/et\/wp-json\/wp\/v2\/media\/3471"}],"wp:attachment":[{"href":"https:\/\/powerfit.ee\/et\/wp-json\/wp\/v2\/media?parent=3469"}],"wp:term":[{"taxonomy":"product_brand","embeddable":true,"href":"https:\/\/powerfit.ee\/et\/wp-json\/wp\/v2\/product_brand?post=3469"},{"taxonomy":"product_cat","embeddable":true,"href":"https:\/\/powerfit.ee\/et\/wp-json\/wp\/v2\/product_cat?post=3469"},{"taxonomy":"product_tag","embeddable":true,"href":"https:\/\/powerfit.ee\/et\/wp-json\/wp\/v2\/product_tag?post=3469"}],"curies":[{"name":"wp","href":"https:\/\/api.w.org\/{rel}","templated":true}]}}