{"id":3638,"date":"2021-10-21T11:26:42","date_gmt":"2021-10-21T11:26:42","guid":{"rendered":"https:\/\/powerfit.ee\/?post_type=product&#038;p=3638"},"modified":"2024-03-01T12:34:37","modified_gmt":"2024-03-01T12:34:37","slug":"l-glutamine-2","status":"publish","type":"product","link":"https:\/\/powerfit.ee\/et\/toode\/l-glutamine-2\/","title":{"rendered":"L-Glutamine 300g"},"content":{"rendered":"","protected":false},"excerpt":{"rendered":"<h2><\/h2>\n<h2>MIKRONISEERITUD<\/h2>\n<div id=\"product_blocks_description_contents\" class=\"product-blocks-content\">\n<div class=\"box-collateral\">\n<div class=\"std\">\n<h2>300g | 60 portsjonit<\/h2>\n<\/div>\n<div>Glutamiin on lihaskiudude taastamiseks \u00fcks olulisemaid aminohappeid. Treeningu ajal h\u00e4vib lihaskoe ja glutamiin on see, mis teid kiiresti taastab. Parim taastumine t\u00e4hendab parimaid treeninguid, mis t\u00e4hendab parimaid tulemusi.<\/div>\n<\/div>\n<\/div>\n<div id=\"product_blocks_description_contents\" class=\"product-blocks-content\">\n<div class=\"box-collateral\">\n<div class=\"std\">\n<h2><\/h2>\n<h3>KUIDAS KASUTADA?<\/h3>\n<\/div>\n<div>Sega 1 tl v\u00f5i k\u00fchvel (5g) vee v\u00f5i mahlaga. Joo soovitatavalt p\u00e4rast treeningut ja enne magamaminekut.<\/div>\n<\/div>\n<\/div>\n<h2><\/h2>\n<div id=\"product_blocks_nutrition_contents\" class=\"product-blocks-content\">\n<div class=\"box-collateral\">\n<div class=\"std\">\n<h3>LISAINFORMATSIOON<\/h3>\n<p><strong>Portsjoni suurus:<\/strong> 1 teelusikat\u00e4is (5 g)<br \/>\n<strong>Portsjonid konteineri kohta:<\/strong> 60<\/p>\n<p><strong>Applied Nutrition. L-glutamiini pulber 300 g. Toidulisand. Koostisosade loetelu (allergiat v\u00f5i talumatust p\u00f5hjustav koostisosa v\u00f5i abiaine m\u00e4rgitud TR\u00dcKIT\u00c4HTEDES). Koostisosad: 100% mikroniseeritud L-glutamiin. Sisaldus p\u00e4evase annuse kohta: 1 annus (5 grammi) sisaldab: mikroniseeritud L-glutamiin 5000 mg Annustamine: Tarbige 1 portsjon (5 g) 1 kuni 3 korda p\u00e4evas s\u00f6\u00f6gikordade ajal. Optimaalsete tulemuste saavutamiseks tarbige 1 portsjon p\u00e4rast treeningut vee v\u00f5i mahlaga. Hoiatused: Ainult t\u00e4iskasvanutele. Mitte kasutada toidulisandit mitmekesise toitumise asendajana! Oluline on toituda mitmek\u00fclgselt ja tasakaalustatult ning harrastada tervislikku elustiili! \u00c4rge \u00fcletage p\u00e4evaseks tarbimiseks soovitatavat kogust! Hoida lastele k\u00e4ttesaamatus kohas! S\u00e4ilitamistingimused: Hoida jahedas, kuivas kohas. Netokogus: 300 grammi (60 portsjonit). Parim enne: vaata pakendilt.<\/strong><\/p>\n<h2><\/h2>\n<div class=\"std\">\n<h3>T\u00c4HELEPANU<\/h3>\n<\/div>\n<p>P\u00f6\u00f6rduge spetsialisti poole, kui olete alla 18-aastane, rase v\u00f5i olete hiljuti s\u00fcnnitanud v\u00f5i kui teil on mitmesuguseid allergiaid. Hoidke seda jahedas, kuivas ja lastele k\u00e4ttesaamatus kohas.<\/p>\n<h2><\/h2>\n<div class=\"std\">\n<h3>KONTROLLITUD SPORTLASED<\/h3>\n<\/div>\n<p>See toode on testitud ja sertifitseeritud ning on l\u00e4binud k\u00f5ik kvaliteedikontrolli etapid, et tagada sportimiseks k\u00f5rgeim j\u00f5udlus ja ohutus.<\/p>\n<\/div>\n<\/div>\n<\/div>\n","protected":false},"featured_media":4640,"template":"","meta":[],"product_brand":[],"product_cat":[161],"product_tag":[],"class_list":{"0":"post-3638","1":"product","2":"type-product","3":"status-publish","4":"has-post-thumbnail","6":"product_cat-taastumine","8":"first","9":"outofstock","10":"shipping-taxable","11":"purchasable","12":"product-type-simple"},"yoast_head":"<!-- This site is optimized with the Yoast SEO plugin v27.4 - https:\/\/yoast.com\/product\/yoast-seo-wordpress\/ -->\n<title>L-Glutamine 300g - POWERFIT \u041c\u0430\u0433\u0430\u0437\u0438\u043d \u0421\u043f\u043e\u0440\u0442\u0438\u0432\u043d\u043e\u0433\u043e \u041f\u0438\u0442\u0430\u043d\u0438\u044f<\/title>\n<meta name=\"robots\" content=\"index, follow, max-snippet:-1, max-image-preview:large, max-video-preview:-1\" \/>\n<link rel=\"canonical\" href=\"https:\/\/powerfit.ee\/et\/toode\/l-glutamine-2\/\" \/>\n<meta property=\"og:locale\" content=\"et_EE\" \/>\n<meta property=\"og:type\" content=\"article\" \/>\n<meta property=\"og:title\" content=\"L-Glutamine 300g - POWERFIT \u041c\u0430\u0433\u0430\u0437\u0438\u043d \u0421\u043f\u043e\u0440\u0442\u0438\u0432\u043d\u043e\u0433\u043e \u041f\u0438\u0442\u0430\u043d\u0438\u044f\" \/>\n<meta property=\"og:description\" content=\"MIKRONISEERITUD    300g | 60 portsjonit  Glutamiin on lihaskiudude taastamiseks \u00fcks olulisemaid aminohappeid. Treeningu ajal h\u00e4vib lihaskoe ja glutamiin on see, mis teid kiiresti taastab. Parim taastumine t\u00e4hendab parimaid treeninguid, mis t\u00e4hendab parimaid tulemusi.       KUIDAS KASUTADA?  Sega 1 tl v\u00f5i k\u00fchvel (5g) vee v\u00f5i mahlaga. Joo soovitatavalt p\u00e4rast treeningut ja enne magamaminekut.       LISAINFORMATSIOON Portsjoni suurus: 1 teelusikat\u00e4is (5 g) Portsjonid konteineri kohta: 60  Applied Nutrition. L-glutamiini pulber 300 g. Toidulisand. Koostisosade loetelu (allergiat v\u00f5i talumatust p\u00f5hjustav koostisosa v\u00f5i abiaine m\u00e4rgitud TR\u00dcKIT\u00c4HTEDES). Koostisosad: 100% mikroniseeritud L-glutamiin. Sisaldus p\u00e4evase annuse kohta: 1 annus (5 grammi) sisaldab: mikroniseeritud L-glutamiin 5000 mg Annustamine: Tarbige 1 portsjon (5 g) 1 kuni 3 korda p\u00e4evas s\u00f6\u00f6gikordade ajal. Optimaalsete tulemuste saavutamiseks tarbige 1 portsjon p\u00e4rast treeningut vee v\u00f5i mahlaga. Hoiatused: Ainult t\u00e4iskasvanutele. Mitte kasutada toidulisandit mitmekesise toitumise asendajana! Oluline on toituda mitmek\u00fclgselt ja tasakaalustatult ning harrastada tervislikku elustiili! \u00c4rge \u00fcletage p\u00e4evaseks tarbimiseks soovitatavat kogust! Hoida lastele k\u00e4ttesaamatus kohas! S\u00e4ilitamistingimused: Hoida jahedas, kuivas kohas. Netokogus: 300 grammi (60 portsjonit). Parim enne: vaata pakendilt.   T\u00c4HELEPANU  P\u00f6\u00f6rduge spetsialisti poole, kui olete alla 18-aastane, rase v\u00f5i olete hiljuti s\u00fcnnitanud v\u00f5i kui teil on mitmesuguseid allergiaid. Hoidke seda jahedas, kuivas ja lastele k\u00e4ttesaamatus kohas.   KONTROLLITUD SPORTLASED  See toode on testitud ja sertifitseeritud ning on l\u00e4binud k\u00f5ik kvaliteedikontrolli etapid, et tagada sportimiseks k\u00f5rgeim j\u00f5udlus ja ohutus.\" \/>\n<meta property=\"og:url\" content=\"https:\/\/powerfit.ee\/et\/toode\/l-glutamine-2\/\" \/>\n<meta property=\"og:site_name\" content=\"POWERFIT \u041c\u0430\u0433\u0430\u0437\u0438\u043d \u0421\u043f\u043e\u0440\u0442\u0438\u0432\u043d\u043e\u0433\u043e \u041f\u0438\u0442\u0430\u043d\u0438\u044f\" \/>\n<meta property=\"article:publisher\" content=\"https:\/\/www.facebook.com\/powerfit.ee\/\" \/>\n<meta property=\"article:modified_time\" content=\"2024-03-01T12:34:37+00:00\" \/>\n<meta property=\"og:image\" content=\"https:\/\/powerfit.ee\/wp-content\/uploads\/2021\/10\/\u0421\u043d\u0438\u043c\u043e\u043a-\u044d\u043a\u0440\u0430\u043d\u0430-2024-02-22-\u0432-15.01.28.png\" \/>\n\t<meta property=\"og:image:width\" content=\"1066\" \/>\n\t<meta property=\"og:image:height\" content=\"1074\" \/>\n\t<meta property=\"og:image:type\" content=\"image\/png\" \/>\n<meta name=\"twitter:card\" content=\"summary_large_image\" \/>\n<script type=\"application\/ld+json\" class=\"yoast-schema-graph\">{\"@context\":\"https:\\\/\\\/schema.org\",\"@graph\":[{\"@type\":\"WebPage\",\"@id\":\"https:\\\/\\\/powerfit.ee\\\/et\\\/toode\\\/l-glutamine-2\\\/\",\"url\":\"https:\\\/\\\/powerfit.ee\\\/et\\\/toode\\\/l-glutamine-2\\\/\",\"name\":\"L-Glutamine 300g - POWERFIT \u041c\u0430\u0433\u0430\u0437\u0438\u043d \u0421\u043f\u043e\u0440\u0442\u0438\u0432\u043d\u043e\u0433\u043e \u041f\u0438\u0442\u0430\u043d\u0438\u044f\",\"isPartOf\":{\"@id\":\"https:\\\/\\\/powerfit.ee\\\/#website\"},\"primaryImageOfPage\":{\"@id\":\"https:\\\/\\\/powerfit.ee\\\/et\\\/toode\\\/l-glutamine-2\\\/#primaryimage\"},\"image\":{\"@id\":\"https:\\\/\\\/powerfit.ee\\\/et\\\/toode\\\/l-glutamine-2\\\/#primaryimage\"},\"thumbnailUrl\":\"https:\\\/\\\/powerfit.ee\\\/wp-content\\\/uploads\\\/2021\\\/10\\\/61NrQvnk1FL._AC_SL1000_.jpg\",\"datePublished\":\"2021-10-21T11:26:42+00:00\",\"dateModified\":\"2024-03-01T12:34:37+00:00\",\"breadcrumb\":{\"@id\":\"https:\\\/\\\/powerfit.ee\\\/et\\\/toode\\\/l-glutamine-2\\\/#breadcrumb\"},\"inLanguage\":\"et\",\"potentialAction\":[{\"@type\":\"ReadAction\",\"target\":[\"https:\\\/\\\/powerfit.ee\\\/et\\\/toode\\\/l-glutamine-2\\\/\"]}]},{\"@type\":\"ImageObject\",\"inLanguage\":\"et\",\"@id\":\"https:\\\/\\\/powerfit.ee\\\/et\\\/toode\\\/l-glutamine-2\\\/#primaryimage\",\"url\":\"https:\\\/\\\/powerfit.ee\\\/wp-content\\\/uploads\\\/2021\\\/10\\\/61NrQvnk1FL._AC_SL1000_.jpg\",\"contentUrl\":\"https:\\\/\\\/powerfit.ee\\\/wp-content\\\/uploads\\\/2021\\\/10\\\/61NrQvnk1FL._AC_SL1000_.jpg\",\"width\":764,\"height\":946},{\"@type\":\"BreadcrumbList\",\"@id\":\"https:\\\/\\\/powerfit.ee\\\/et\\\/toode\\\/l-glutamine-2\\\/#breadcrumb\",\"itemListElement\":[{\"@type\":\"ListItem\",\"position\":1,\"name\":\"Home\",\"item\":\"https:\\\/\\\/powerfit.ee\\\/et\\\/\"},{\"@type\":\"ListItem\",\"position\":2,\"name\":\"\u0412\u0438\u0442\u0440\u0438\u043d\u0430\",\"item\":\"https:\\\/\\\/powerfit.ee\\\/shop\\\/\"},{\"@type\":\"ListItem\",\"position\":3,\"name\":\"L-Glutamine 300g\"}]},{\"@type\":\"WebSite\",\"@id\":\"https:\\\/\\\/powerfit.ee\\\/#website\",\"url\":\"https:\\\/\\\/powerfit.ee\\\/\",\"name\":\"POWERFIT\",\"description\":\"\u041c\u0430\u0433\u0430\u0437\u0438\u043d \u0441\u043f\u043e\u0440\u0442\u0438\u0432\u043d\u043e\u0433\u043e \u043f\u0438\u0442\u0430\u043d\u0438\u044f \u0432 \u042d\u0441\u0442\u043e\u043d\u0438\u0438.\",\"publisher\":{\"@id\":\"https:\\\/\\\/powerfit.ee\\\/#organization\"},\"potentialAction\":[{\"@type\":\"SearchAction\",\"target\":{\"@type\":\"EntryPoint\",\"urlTemplate\":\"https:\\\/\\\/powerfit.ee\\\/?s={search_term_string}\"},\"query-input\":{\"@type\":\"PropertyValueSpecification\",\"valueRequired\":true,\"valueName\":\"search_term_string\"}}],\"inLanguage\":\"et\"},{\"@type\":\"Organization\",\"@id\":\"https:\\\/\\\/powerfit.ee\\\/#organization\",\"name\":\"BESTBODY O\u00dc\",\"url\":\"https:\\\/\\\/powerfit.ee\\\/\",\"logo\":{\"@type\":\"ImageObject\",\"inLanguage\":\"et\",\"@id\":\"https:\\\/\\\/powerfit.ee\\\/#\\\/schema\\\/logo\\\/image\\\/\",\"url\":\"https:\\\/\\\/powerfit.ee\\\/wp-content\\\/uploads\\\/2021\\\/03\\\/\u0421\u043d\u0438\u043c\u043e\u043a-\u044d\u043a\u0440\u0430\u043d\u0430-2021-03-06-\u0432-15.13.50.png\",\"contentUrl\":\"https:\\\/\\\/powerfit.ee\\\/wp-content\\\/uploads\\\/2021\\\/03\\\/\u0421\u043d\u0438\u043c\u043e\u043a-\u044d\u043a\u0440\u0430\u043d\u0430-2021-03-06-\u0432-15.13.50.png\",\"width\":450,\"height\":188,\"caption\":\"BESTBODY O\u00dc\"},\"image\":{\"@id\":\"https:\\\/\\\/powerfit.ee\\\/#\\\/schema\\\/logo\\\/image\\\/\"},\"sameAs\":[\"https:\\\/\\\/www.facebook.com\\\/powerfit.ee\\\/\",\"https:\\\/\\\/www.instagram.com\\\/powerfit.ee\\\/\"]}]}<\/script>\n<!-- \/ Yoast SEO plugin. -->","yoast_head_json":{"title":"L-Glutamine 300g - POWERFIT \u041c\u0430\u0433\u0430\u0437\u0438\u043d \u0421\u043f\u043e\u0440\u0442\u0438\u0432\u043d\u043e\u0433\u043e \u041f\u0438\u0442\u0430\u043d\u0438\u044f","robots":{"index":"index","follow":"follow","max-snippet":"max-snippet:-1","max-image-preview":"max-image-preview:large","max-video-preview":"max-video-preview:-1"},"canonical":"https:\/\/powerfit.ee\/et\/toode\/l-glutamine-2\/","og_locale":"et_EE","og_type":"article","og_title":"L-Glutamine 300g - POWERFIT \u041c\u0430\u0433\u0430\u0437\u0438\u043d \u0421\u043f\u043e\u0440\u0442\u0438\u0432\u043d\u043e\u0433\u043e \u041f\u0438\u0442\u0430\u043d\u0438\u044f","og_description":"MIKRONISEERITUD    300g | 60 portsjonit  Glutamiin on lihaskiudude taastamiseks \u00fcks olulisemaid aminohappeid. Treeningu ajal h\u00e4vib lihaskoe ja glutamiin on see, mis teid kiiresti taastab. Parim taastumine t\u00e4hendab parimaid treeninguid, mis t\u00e4hendab parimaid tulemusi.       KUIDAS KASUTADA?  Sega 1 tl v\u00f5i k\u00fchvel (5g) vee v\u00f5i mahlaga. Joo soovitatavalt p\u00e4rast treeningut ja enne magamaminekut.       LISAINFORMATSIOON Portsjoni suurus: 1 teelusikat\u00e4is (5 g) Portsjonid konteineri kohta: 60  Applied Nutrition. L-glutamiini pulber 300 g. Toidulisand. Koostisosade loetelu (allergiat v\u00f5i talumatust p\u00f5hjustav koostisosa v\u00f5i abiaine m\u00e4rgitud TR\u00dcKIT\u00c4HTEDES). Koostisosad: 100% mikroniseeritud L-glutamiin. Sisaldus p\u00e4evase annuse kohta: 1 annus (5 grammi) sisaldab: mikroniseeritud L-glutamiin 5000 mg Annustamine: Tarbige 1 portsjon (5 g) 1 kuni 3 korda p\u00e4evas s\u00f6\u00f6gikordade ajal. Optimaalsete tulemuste saavutamiseks tarbige 1 portsjon p\u00e4rast treeningut vee v\u00f5i mahlaga. Hoiatused: Ainult t\u00e4iskasvanutele. Mitte kasutada toidulisandit mitmekesise toitumise asendajana! Oluline on toituda mitmek\u00fclgselt ja tasakaalustatult ning harrastada tervislikku elustiili! \u00c4rge \u00fcletage p\u00e4evaseks tarbimiseks soovitatavat kogust! Hoida lastele k\u00e4ttesaamatus kohas! S\u00e4ilitamistingimused: Hoida jahedas, kuivas kohas. Netokogus: 300 grammi (60 portsjonit). Parim enne: vaata pakendilt.   T\u00c4HELEPANU  P\u00f6\u00f6rduge spetsialisti poole, kui olete alla 18-aastane, rase v\u00f5i olete hiljuti s\u00fcnnitanud v\u00f5i kui teil on mitmesuguseid allergiaid. Hoidke seda jahedas, kuivas ja lastele k\u00e4ttesaamatus kohas.   KONTROLLITUD SPORTLASED  See toode on testitud ja sertifitseeritud ning on l\u00e4binud k\u00f5ik kvaliteedikontrolli etapid, et tagada sportimiseks k\u00f5rgeim j\u00f5udlus ja ohutus.","og_url":"https:\/\/powerfit.ee\/et\/toode\/l-glutamine-2\/","og_site_name":"POWERFIT \u041c\u0430\u0433\u0430\u0437\u0438\u043d \u0421\u043f\u043e\u0440\u0442\u0438\u0432\u043d\u043e\u0433\u043e \u041f\u0438\u0442\u0430\u043d\u0438\u044f","article_publisher":"https:\/\/www.facebook.com\/powerfit.ee\/","article_modified_time":"2024-03-01T12:34:37+00:00","og_image":[{"width":1066,"height":1074,"url":"https:\/\/powerfit.ee\/wp-content\/uploads\/2021\/10\/\u0421\u043d\u0438\u043c\u043e\u043a-\u044d\u043a\u0440\u0430\u043d\u0430-2024-02-22-\u0432-15.01.28.png","type":"image\/png"}],"twitter_card":"summary_large_image","schema":{"@context":"https:\/\/schema.org","@graph":[{"@type":"WebPage","@id":"https:\/\/powerfit.ee\/et\/toode\/l-glutamine-2\/","url":"https:\/\/powerfit.ee\/et\/toode\/l-glutamine-2\/","name":"L-Glutamine 300g - POWERFIT \u041c\u0430\u0433\u0430\u0437\u0438\u043d \u0421\u043f\u043e\u0440\u0442\u0438\u0432\u043d\u043e\u0433\u043e \u041f\u0438\u0442\u0430\u043d\u0438\u044f","isPartOf":{"@id":"https:\/\/powerfit.ee\/#website"},"primaryImageOfPage":{"@id":"https:\/\/powerfit.ee\/et\/toode\/l-glutamine-2\/#primaryimage"},"image":{"@id":"https:\/\/powerfit.ee\/et\/toode\/l-glutamine-2\/#primaryimage"},"thumbnailUrl":"https:\/\/powerfit.ee\/wp-content\/uploads\/2021\/10\/61NrQvnk1FL._AC_SL1000_.jpg","datePublished":"2021-10-21T11:26:42+00:00","dateModified":"2024-03-01T12:34:37+00:00","breadcrumb":{"@id":"https:\/\/powerfit.ee\/et\/toode\/l-glutamine-2\/#breadcrumb"},"inLanguage":"et","potentialAction":[{"@type":"ReadAction","target":["https:\/\/powerfit.ee\/et\/toode\/l-glutamine-2\/"]}]},{"@type":"ImageObject","inLanguage":"et","@id":"https:\/\/powerfit.ee\/et\/toode\/l-glutamine-2\/#primaryimage","url":"https:\/\/powerfit.ee\/wp-content\/uploads\/2021\/10\/61NrQvnk1FL._AC_SL1000_.jpg","contentUrl":"https:\/\/powerfit.ee\/wp-content\/uploads\/2021\/10\/61NrQvnk1FL._AC_SL1000_.jpg","width":764,"height":946},{"@type":"BreadcrumbList","@id":"https:\/\/powerfit.ee\/et\/toode\/l-glutamine-2\/#breadcrumb","itemListElement":[{"@type":"ListItem","position":1,"name":"Home","item":"https:\/\/powerfit.ee\/et\/"},{"@type":"ListItem","position":2,"name":"\u0412\u0438\u0442\u0440\u0438\u043d\u0430","item":"https:\/\/powerfit.ee\/shop\/"},{"@type":"ListItem","position":3,"name":"L-Glutamine 300g"}]},{"@type":"WebSite","@id":"https:\/\/powerfit.ee\/#website","url":"https:\/\/powerfit.ee\/","name":"POWERFIT","description":"\u041c\u0430\u0433\u0430\u0437\u0438\u043d \u0441\u043f\u043e\u0440\u0442\u0438\u0432\u043d\u043e\u0433\u043e \u043f\u0438\u0442\u0430\u043d\u0438\u044f \u0432 \u042d\u0441\u0442\u043e\u043d\u0438\u0438.","publisher":{"@id":"https:\/\/powerfit.ee\/#organization"},"potentialAction":[{"@type":"SearchAction","target":{"@type":"EntryPoint","urlTemplate":"https:\/\/powerfit.ee\/?s={search_term_string}"},"query-input":{"@type":"PropertyValueSpecification","valueRequired":true,"valueName":"search_term_string"}}],"inLanguage":"et"},{"@type":"Organization","@id":"https:\/\/powerfit.ee\/#organization","name":"BESTBODY O\u00dc","url":"https:\/\/powerfit.ee\/","logo":{"@type":"ImageObject","inLanguage":"et","@id":"https:\/\/powerfit.ee\/#\/schema\/logo\/image\/","url":"https:\/\/powerfit.ee\/wp-content\/uploads\/2021\/03\/\u0421\u043d\u0438\u043c\u043e\u043a-\u044d\u043a\u0440\u0430\u043d\u0430-2021-03-06-\u0432-15.13.50.png","contentUrl":"https:\/\/powerfit.ee\/wp-content\/uploads\/2021\/03\/\u0421\u043d\u0438\u043c\u043e\u043a-\u044d\u043a\u0440\u0430\u043d\u0430-2021-03-06-\u0432-15.13.50.png","width":450,"height":188,"caption":"BESTBODY O\u00dc"},"image":{"@id":"https:\/\/powerfit.ee\/#\/schema\/logo\/image\/"},"sameAs":["https:\/\/www.facebook.com\/powerfit.ee\/","https:\/\/www.instagram.com\/powerfit.ee\/"]}]}},"_links":{"self":[{"href":"https:\/\/powerfit.ee\/et\/wp-json\/wp\/v2\/product\/3638","targetHints":{"allow":["GET"]}}],"collection":[{"href":"https:\/\/powerfit.ee\/et\/wp-json\/wp\/v2\/product"}],"about":[{"href":"https:\/\/powerfit.ee\/et\/wp-json\/wp\/v2\/types\/product"}],"wp:featuredmedia":[{"embeddable":true,"href":"https:\/\/powerfit.ee\/et\/wp-json\/wp\/v2\/media\/4640"}],"wp:attachment":[{"href":"https:\/\/powerfit.ee\/et\/wp-json\/wp\/v2\/media?parent=3638"}],"wp:term":[{"taxonomy":"product_brand","embeddable":true,"href":"https:\/\/powerfit.ee\/et\/wp-json\/wp\/v2\/product_brand?post=3638"},{"taxonomy":"product_cat","embeddable":true,"href":"https:\/\/powerfit.ee\/et\/wp-json\/wp\/v2\/product_cat?post=3638"},{"taxonomy":"product_tag","embeddable":true,"href":"https:\/\/powerfit.ee\/et\/wp-json\/wp\/v2\/product_tag?post=3638"}],"curies":[{"name":"wp","href":"https:\/\/api.w.org\/{rel}","templated":true}]}}