{"id":4392,"date":"2023-05-09T12:56:28","date_gmt":"2023-05-09T12:56:28","guid":{"rendered":"https:\/\/powerfit.ee\/?post_type=product&#038;p=4392"},"modified":"2024-03-01T12:01:13","modified_gmt":"2024-03-01T12:01:13","slug":"diet-whey-1kg","status":"publish","type":"product","link":"https:\/\/powerfit.ee\/et\/toode\/diet-whey-1kg\/","title":{"rendered":"Dieedi valk 1 kg"},"content":{"rendered":"","protected":false},"excerpt":{"rendered":"<div id=\"product_blocks_description_contents\" class=\"product-blocks-content\">\n<div class=\"box-collateral\">\n<p>T\u00c4IUSLIK KAALU KONTROLL<br \/>\n1 kg | 40 portsjonit<\/p>\n<p>See toiduvalk on \u00fclekaalukalt k\u00f5ige arenenum kaaluj\u00e4lgimise toidulisand, mis \u00fchendab endas k\u00f5ik kaalulangust soodustavad p\u00f5hikomponendid: CLA, L-karnitiin, roheline tee, vadakuvalgu isolaat ja vadakuvalgu kontsentraat, mille tulemuseks on \u00e4\u00e4rmiselt madal s\u00fcsivesikute sisaldus ja k\u00f5rge valgusisaldus. sisu. Kui soovite kaalu langetamiseks kasutada valku, on see toidulisand teie jaoks.<\/p>\n<p>&nbsp;<\/p>\n<p>KUIDAS KASUTADA?<\/p>\n<p>Sega 1 lusikas (25 g) pulbrit 150-300 ml vee v\u00f5i laktoosivaba piimaga. Joo toidukordade vahel. V\u00f5ite juua enne magamaminekut.<\/p>\n<p>&nbsp;<\/p>\n<p>LISAINFORMATSIOON<\/p>\n<p>Portsjoni suurus: 1 kulp (25 g)<\/p>\n<p>Portsjonid konteineri kohta: 40<\/p>\n<p><strong>Applied Nutrition. Diet Whey Protein 1kg. Erinevate maitsedega. Toidulisand proteiiniga. Koostisosade loetelu (allergiat v\u00f5i talumatust p\u00f5hjustav koostisosa v\u00f5i abiaine m\u00e4rgitud TR\u00dcKIT\u00c4HTEDES). Koostisosad: Banaani piimakokteil: VADAKUVALGU segu (PIIM) (94%) (VADAKUVALGU kontsentraat ja VADAKUVALGU isolaat), l\u00f5hna- ja maitseained, CLA pulber, atset\u00fc\u00fcl-L-karnitiin, rohelise tee ekstrakt, magusained (sukraloos, stevioolgl\u00fckosiidid), v\u00e4rvaine (kurkumiekstrakt). Maasika piimakokteil: VADAKUVALGU segu (PIIM) (94,3%) (VADAKUVALGU kontsentraat ja VADAKUVALGU isolaat), l\u00f5hna- ja maitseained, CLA pulber, atset\u00fc\u00fcl-L-karnitiin, rohelise tee ekstrakt, v\u00e4rvaine (peedipunane), magusained (sukraloos, stevioolgl\u00fckosiidid). \u0160okolaadi magustoit: VADAKUVALGU segu (PIIM) (89,9%) (VADAKUVALGU kontsentraat ja VADAKUVALGU isolaat), kakaopulber, l\u00f5hna- ja maitseained, CLA pulber, atset\u00fc\u00fcl-L-karnitiin, rohelise tee ekstrakt, magusained (sukraloos, stevioolgl\u00fckosiidid). Vanillij\u00e4\u00e4tis: VADAKUVALGU segu (PIIM) (95%) (VADAKUVALGU kontsentraat ja VADAKUVALGU isolaat), l\u00f5hna- ja maitseained, CLA pulber, atset\u00fc\u00fcl-L-karnitiin, rohelise tee ekstrakt, magusained (sukraloos, stevioolgl\u00fckosiidid). Sisaldus p\u00e4evase annuse kohta: 1 annus (25 grammi) sisaldab: energiav\u00e4\u00e4rtus 340 kJ \/ 82 kcal, rasvad 1,84 g, millest k\u00fcllastunud rasvhapped 0,48 g, s\u00fcsivesikud 0,98 g, millest suhkrud 0,95 g; valgud 20 g, naatrium 0,04 mg, sool 0,09 g, atset\u00fc\u00fcl-L-karnitiin 300 mg, rohelise tee ekstrakt 200 mg, CLA 100 mg, BCAA 4317 mg. Annustamine: Segage 1 lusikas (25 g) 150-300 ml k\u00fclma veega ja loksutage korralikult. Tarbige 3 portsjonit p\u00e4evas (hommikul, p\u00e4rastl\u00f5unal ja \u00f5htul). Hoiatused: Ainult t\u00e4iskasvanutele. Mitte kasutada toidulisandit mitmekesise toitumise asendajana! Oluline on toituda mitmek\u00fclgselt ja tasakaalustatult ning harrastada tervislikku elustiili! \u00c4rge \u00fcletage p\u00e4evaseks tarbimiseks soovitatavat kogust! Hoida lastele k\u00e4ttesaamatus kohas! S\u00e4ilitamistingimused: Hoida jahedas, kuivas kohas. Netokogus: 1000 grammi (40 portsjonit). Parim enne: vaata pakendilt.<\/strong><\/p>\n<p>T\u00c4HELEPANU<\/p>\n<p>Konsulteerige spetsialistiga, kui olete alla 18-aastane, rase v\u00f5i hiljuti s\u00fcnnitanud v\u00f5i kui teil on allergiaid. Hoidke seda kuivas jahedas kohas lastele k\u00e4ttesaamatus kohas.<\/p>\n<p>&nbsp;<\/p>\n<p>SPORTLASTE POOLT TESTINUD<\/p>\n<p>Seda toodet on testitud ja sertifitseeritud ning see on l\u00e4binud k\u00f5ik kvaliteedikontrollid, et tagada spordis kasutamisel k\u00f5rgeim t\u00f5husus ja ohutus.<\/p>\n<\/div>\n<\/div>\n","protected":false},"featured_media":4400,"template":"","meta":[],"product_brand":[],"product_cat":[163,160],"product_tag":[],"class_list":{"0":"post-4392","1":"product","2":"type-product","3":"status-publish","4":"has-post-thumbnail","6":"product_cat-ehita-lihaste","7":"product_cat-kaalu-kaotama","9":"first","10":"outofstock","11":"shipping-taxable","12":"purchasable","13":"product-type-variable","14":"has-default-attributes"},"yoast_head":"<!-- This site is optimized with the Yoast SEO plugin v27.4 - https:\/\/yoast.com\/product\/yoast-seo-wordpress\/ -->\n<title>Dieedi valk 1 kg - POWERFIT \u041c\u0430\u0433\u0430\u0437\u0438\u043d \u0421\u043f\u043e\u0440\u0442\u0438\u0432\u043d\u043e\u0433\u043e \u041f\u0438\u0442\u0430\u043d\u0438\u044f<\/title>\n<meta name=\"robots\" content=\"index, follow, max-snippet:-1, max-image-preview:large, max-video-preview:-1\" \/>\n<link rel=\"canonical\" href=\"https:\/\/powerfit.ee\/et\/toode\/diet-whey-1kg\/\" \/>\n<meta property=\"og:locale\" content=\"et_EE\" \/>\n<meta property=\"og:type\" content=\"article\" \/>\n<meta property=\"og:title\" content=\"Dieedi valk 1 kg - POWERFIT \u041c\u0430\u0433\u0430\u0437\u0438\u043d \u0421\u043f\u043e\u0440\u0442\u0438\u0432\u043d\u043e\u0433\u043e \u041f\u0438\u0442\u0430\u043d\u0438\u044f\" \/>\n<meta property=\"og:description\" content=\"T\u00c4IUSLIK KAALU KONTROLL 1 kg | 40 portsjonit  See toiduvalk on \u00fclekaalukalt k\u00f5ige arenenum kaaluj\u00e4lgimise toidulisand, mis \u00fchendab endas k\u00f5ik kaalulangust soodustavad p\u00f5hikomponendid: CLA, L-karnitiin, roheline tee, vadakuvalgu isolaat ja vadakuvalgu kontsentraat, mille tulemuseks on \u00e4\u00e4rmiselt madal s\u00fcsivesikute sisaldus ja k\u00f5rge valgusisaldus. sisu. Kui soovite kaalu langetamiseks kasutada valku, on see toidulisand teie jaoks.  &nbsp;  KUIDAS KASUTADA?  Sega 1 lusikas (25 g) pulbrit 150-300 ml vee v\u00f5i laktoosivaba piimaga. Joo toidukordade vahel. V\u00f5ite juua enne magamaminekut.  &nbsp;  LISAINFORMATSIOON  Portsjoni suurus: 1 kulp (25 g)  Portsjonid konteineri kohta: 40  Applied Nutrition. Diet Whey Protein 1kg. Erinevate maitsedega. Toidulisand proteiiniga. Koostisosade loetelu (allergiat v\u00f5i talumatust p\u00f5hjustav koostisosa v\u00f5i abiaine m\u00e4rgitud TR\u00dcKIT\u00c4HTEDES). Koostisosad: Banaani piimakokteil: VADAKUVALGU segu (PIIM) (94%) (VADAKUVALGU kontsentraat ja VADAKUVALGU isolaat), l\u00f5hna- ja maitseained, CLA pulber, atset\u00fc\u00fcl-L-karnitiin, rohelise tee ekstrakt, magusained (sukraloos, stevioolgl\u00fckosiidid), v\u00e4rvaine (kurkumiekstrakt). Maasika piimakokteil: VADAKUVALGU segu (PIIM) (94,3%) (VADAKUVALGU kontsentraat ja VADAKUVALGU isolaat), l\u00f5hna- ja maitseained, CLA pulber, atset\u00fc\u00fcl-L-karnitiin, rohelise tee ekstrakt, v\u00e4rvaine (peedipunane), magusained (sukraloos, stevioolgl\u00fckosiidid). \u0160okolaadi magustoit: VADAKUVALGU segu (PIIM) (89,9%) (VADAKUVALGU kontsentraat ja VADAKUVALGU isolaat), kakaopulber, l\u00f5hna- ja maitseained, CLA pulber, atset\u00fc\u00fcl-L-karnitiin, rohelise tee ekstrakt, magusained (sukraloos, stevioolgl\u00fckosiidid). Vanillij\u00e4\u00e4tis: VADAKUVALGU segu (PIIM) (95%) (VADAKUVALGU kontsentraat ja VADAKUVALGU isolaat), l\u00f5hna- ja maitseained, CLA pulber, atset\u00fc\u00fcl-L-karnitiin, rohelise tee ekstrakt, magusained (sukraloos, stevioolgl\u00fckosiidid). Sisaldus p\u00e4evase annuse kohta: 1 annus (25 grammi) sisaldab: energiav\u00e4\u00e4rtus 340 kJ \/ 82 kcal, rasvad 1,84 g, millest k\u00fcllastunud rasvhapped 0,48 g, s\u00fcsivesikud 0,98 g, millest suhkrud 0,95 g; valgud 20 g, naatrium 0,04 mg, sool 0,09 g, atset\u00fc\u00fcl-L-karnitiin 300 mg, rohelise tee ekstrakt 200 mg, CLA 100 mg, BCAA 4317 mg. Annustamine: Segage 1 lusikas (25 g) 150-300 ml k\u00fclma veega ja loksutage korralikult. Tarbige 3 portsjonit p\u00e4evas (hommikul, p\u00e4rastl\u00f5unal ja \u00f5htul). Hoiatused: Ainult t\u00e4iskasvanutele. Mitte kasutada toidulisandit mitmekesise toitumise asendajana! Oluline on toituda mitmek\u00fclgselt ja tasakaalustatult ning harrastada tervislikku elustiili! \u00c4rge \u00fcletage p\u00e4evaseks tarbimiseks soovitatavat kogust! Hoida lastele k\u00e4ttesaamatus kohas! S\u00e4ilitamistingimused: Hoida jahedas, kuivas kohas. Netokogus: 1000 grammi (40 portsjonit). Parim enne: vaata pakendilt.  T\u00c4HELEPANU  Konsulteerige spetsialistiga, kui olete alla 18-aastane, rase v\u00f5i hiljuti s\u00fcnnitanud v\u00f5i kui teil on allergiaid. Hoidke seda kuivas jahedas kohas lastele k\u00e4ttesaamatus kohas.  &nbsp;  SPORTLASTE POOLT TESTINUD  Seda toodet on testitud ja sertifitseeritud ning see on l\u00e4binud k\u00f5ik kvaliteedikontrollid, et tagada spordis kasutamisel k\u00f5rgeim t\u00f5husus ja ohutus.\" \/>\n<meta property=\"og:url\" content=\"https:\/\/powerfit.ee\/et\/toode\/diet-whey-1kg\/\" \/>\n<meta property=\"og:site_name\" content=\"POWERFIT \u041c\u0430\u0433\u0430\u0437\u0438\u043d \u0421\u043f\u043e\u0440\u0442\u0438\u0432\u043d\u043e\u0433\u043e \u041f\u0438\u0442\u0430\u043d\u0438\u044f\" \/>\n<meta property=\"article:publisher\" content=\"https:\/\/www.facebook.com\/powerfit.ee\/\" \/>\n<meta property=\"article:modified_time\" content=\"2024-03-01T12:01:13+00:00\" \/>\n<meta property=\"og:image\" content=\"https:\/\/powerfit.ee\/wp-content\/uploads\/2023\/05\/EUR-DietWhey1kgBag-VanillaIceCream_600x600.webp\" \/>\n\t<meta property=\"og:image:width\" content=\"600\" \/>\n\t<meta property=\"og:image:height\" content=\"600\" \/>\n\t<meta property=\"og:image:type\" content=\"image\/webp\" \/>\n<meta name=\"twitter:card\" content=\"summary_large_image\" \/>\n<script type=\"application\/ld+json\" class=\"yoast-schema-graph\">{\"@context\":\"https:\\\/\\\/schema.org\",\"@graph\":[{\"@type\":\"WebPage\",\"@id\":\"https:\\\/\\\/powerfit.ee\\\/et\\\/toode\\\/diet-whey-1kg\\\/\",\"url\":\"https:\\\/\\\/powerfit.ee\\\/et\\\/toode\\\/diet-whey-1kg\\\/\",\"name\":\"Dieedi valk 1 kg - POWERFIT \u041c\u0430\u0433\u0430\u0437\u0438\u043d \u0421\u043f\u043e\u0440\u0442\u0438\u0432\u043d\u043e\u0433\u043e \u041f\u0438\u0442\u0430\u043d\u0438\u044f\",\"isPartOf\":{\"@id\":\"https:\\\/\\\/powerfit.ee\\\/#website\"},\"primaryImageOfPage\":{\"@id\":\"https:\\\/\\\/powerfit.ee\\\/et\\\/toode\\\/diet-whey-1kg\\\/#primaryimage\"},\"image\":{\"@id\":\"https:\\\/\\\/powerfit.ee\\\/et\\\/toode\\\/diet-whey-1kg\\\/#primaryimage\"},\"thumbnailUrl\":\"https:\\\/\\\/powerfit.ee\\\/wp-content\\\/uploads\\\/2023\\\/05\\\/EUR-DietWhey1kgBag-VanillaIceCream_600x600.webp\",\"datePublished\":\"2023-05-09T12:56:28+00:00\",\"dateModified\":\"2024-03-01T12:01:13+00:00\",\"breadcrumb\":{\"@id\":\"https:\\\/\\\/powerfit.ee\\\/et\\\/toode\\\/diet-whey-1kg\\\/#breadcrumb\"},\"inLanguage\":\"et\",\"potentialAction\":[{\"@type\":\"ReadAction\",\"target\":[\"https:\\\/\\\/powerfit.ee\\\/et\\\/toode\\\/diet-whey-1kg\\\/\"]}]},{\"@type\":\"ImageObject\",\"inLanguage\":\"et\",\"@id\":\"https:\\\/\\\/powerfit.ee\\\/et\\\/toode\\\/diet-whey-1kg\\\/#primaryimage\",\"url\":\"https:\\\/\\\/powerfit.ee\\\/wp-content\\\/uploads\\\/2023\\\/05\\\/EUR-DietWhey1kgBag-VanillaIceCream_600x600.webp\",\"contentUrl\":\"https:\\\/\\\/powerfit.ee\\\/wp-content\\\/uploads\\\/2023\\\/05\\\/EUR-DietWhey1kgBag-VanillaIceCream_600x600.webp\",\"width\":600,\"height\":600},{\"@type\":\"BreadcrumbList\",\"@id\":\"https:\\\/\\\/powerfit.ee\\\/et\\\/toode\\\/diet-whey-1kg\\\/#breadcrumb\",\"itemListElement\":[{\"@type\":\"ListItem\",\"position\":1,\"name\":\"Home\",\"item\":\"https:\\\/\\\/powerfit.ee\\\/et\\\/\"},{\"@type\":\"ListItem\",\"position\":2,\"name\":\"\u0412\u0438\u0442\u0440\u0438\u043d\u0430\",\"item\":\"https:\\\/\\\/powerfit.ee\\\/shop\\\/\"},{\"@type\":\"ListItem\",\"position\":3,\"name\":\"Dieedi valk 1 kg\"}]},{\"@type\":\"WebSite\",\"@id\":\"https:\\\/\\\/powerfit.ee\\\/#website\",\"url\":\"https:\\\/\\\/powerfit.ee\\\/\",\"name\":\"POWERFIT\",\"description\":\"\u041c\u0430\u0433\u0430\u0437\u0438\u043d \u0441\u043f\u043e\u0440\u0442\u0438\u0432\u043d\u043e\u0433\u043e \u043f\u0438\u0442\u0430\u043d\u0438\u044f \u0432 \u042d\u0441\u0442\u043e\u043d\u0438\u0438.\",\"publisher\":{\"@id\":\"https:\\\/\\\/powerfit.ee\\\/#organization\"},\"potentialAction\":[{\"@type\":\"SearchAction\",\"target\":{\"@type\":\"EntryPoint\",\"urlTemplate\":\"https:\\\/\\\/powerfit.ee\\\/?s={search_term_string}\"},\"query-input\":{\"@type\":\"PropertyValueSpecification\",\"valueRequired\":true,\"valueName\":\"search_term_string\"}}],\"inLanguage\":\"et\"},{\"@type\":\"Organization\",\"@id\":\"https:\\\/\\\/powerfit.ee\\\/#organization\",\"name\":\"BESTBODY O\u00dc\",\"url\":\"https:\\\/\\\/powerfit.ee\\\/\",\"logo\":{\"@type\":\"ImageObject\",\"inLanguage\":\"et\",\"@id\":\"https:\\\/\\\/powerfit.ee\\\/#\\\/schema\\\/logo\\\/image\\\/\",\"url\":\"https:\\\/\\\/powerfit.ee\\\/wp-content\\\/uploads\\\/2021\\\/03\\\/\u0421\u043d\u0438\u043c\u043e\u043a-\u044d\u043a\u0440\u0430\u043d\u0430-2021-03-06-\u0432-15.13.50.png\",\"contentUrl\":\"https:\\\/\\\/powerfit.ee\\\/wp-content\\\/uploads\\\/2021\\\/03\\\/\u0421\u043d\u0438\u043c\u043e\u043a-\u044d\u043a\u0440\u0430\u043d\u0430-2021-03-06-\u0432-15.13.50.png\",\"width\":450,\"height\":188,\"caption\":\"BESTBODY O\u00dc\"},\"image\":{\"@id\":\"https:\\\/\\\/powerfit.ee\\\/#\\\/schema\\\/logo\\\/image\\\/\"},\"sameAs\":[\"https:\\\/\\\/www.facebook.com\\\/powerfit.ee\\\/\",\"https:\\\/\\\/www.instagram.com\\\/powerfit.ee\\\/\"]}]}<\/script>\n<!-- \/ Yoast SEO plugin. -->","yoast_head_json":{"title":"Dieedi valk 1 kg - POWERFIT \u041c\u0430\u0433\u0430\u0437\u0438\u043d \u0421\u043f\u043e\u0440\u0442\u0438\u0432\u043d\u043e\u0433\u043e \u041f\u0438\u0442\u0430\u043d\u0438\u044f","robots":{"index":"index","follow":"follow","max-snippet":"max-snippet:-1","max-image-preview":"max-image-preview:large","max-video-preview":"max-video-preview:-1"},"canonical":"https:\/\/powerfit.ee\/et\/toode\/diet-whey-1kg\/","og_locale":"et_EE","og_type":"article","og_title":"Dieedi valk 1 kg - POWERFIT \u041c\u0430\u0433\u0430\u0437\u0438\u043d \u0421\u043f\u043e\u0440\u0442\u0438\u0432\u043d\u043e\u0433\u043e \u041f\u0438\u0442\u0430\u043d\u0438\u044f","og_description":"T\u00c4IUSLIK KAALU KONTROLL 1 kg | 40 portsjonit  See toiduvalk on \u00fclekaalukalt k\u00f5ige arenenum kaaluj\u00e4lgimise toidulisand, mis \u00fchendab endas k\u00f5ik kaalulangust soodustavad p\u00f5hikomponendid: CLA, L-karnitiin, roheline tee, vadakuvalgu isolaat ja vadakuvalgu kontsentraat, mille tulemuseks on \u00e4\u00e4rmiselt madal s\u00fcsivesikute sisaldus ja k\u00f5rge valgusisaldus. sisu. Kui soovite kaalu langetamiseks kasutada valku, on see toidulisand teie jaoks.  &nbsp;  KUIDAS KASUTADA?  Sega 1 lusikas (25 g) pulbrit 150-300 ml vee v\u00f5i laktoosivaba piimaga. Joo toidukordade vahel. V\u00f5ite juua enne magamaminekut.  &nbsp;  LISAINFORMATSIOON  Portsjoni suurus: 1 kulp (25 g)  Portsjonid konteineri kohta: 40  Applied Nutrition. Diet Whey Protein 1kg. Erinevate maitsedega. Toidulisand proteiiniga. Koostisosade loetelu (allergiat v\u00f5i talumatust p\u00f5hjustav koostisosa v\u00f5i abiaine m\u00e4rgitud TR\u00dcKIT\u00c4HTEDES). Koostisosad: Banaani piimakokteil: VADAKUVALGU segu (PIIM) (94%) (VADAKUVALGU kontsentraat ja VADAKUVALGU isolaat), l\u00f5hna- ja maitseained, CLA pulber, atset\u00fc\u00fcl-L-karnitiin, rohelise tee ekstrakt, magusained (sukraloos, stevioolgl\u00fckosiidid), v\u00e4rvaine (kurkumiekstrakt). Maasika piimakokteil: VADAKUVALGU segu (PIIM) (94,3%) (VADAKUVALGU kontsentraat ja VADAKUVALGU isolaat), l\u00f5hna- ja maitseained, CLA pulber, atset\u00fc\u00fcl-L-karnitiin, rohelise tee ekstrakt, v\u00e4rvaine (peedipunane), magusained (sukraloos, stevioolgl\u00fckosiidid). \u0160okolaadi magustoit: VADAKUVALGU segu (PIIM) (89,9%) (VADAKUVALGU kontsentraat ja VADAKUVALGU isolaat), kakaopulber, l\u00f5hna- ja maitseained, CLA pulber, atset\u00fc\u00fcl-L-karnitiin, rohelise tee ekstrakt, magusained (sukraloos, stevioolgl\u00fckosiidid). Vanillij\u00e4\u00e4tis: VADAKUVALGU segu (PIIM) (95%) (VADAKUVALGU kontsentraat ja VADAKUVALGU isolaat), l\u00f5hna- ja maitseained, CLA pulber, atset\u00fc\u00fcl-L-karnitiin, rohelise tee ekstrakt, magusained (sukraloos, stevioolgl\u00fckosiidid). Sisaldus p\u00e4evase annuse kohta: 1 annus (25 grammi) sisaldab: energiav\u00e4\u00e4rtus 340 kJ \/ 82 kcal, rasvad 1,84 g, millest k\u00fcllastunud rasvhapped 0,48 g, s\u00fcsivesikud 0,98 g, millest suhkrud 0,95 g; valgud 20 g, naatrium 0,04 mg, sool 0,09 g, atset\u00fc\u00fcl-L-karnitiin 300 mg, rohelise tee ekstrakt 200 mg, CLA 100 mg, BCAA 4317 mg. Annustamine: Segage 1 lusikas (25 g) 150-300 ml k\u00fclma veega ja loksutage korralikult. Tarbige 3 portsjonit p\u00e4evas (hommikul, p\u00e4rastl\u00f5unal ja \u00f5htul). Hoiatused: Ainult t\u00e4iskasvanutele. Mitte kasutada toidulisandit mitmekesise toitumise asendajana! Oluline on toituda mitmek\u00fclgselt ja tasakaalustatult ning harrastada tervislikku elustiili! \u00c4rge \u00fcletage p\u00e4evaseks tarbimiseks soovitatavat kogust! Hoida lastele k\u00e4ttesaamatus kohas! S\u00e4ilitamistingimused: Hoida jahedas, kuivas kohas. Netokogus: 1000 grammi (40 portsjonit). Parim enne: vaata pakendilt.  T\u00c4HELEPANU  Konsulteerige spetsialistiga, kui olete alla 18-aastane, rase v\u00f5i hiljuti s\u00fcnnitanud v\u00f5i kui teil on allergiaid. Hoidke seda kuivas jahedas kohas lastele k\u00e4ttesaamatus kohas.  &nbsp;  SPORTLASTE POOLT TESTINUD  Seda toodet on testitud ja sertifitseeritud ning see on l\u00e4binud k\u00f5ik kvaliteedikontrollid, et tagada spordis kasutamisel k\u00f5rgeim t\u00f5husus ja ohutus.","og_url":"https:\/\/powerfit.ee\/et\/toode\/diet-whey-1kg\/","og_site_name":"POWERFIT \u041c\u0430\u0433\u0430\u0437\u0438\u043d \u0421\u043f\u043e\u0440\u0442\u0438\u0432\u043d\u043e\u0433\u043e \u041f\u0438\u0442\u0430\u043d\u0438\u044f","article_publisher":"https:\/\/www.facebook.com\/powerfit.ee\/","article_modified_time":"2024-03-01T12:01:13+00:00","og_image":[{"width":600,"height":600,"url":"https:\/\/powerfit.ee\/wp-content\/uploads\/2023\/05\/EUR-DietWhey1kgBag-VanillaIceCream_600x600.webp","type":"image\/webp"}],"twitter_card":"summary_large_image","schema":{"@context":"https:\/\/schema.org","@graph":[{"@type":"WebPage","@id":"https:\/\/powerfit.ee\/et\/toode\/diet-whey-1kg\/","url":"https:\/\/powerfit.ee\/et\/toode\/diet-whey-1kg\/","name":"Dieedi valk 1 kg - POWERFIT \u041c\u0430\u0433\u0430\u0437\u0438\u043d \u0421\u043f\u043e\u0440\u0442\u0438\u0432\u043d\u043e\u0433\u043e \u041f\u0438\u0442\u0430\u043d\u0438\u044f","isPartOf":{"@id":"https:\/\/powerfit.ee\/#website"},"primaryImageOfPage":{"@id":"https:\/\/powerfit.ee\/et\/toode\/diet-whey-1kg\/#primaryimage"},"image":{"@id":"https:\/\/powerfit.ee\/et\/toode\/diet-whey-1kg\/#primaryimage"},"thumbnailUrl":"https:\/\/powerfit.ee\/wp-content\/uploads\/2023\/05\/EUR-DietWhey1kgBag-VanillaIceCream_600x600.webp","datePublished":"2023-05-09T12:56:28+00:00","dateModified":"2024-03-01T12:01:13+00:00","breadcrumb":{"@id":"https:\/\/powerfit.ee\/et\/toode\/diet-whey-1kg\/#breadcrumb"},"inLanguage":"et","potentialAction":[{"@type":"ReadAction","target":["https:\/\/powerfit.ee\/et\/toode\/diet-whey-1kg\/"]}]},{"@type":"ImageObject","inLanguage":"et","@id":"https:\/\/powerfit.ee\/et\/toode\/diet-whey-1kg\/#primaryimage","url":"https:\/\/powerfit.ee\/wp-content\/uploads\/2023\/05\/EUR-DietWhey1kgBag-VanillaIceCream_600x600.webp","contentUrl":"https:\/\/powerfit.ee\/wp-content\/uploads\/2023\/05\/EUR-DietWhey1kgBag-VanillaIceCream_600x600.webp","width":600,"height":600},{"@type":"BreadcrumbList","@id":"https:\/\/powerfit.ee\/et\/toode\/diet-whey-1kg\/#breadcrumb","itemListElement":[{"@type":"ListItem","position":1,"name":"Home","item":"https:\/\/powerfit.ee\/et\/"},{"@type":"ListItem","position":2,"name":"\u0412\u0438\u0442\u0440\u0438\u043d\u0430","item":"https:\/\/powerfit.ee\/shop\/"},{"@type":"ListItem","position":3,"name":"Dieedi valk 1 kg"}]},{"@type":"WebSite","@id":"https:\/\/powerfit.ee\/#website","url":"https:\/\/powerfit.ee\/","name":"POWERFIT","description":"\u041c\u0430\u0433\u0430\u0437\u0438\u043d \u0441\u043f\u043e\u0440\u0442\u0438\u0432\u043d\u043e\u0433\u043e \u043f\u0438\u0442\u0430\u043d\u0438\u044f \u0432 \u042d\u0441\u0442\u043e\u043d\u0438\u0438.","publisher":{"@id":"https:\/\/powerfit.ee\/#organization"},"potentialAction":[{"@type":"SearchAction","target":{"@type":"EntryPoint","urlTemplate":"https:\/\/powerfit.ee\/?s={search_term_string}"},"query-input":{"@type":"PropertyValueSpecification","valueRequired":true,"valueName":"search_term_string"}}],"inLanguage":"et"},{"@type":"Organization","@id":"https:\/\/powerfit.ee\/#organization","name":"BESTBODY O\u00dc","url":"https:\/\/powerfit.ee\/","logo":{"@type":"ImageObject","inLanguage":"et","@id":"https:\/\/powerfit.ee\/#\/schema\/logo\/image\/","url":"https:\/\/powerfit.ee\/wp-content\/uploads\/2021\/03\/\u0421\u043d\u0438\u043c\u043e\u043a-\u044d\u043a\u0440\u0430\u043d\u0430-2021-03-06-\u0432-15.13.50.png","contentUrl":"https:\/\/powerfit.ee\/wp-content\/uploads\/2021\/03\/\u0421\u043d\u0438\u043c\u043e\u043a-\u044d\u043a\u0440\u0430\u043d\u0430-2021-03-06-\u0432-15.13.50.png","width":450,"height":188,"caption":"BESTBODY O\u00dc"},"image":{"@id":"https:\/\/powerfit.ee\/#\/schema\/logo\/image\/"},"sameAs":["https:\/\/www.facebook.com\/powerfit.ee\/","https:\/\/www.instagram.com\/powerfit.ee\/"]}]}},"_links":{"self":[{"href":"https:\/\/powerfit.ee\/et\/wp-json\/wp\/v2\/product\/4392","targetHints":{"allow":["GET"]}}],"collection":[{"href":"https:\/\/powerfit.ee\/et\/wp-json\/wp\/v2\/product"}],"about":[{"href":"https:\/\/powerfit.ee\/et\/wp-json\/wp\/v2\/types\/product"}],"wp:featuredmedia":[{"embeddable":true,"href":"https:\/\/powerfit.ee\/et\/wp-json\/wp\/v2\/media\/4400"}],"wp:attachment":[{"href":"https:\/\/powerfit.ee\/et\/wp-json\/wp\/v2\/media?parent=4392"}],"wp:term":[{"taxonomy":"product_brand","embeddable":true,"href":"https:\/\/powerfit.ee\/et\/wp-json\/wp\/v2\/product_brand?post=4392"},{"taxonomy":"product_cat","embeddable":true,"href":"https:\/\/powerfit.ee\/et\/wp-json\/wp\/v2\/product_cat?post=4392"},{"taxonomy":"product_tag","embeddable":true,"href":"https:\/\/powerfit.ee\/et\/wp-json\/wp\/v2\/product_tag?post=4392"}],"curies":[{"name":"wp","href":"https:\/\/api.w.org\/{rel}","templated":true}]}}